{"id":4394,"date":"2017-07-19T13:28:13","date_gmt":"2017-07-19T12:28:13","guid":{"rendered":"http:\/\/new.purejewels.com\/product\/peridot-and-ruby-ring-2\/"},"modified":"2025-11-18T05:42:22","modified_gmt":"2025-11-18T05:42:22","slug":"peridot-ve-yakut-yuzuk-2","status":"publish","type":"product","link":"https:\/\/www.purejewels.com\/tr\/product\/peridot-and-ruby-ring-2\/","title":{"rendered":"18 Ayar Alt\u0131n Peridot Yakut Kubbe Y\u00fcz\u00fck"},"content":{"rendered":"<p data-start=\"39\" data-end=\"322\">Bu \u00e7arp\u0131c\u0131 kubbe y\u00fcz\u00fck, canl\u0131 bir ovalin ortas\u0131nda yer al\u0131r. <a href=\"https:\/\/www.purejewels.com\/tr\/peridot\/\">peridot<\/a>, parma\u011f\u0131n \u00fczerinde cesur, heykelsi bir siluet olu\u015fturarak k\u0131vr\u0131lan zengin k\u0131rm\u0131z\u0131 yakutlardan olu\u015fan bir pav\u00e9 ile \u00e7er\u00e7evelenmi\u015ftir. Karma\u015f\u0131k boncuklu ayar, par\u00e7aya bir hazine gibi bir kalite katarak, canl\u0131 ve modern bir paletle antika m\u00fccevherleri yans\u0131tmaktad\u0131r.<\/p>\n<p data-start=\"324\" data-end=\"582\" data-is-last-node=\"\" data-is-only-node=\"\">Cilal\u0131 olarak \u00fcretilmi\u015ftir <a href=\"https:\/\/www.purejewels.com\/tr\/product\/18ct-white-gold-khanda-sikh-religious-pendant-6226\/\">18ct<\/a> Alt\u0131n, s\u0131cak metali peridotun taze ye\u015fil rengini ve \u00e7evresindeki yakutlar\u0131n derinli\u011fini vurgular. Basit k\u0131yafetleri renk, karakter ve zenginlik dokunu\u015fuyla zenginle\u015ftirmek i\u00e7in onu dikkat \u00e7ekici bir kokteyl y\u00fcz\u00fc\u011f\u00fc veya imza par\u00e7as\u0131 olarak tak\u0131n.<\/p>","protected":false},"excerpt":{"rendered":"<ul>\n<li>G\u00fcm\u00fc\u015f ve 18 Ayar Pembe Alt\u0131n Y\u00fcz\u00fck<\/li>\n<li>Peridot ve Yakut ile<\/li>\n<li>London Assay Office taraf\u0131ndan damgalanm\u0131\u015ft\u0131r<\/li>\n<li>Sunum Kutusu ile Birlikte Gelir<\/li>\n<li>Teslimat Dahil<\/li>\n<li>T\u00fcm fiyatlara KDV dahildir<\/li>\n<li>Stok durumu ve stokta bulunan benzer tasar\u0131mlar\u0131n daha fazla g\u00f6r\u00fcnt\u00fcs\u00fc i\u00e7in bizimle canl\u0131 sohbet edin<\/li>\n<\/ul>","protected":false},"featured_media":4395,"comment_status":"closed","ping_status":"closed","template":"","meta":{"_eb_attr":"","_crsspst_to_jayantr4sg-hostcom":false},"product_brand":[],"product_cat":[1783,1574],"product_tag":[],"class_list":{"0":"post-4394","1":"product","2":"type-product","3":"status-publish","4":"has-post-thumbnail","6":"product_cat-ladies-rings","7":"product_cat-womens-jewellery","9":"first","10":"outofstock","11":"taxable","12":"shipping-taxable","13":"product-type-simple","14":"add-to-wishlist-before_image"},"yoast_head":"<!-- This site is optimized with the Yoast SEO plugin v27.3 - https:\/\/yoast.com\/product\/yoast-seo-wordpress\/ -->\n<title>Peridot Ruby Dome Ring in 18ct Gold | PureJewels<\/title>\n<meta name=\"description\" content=\"Peridot ruby dome ring in 18ct gold with a beaded, gem-set surface inspired by antique treasure \u2013 a bold, collectible statement piece for special occasions.\" \/>\n<meta name=\"robots\" content=\"index, follow, max-snippet:-1, max-image-preview:large, max-video-preview:-1\" \/>\n<link rel=\"canonical\" href=\"https:\/\/www.purejewels.com\/tr\/urun\/peridot-ve-yakut-yuzuk-2\/\" \/>\n<meta property=\"og:locale\" content=\"tr_TR\" \/>\n<meta property=\"og:type\" content=\"article\" \/>\n<meta property=\"og:title\" content=\"Peridot Ruby Dome Ring in 18ct Gold | PureJewels\" \/>\n<meta property=\"og:description\" content=\"Peridot ruby dome ring in 18ct gold with a beaded, gem-set surface inspired by antique treasure \u2013 a bold, collectible statement piece for special occasions.\" \/>\n<meta property=\"og:url\" content=\"https:\/\/www.purejewels.com\/tr\/urun\/peridot-ve-yakut-yuzuk-2\/\" \/>\n<meta property=\"og:site_name\" content=\"PureJewels UK\" \/>\n<meta property=\"article:modified_time\" content=\"2025-11-18T05:42:22+00:00\" \/>\n<meta property=\"og:image\" content=\"https:\/\/www.purejewels.com\/wp-content\/uploads\/2017\/07\/ring_24869_a_960px.jpg\" \/>\n\t<meta property=\"og:image:width\" content=\"960\" \/>\n\t<meta property=\"og:image:height\" content=\"960\" \/>\n\t<meta property=\"og:image:type\" content=\"image\/jpeg\" \/>\n<meta name=\"twitter:card\" content=\"summary_large_image\" \/>\n<meta name=\"twitter:label1\" content=\"Tahmini okuma s\u00fcresi\" \/>\n\t<meta name=\"twitter:data1\" content=\"1 dakika\" \/>\n<script type=\"application\/ld+json\" class=\"yoast-schema-graph\">{\"@context\":\"https:\\\/\\\/schema.org\",\"@graph\":[{\"@type\":[\"WebPage\",\"ItemPage\"],\"@id\":\"https:\\\/\\\/www.purejewels.com\\\/product\\\/peridot-and-ruby-ring-2\\\/\",\"url\":\"https:\\\/\\\/www.purejewels.com\\\/product\\\/peridot-and-ruby-ring-2\\\/\",\"name\":\"Peridot Ruby Dome Ring in 18ct Gold | PureJewels\",\"isPartOf\":{\"@id\":\"https:\\\/\\\/www.purejewels.com\\\/#website\"},\"primaryImageOfPage\":{\"@id\":\"https:\\\/\\\/www.purejewels.com\\\/product\\\/peridot-and-ruby-ring-2\\\/#primaryimage\"},\"image\":{\"@id\":\"https:\\\/\\\/www.purejewels.com\\\/product\\\/peridot-and-ruby-ring-2\\\/#primaryimage\"},\"thumbnailUrl\":\"https:\\\/\\\/static.purejewels.com\\\/wp-content\\\/uploads\\\/2017\\\/07\\\/ring_24869_a_960px.jpg\",\"datePublished\":\"2017-07-19T12:28:13+00:00\",\"dateModified\":\"2025-11-18T05:42:22+00:00\",\"description\":\"Peridot ruby dome ring in 18ct gold with a beaded, gem-set surface inspired by antique treasure \u2013 a bold, collectible statement piece for special occasions.\",\"breadcrumb\":{\"@id\":\"https:\\\/\\\/www.purejewels.com\\\/product\\\/peridot-and-ruby-ring-2\\\/#breadcrumb\"},\"inLanguage\":\"tr\",\"potentialAction\":[{\"@type\":\"ReadAction\",\"target\":[\"https:\\\/\\\/www.purejewels.com\\\/product\\\/peridot-and-ruby-ring-2\\\/\"]}]},{\"@type\":\"ImageObject\",\"inLanguage\":\"tr\",\"@id\":\"https:\\\/\\\/www.purejewels.com\\\/product\\\/peridot-and-ruby-ring-2\\\/#primaryimage\",\"url\":\"https:\\\/\\\/static.purejewels.com\\\/wp-content\\\/uploads\\\/2017\\\/07\\\/ring_24869_a_960px.jpg\",\"contentUrl\":\"https:\\\/\\\/static.purejewels.com\\\/wp-content\\\/uploads\\\/2017\\\/07\\\/ring_24869_a_960px.jpg\",\"width\":960,\"height\":960,\"caption\":\"ring_24869_a_960px.jpg\"},{\"@type\":\"BreadcrumbList\",\"@id\":\"https:\\\/\\\/www.purejewels.com\\\/product\\\/peridot-and-ruby-ring-2\\\/#breadcrumb\",\"itemListElement\":[{\"@type\":\"ListItem\",\"position\":1,\"name\":\"Home\",\"item\":\"https:\\\/\\\/www.purejewels.com\\\/\"},{\"@type\":\"ListItem\",\"position\":2,\"name\":\"Shop\",\"item\":\"https:\\\/\\\/www.purejewels.com\\\/shop\\\/\"},{\"@type\":\"ListItem\",\"position\":3,\"name\":\"Peridot Ruby Dome Ring in 18ct Gold\"}]},{\"@type\":\"WebSite\",\"@id\":\"https:\\\/\\\/www.purejewels.com\\\/#website\",\"url\":\"https:\\\/\\\/www.purejewels.com\\\/\",\"name\":\"PureJewels UK\",\"description\":\"Share the Love\",\"publisher\":{\"@id\":\"https:\\\/\\\/www.purejewels.com\\\/#organization\"},\"potentialAction\":[{\"@type\":\"SearchAction\",\"target\":{\"@type\":\"EntryPoint\",\"urlTemplate\":\"https:\\\/\\\/www.purejewels.com\\\/?s={search_term_string}\"},\"query-input\":{\"@type\":\"PropertyValueSpecification\",\"valueRequired\":true,\"valueName\":\"search_term_string\"}}],\"inLanguage\":\"tr\"},{\"@type\":\"Organization\",\"@id\":\"https:\\\/\\\/www.purejewels.com\\\/#organization\",\"name\":\"PureJewels UK\",\"url\":\"https:\\\/\\\/www.purejewels.com\\\/\",\"logo\":{\"@type\":\"ImageObject\",\"inLanguage\":\"tr\",\"@id\":\"https:\\\/\\\/www.purejewels.com\\\/#\\\/schema\\\/logo\\\/image\\\/\",\"url\":\"https:\\\/\\\/static.purejewels.com\\\/wp-content\\\/uploads\\\/2020\\\/11\\\/Logo-PJ-New-1.png\",\"contentUrl\":\"https:\\\/\\\/static.purejewels.com\\\/wp-content\\\/uploads\\\/2020\\\/11\\\/Logo-PJ-New-1.png\",\"width\":150,\"height\":80,\"caption\":\"PureJewels UK\"},\"image\":{\"@id\":\"https:\\\/\\\/www.purejewels.com\\\/#\\\/schema\\\/logo\\\/image\\\/\"}}]}<\/script>\n<!-- \/ Yoast SEO plugin. -->","yoast_head_json":{"title":"18 ayar alt\u0131n peridot yakut kubbe y\u00fcz\u00fck | PureJewels","description":"Antik hazinelerden esinlenerek tasarlanm\u0131\u015f, boncuklu ve m\u00fccevherlerle s\u00fcslenmi\u015f y\u00fczeye sahip 18 ayar alt\u0131n peridot yakut kubbe y\u00fcz\u00fck \u2013 \u00f6zel g\u00fcnler i\u00e7in cesur ve koleksiyon de\u011feri olan bir par\u00e7a.","robots":{"index":"index","follow":"follow","max-snippet":"max-snippet:-1","max-image-preview":"max-image-preview:large","max-video-preview":"max-video-preview:-1"},"canonical":"https:\/\/www.purejewels.com\/tr\/urun\/peridot-ve-yakut-yuzuk-2\/","og_locale":"tr_TR","og_type":"article","og_title":"Peridot Ruby Dome Ring in 18ct Gold | PureJewels","og_description":"Peridot ruby dome ring in 18ct gold with a beaded, gem-set surface inspired by antique treasure \u2013 a bold, collectible statement piece for special occasions.","og_url":"https:\/\/www.purejewels.com\/tr\/urun\/peridot-ve-yakut-yuzuk-2\/","og_site_name":"PureJewels UK","article_modified_time":"2025-11-18T05:42:22+00:00","og_image":[{"width":960,"height":960,"url":"https:\/\/www.purejewels.com\/wp-content\/uploads\/2017\/07\/ring_24869_a_960px.jpg","type":"image\/jpeg"}],"twitter_card":"summary_large_image","twitter_misc":{"Tahmini okuma s\u00fcresi":"1 dakika"},"schema":{"@context":"https:\/\/schema.org","@graph":[{"@type":["WebPage","ItemPage"],"@id":"https:\/\/www.purejewels.com\/product\/peridot-and-ruby-ring-2\/","url":"https:\/\/www.purejewels.com\/product\/peridot-and-ruby-ring-2\/","name":"18 ayar alt\u0131n peridot yakut kubbe y\u00fcz\u00fck | PureJewels","isPartOf":{"@id":"https:\/\/www.purejewels.com\/#website"},"primaryImageOfPage":{"@id":"https:\/\/www.purejewels.com\/product\/peridot-and-ruby-ring-2\/#primaryimage"},"image":{"@id":"https:\/\/www.purejewels.com\/product\/peridot-and-ruby-ring-2\/#primaryimage"},"thumbnailUrl":"https:\/\/static.purejewels.com\/wp-content\/uploads\/2017\/07\/ring_24869_a_960px.jpg","datePublished":"2017-07-19T12:28:13+00:00","dateModified":"2025-11-18T05:42:22+00:00","description":"Antik hazinelerden esinlenerek tasarlanm\u0131\u015f, boncuklu ve m\u00fccevherlerle s\u00fcslenmi\u015f y\u00fczeye sahip 18 ayar alt\u0131n peridot yakut kubbe y\u00fcz\u00fck \u2013 \u00f6zel g\u00fcnler i\u00e7in cesur ve koleksiyon de\u011feri olan bir par\u00e7a.","breadcrumb":{"@id":"https:\/\/www.purejewels.com\/product\/peridot-and-ruby-ring-2\/#breadcrumb"},"inLanguage":"tr","potentialAction":[{"@type":"ReadAction","target":["https:\/\/www.purejewels.com\/product\/peridot-and-ruby-ring-2\/"]}]},{"@type":"ImageObject","inLanguage":"tr","@id":"https:\/\/www.purejewels.com\/product\/peridot-and-ruby-ring-2\/#primaryimage","url":"https:\/\/static.purejewels.com\/wp-content\/uploads\/2017\/07\/ring_24869_a_960px.jpg","contentUrl":"https:\/\/static.purejewels.com\/wp-content\/uploads\/2017\/07\/ring_24869_a_960px.jpg","width":960,"height":960,"caption":"ring_24869_a_960px.jpg"},{"@type":"BreadcrumbList","@id":"https:\/\/www.purejewels.com\/product\/peridot-and-ruby-ring-2\/#breadcrumb","itemListElement":[{"@type":"ListItem","position":1,"name":"Home","item":"https:\/\/www.purejewels.com\/"},{"@type":"ListItem","position":2,"name":"Shop","item":"https:\/\/www.purejewels.com\/shop\/"},{"@type":"ListItem","position":3,"name":"Peridot Ruby Dome Ring in 18ct Gold"}]},{"@type":"WebSite","@id":"https:\/\/www.purejewels.com\/#website","url":"https:\/\/www.purejewels.com\/","name":"PureJewels \u0130ngiltere","description":"Sevgiyi Payla\u015f\u0131n","publisher":{"@id":"https:\/\/www.purejewels.com\/#organization"},"potentialAction":[{"@type":"SearchAction","target":{"@type":"EntryPoint","urlTemplate":"https:\/\/www.purejewels.com\/?s={search_term_string}"},"query-input":{"@type":"PropertyValueSpecification","valueRequired":true,"valueName":"search_term_string"}}],"inLanguage":"tr"},{"@type":"Organization","@id":"https:\/\/www.purejewels.com\/#organization","name":"PureJewels \u0130ngiltere","url":"https:\/\/www.purejewels.com\/","logo":{"@type":"ImageObject","inLanguage":"tr","@id":"https:\/\/www.purejewels.com\/#\/schema\/logo\/image\/","url":"https:\/\/static.purejewels.com\/wp-content\/uploads\/2020\/11\/Logo-PJ-New-1.png","contentUrl":"https:\/\/static.purejewels.com\/wp-content\/uploads\/2020\/11\/Logo-PJ-New-1.png","width":150,"height":80,"caption":"PureJewels UK"},"image":{"@id":"https:\/\/www.purejewels.com\/#\/schema\/logo\/image\/"}}]}},"_links":{"self":[{"href":"https:\/\/www.purejewels.com\/tr\/wp-json\/wp\/v2\/product\/4394","targetHints":{"allow":["GET"]}}],"collection":[{"href":"https:\/\/www.purejewels.com\/tr\/wp-json\/wp\/v2\/product"}],"about":[{"href":"https:\/\/www.purejewels.com\/tr\/wp-json\/wp\/v2\/types\/product"}],"replies":[{"embeddable":true,"href":"https:\/\/www.purejewels.com\/tr\/wp-json\/wp\/v2\/comments?post=4394"}],"version-history":[{"count":3,"href":"https:\/\/www.purejewels.com\/tr\/wp-json\/wp\/v2\/product\/4394\/revisions"}],"predecessor-version":[{"id":421222,"href":"https:\/\/www.purejewels.com\/tr\/wp-json\/wp\/v2\/product\/4394\/revisions\/421222"}],"wp:featuredmedia":[{"embeddable":true,"href":"https:\/\/www.purejewels.com\/tr\/wp-json\/wp\/v2\/media\/4395"}],"wp:attachment":[{"href":"https:\/\/www.purejewels.com\/tr\/wp-json\/wp\/v2\/media?parent=4394"}],"wp:term":[{"taxonomy":"product_brand","embeddable":true,"href":"https:\/\/www.purejewels.com\/tr\/wp-json\/wp\/v2\/product_brand?post=4394"},{"taxonomy":"product_cat","embeddable":true,"href":"https:\/\/www.purejewels.com\/tr\/wp-json\/wp\/v2\/product_cat?post=4394"},{"taxonomy":"product_tag","embeddable":true,"href":"https:\/\/www.purejewels.com\/tr\/wp-json\/wp\/v2\/product_tag?post=4394"}],"curies":[{"name":"wp","href":"https:\/\/api.w.org\/{rel}","templated":true}]}}