{"id":4416,"date":"2017-07-19T13:28:29","date_gmt":"2017-07-19T12:28:29","guid":{"rendered":"http:\/\/new.purejewels.com\/product\/22ct-gold-earrings-22\/"},"modified":"2026-01-06T06:58:12","modified_gmt":"2026-01-06T06:58:12","slug":"22-ayar-altin-kupe-22","status":"publish","type":"product","link":"https:\/\/www.purejewels.com\/tr\/product\/22ct-gold-earrings-22\/","title":{"rendered":"22 ayar alt\u0131n k\u00fcpeler, yakut, turmalin ve emaye detayl\u0131"},"content":{"rendered":"<p><strong>Tasar\u0131m:<\/strong><br \/>\nRenk ve formun \u015faheseri olan bu k\u00fcpeler, asil bir damla \u015feklini sergiliyor. <a href=\"https:\/\/www.purejewels.com\/tr\/rendezvous-with-rubies\/\">YAKUT<\/a> merkezinde, parlak turmalin boncuklar ve geleneksel emaye detaylarla tamamlanm\u0131\u015ft\u0131r. \u00c7i\u00e7eklerden ilham alan yap\u0131s\u0131, geleneksel cazibesini art\u0131rarak d\u00fc\u011f\u00fcnler ve b\u00fcy\u00fck kutlamalar i\u00e7in ideal hale getirir.<\/p>\n<p><strong>\u0130\u015f\u00e7ilik:<\/strong><br \/>\n22 ayar sar\u0131 alt\u0131ndan ustal\u0131kla el i\u015f\u00e7ili\u011fi ile \u00fcretilen bu m\u00fccevher, hassas ta\u015f yerle\u015ftirme i\u015fleminden s\u00fcsl\u00fc emaye i\u015f\u00e7ili\u011fine kadar her ayr\u0131nt\u0131s\u0131nda karma\u015f\u0131k bir sanat\u00e7\u0131l\u0131\u011f\u0131 yans\u0131t\u0131yor. \u00c7a\u011fda\u015f bir dokunu\u015fla zamans\u0131z Hint miras\u0131n\u0131n ger\u00e7ek bir temsilcisi.<\/p>\n<p><strong>Stil:<\/strong><br \/>\nZarif ve etkileyici olan bu k\u00fcpeler, cesur bir aksesuard\u0131r. Sari veya lehenga gibi geleneksel k\u0131yafetlerle kombinleyerek, kraliyet rengi ve zanaatkar cazibesiyle g\u00f6r\u00fcn\u00fcm\u00fcn\u00fcz\u00fc bir \u00fcst seviyeye ta\u015f\u0131y\u0131n.<\/p>\n<p>&nbsp;<\/p>","protected":false},"excerpt":{"rendered":"<p>Canl\u0131 ve asil bir g\u00f6r\u00fcn\u00fcm sunan bu 22 ayar alt\u0131n k\u00fcpeler, ayr\u0131nt\u0131l\u0131 emaye i\u015f\u00e7ili\u011fi ile zengin bir yakut ve turmalin ta\u015f kombinasyonuna sahiptir \u2014 bayram ve d\u00fc\u011f\u00fcn k\u0131yafetleri i\u00e7in m\u00fckemmeldir.<\/p>\n<ul>\n<li>22 ayar alt\u0131n k\u00fcpe, yakut ta\u015f\u0131, turmalin ta\u015f\u0131 ve emaye i\u015f\u00e7ili\u011fi<\/li>\n<li>A\u011f\u0131rl\u0131k 13.6 g<\/li>\n<li>SKU. 12017<\/li>\n<li>London Assay Office taraf\u0131ndan damgalanm\u0131\u015ft\u0131r<\/li>\n<li>Sunum Kutusu ile Birlikte Gelir<\/li>\n<li>Teslimat Dahil<\/li>\n<li>T\u00fcm fiyatlara KDV dahildir<\/li>\n<li>Stok durumu ve stokta bulunan benzer tasar\u0131mlar\u0131n daha fazla g\u00f6r\u00fcnt\u00fcs\u00fc i\u00e7in bizimle canl\u0131 sohbet edin<\/li>\n<\/ul>","protected":false},"featured_media":4417,"comment_status":"closed","ping_status":"closed","template":"","meta":{"_eb_attr":"","_crsspst_to_jayantr4sg-hostcom":false},"product_brand":[],"product_cat":[1685,1229,1574],"product_tag":[],"class_list":{"0":"post-4416","1":"product","2":"type-product","3":"status-publish","4":"has-post-thumbnail","6":"product_cat-drop-earrings","7":"product_cat-22ct-gold-jewellery","8":"product_cat-womens-jewellery","10":"first","11":"outofstock","12":"taxable","13":"shipping-taxable","14":"product-type-simple","15":"add-to-wishlist-before_image"},"yoast_head":"<!-- This site is optimized with the Yoast SEO plugin v27.3 - https:\/\/yoast.com\/product\/yoast-seo-wordpress\/ -->\n<title>22ct Gold Ruby &amp; Tourmaline Earrings with Enamel Finish in UK<\/title>\n<meta name=\"description\" content=\"Adorn elegance with PureJewels 22ct gold earrings featuring ruby, tourmaline stones, and intricate enamel artistry \u2014 a vibrant heritage look.\" \/>\n<meta name=\"robots\" content=\"index, follow, max-snippet:-1, max-image-preview:large, max-video-preview:-1\" \/>\n<link rel=\"canonical\" href=\"https:\/\/www.purejewels.com\/tr\/urun\/22-ayar-altin-kupe-22\/\" \/>\n<meta property=\"og:locale\" content=\"tr_TR\" \/>\n<meta property=\"og:type\" content=\"article\" \/>\n<meta property=\"og:title\" content=\"22ct Gold Ruby &amp; Tourmaline Earrings with Enamel Finish in UK\" \/>\n<meta property=\"og:description\" content=\"Adorn elegance with PureJewels 22ct gold earrings featuring ruby, tourmaline stones, and intricate enamel artistry \u2014 a vibrant heritage look.\" \/>\n<meta property=\"og:url\" content=\"https:\/\/www.purejewels.com\/tr\/urun\/22-ayar-altin-kupe-22\/\" \/>\n<meta property=\"og:site_name\" content=\"PureJewels UK\" \/>\n<meta property=\"article:modified_time\" content=\"2026-01-06T06:58:12+00:00\" \/>\n<meta property=\"og:image\" content=\"https:\/\/static.purejewels.com\/wp-content\/uploads\/2017\/07\/earrings_12017_960px.jpg\" \/>\n\t<meta property=\"og:image:width\" content=\"960\" \/>\n\t<meta property=\"og:image:height\" content=\"960\" \/>\n\t<meta property=\"og:image:type\" content=\"image\/jpeg\" \/>\n<meta name=\"twitter:card\" content=\"summary_large_image\" \/>\n<meta name=\"twitter:label1\" content=\"Tahmini okuma s\u00fcresi\" \/>\n\t<meta name=\"twitter:data1\" content=\"1 dakika\" \/>\n<script type=\"application\/ld+json\" class=\"yoast-schema-graph\">{\"@context\":\"https:\\\/\\\/schema.org\",\"@graph\":[{\"@type\":[\"WebPage\",\"ItemPage\"],\"@id\":\"https:\\\/\\\/www.purejewels.com\\\/product\\\/22ct-gold-earrings-22\\\/\",\"url\":\"https:\\\/\\\/www.purejewels.com\\\/product\\\/22ct-gold-earrings-22\\\/\",\"name\":\"22ct Gold Ruby & Tourmaline Earrings with Enamel Finish in UK\",\"isPartOf\":{\"@id\":\"https:\\\/\\\/www.purejewels.com\\\/#website\"},\"primaryImageOfPage\":{\"@id\":\"https:\\\/\\\/www.purejewels.com\\\/product\\\/22ct-gold-earrings-22\\\/#primaryimage\"},\"image\":{\"@id\":\"https:\\\/\\\/www.purejewels.com\\\/product\\\/22ct-gold-earrings-22\\\/#primaryimage\"},\"thumbnailUrl\":\"https:\\\/\\\/static.purejewels.com\\\/wp-content\\\/uploads\\\/2017\\\/07\\\/earrings_12017_960px.jpg\",\"datePublished\":\"2017-07-19T12:28:29+00:00\",\"dateModified\":\"2026-01-06T06:58:12+00:00\",\"description\":\"Adorn elegance with PureJewels 22ct gold earrings featuring ruby, tourmaline stones, and intricate enamel artistry \u2014 a vibrant heritage look.\",\"breadcrumb\":{\"@id\":\"https:\\\/\\\/www.purejewels.com\\\/product\\\/22ct-gold-earrings-22\\\/#breadcrumb\"},\"inLanguage\":\"tr\",\"potentialAction\":[{\"@type\":\"ReadAction\",\"target\":[\"https:\\\/\\\/www.purejewels.com\\\/product\\\/22ct-gold-earrings-22\\\/\"]}]},{\"@type\":\"ImageObject\",\"inLanguage\":\"tr\",\"@id\":\"https:\\\/\\\/www.purejewels.com\\\/product\\\/22ct-gold-earrings-22\\\/#primaryimage\",\"url\":\"https:\\\/\\\/static.purejewels.com\\\/wp-content\\\/uploads\\\/2017\\\/07\\\/earrings_12017_960px.jpg\",\"contentUrl\":\"https:\\\/\\\/static.purejewels.com\\\/wp-content\\\/uploads\\\/2017\\\/07\\\/earrings_12017_960px.jpg\",\"width\":960,\"height\":960,\"caption\":\"earrings_12017_960px.jpg\"},{\"@type\":\"BreadcrumbList\",\"@id\":\"https:\\\/\\\/www.purejewels.com\\\/product\\\/22ct-gold-earrings-22\\\/#breadcrumb\",\"itemListElement\":[{\"@type\":\"ListItem\",\"position\":1,\"name\":\"Home\",\"item\":\"https:\\\/\\\/www.purejewels.com\\\/\"},{\"@type\":\"ListItem\",\"position\":2,\"name\":\"Shop\",\"item\":\"https:\\\/\\\/www.purejewels.com\\\/shop\\\/\"},{\"@type\":\"ListItem\",\"position\":3,\"name\":\"22ct Gold Earrings with Ruby, Tourmaline &#038; Enamel Detailing\"}]},{\"@type\":\"WebSite\",\"@id\":\"https:\\\/\\\/www.purejewels.com\\\/#website\",\"url\":\"https:\\\/\\\/www.purejewels.com\\\/\",\"name\":\"PureJewels UK\",\"description\":\"Share the Love\",\"publisher\":{\"@id\":\"https:\\\/\\\/www.purejewels.com\\\/#organization\"},\"potentialAction\":[{\"@type\":\"SearchAction\",\"target\":{\"@type\":\"EntryPoint\",\"urlTemplate\":\"https:\\\/\\\/www.purejewels.com\\\/?s={search_term_string}\"},\"query-input\":{\"@type\":\"PropertyValueSpecification\",\"valueRequired\":true,\"valueName\":\"search_term_string\"}}],\"inLanguage\":\"tr\"},{\"@type\":\"Organization\",\"@id\":\"https:\\\/\\\/www.purejewels.com\\\/#organization\",\"name\":\"PureJewels UK\",\"url\":\"https:\\\/\\\/www.purejewels.com\\\/\",\"logo\":{\"@type\":\"ImageObject\",\"inLanguage\":\"tr\",\"@id\":\"https:\\\/\\\/www.purejewels.com\\\/#\\\/schema\\\/logo\\\/image\\\/\",\"url\":\"https:\\\/\\\/static.purejewels.com\\\/wp-content\\\/uploads\\\/2020\\\/11\\\/Logo-PJ-New-1.png\",\"contentUrl\":\"https:\\\/\\\/static.purejewels.com\\\/wp-content\\\/uploads\\\/2020\\\/11\\\/Logo-PJ-New-1.png\",\"width\":150,\"height\":80,\"caption\":\"PureJewels UK\"},\"image\":{\"@id\":\"https:\\\/\\\/www.purejewels.com\\\/#\\\/schema\\\/logo\\\/image\\\/\"}}]}<\/script>\n<!-- \/ Yoast SEO plugin. -->","yoast_head_json":{"title":"\u0130ngiltere'de Emaye Kaplamal\u0131 22 Ayar Alt\u0131n Yakut ve Turmalin K\u00fcpeler","description":"PureJewels 22 ayar alt\u0131n k\u00fcpelerle zarafeti s\u00fcsleyin. Yakut, turmalin ta\u015flar\u0131 ve karma\u015f\u0131k emaye sanat\u0131yla canl\u0131 bir miras g\u00f6r\u00fcn\u00fcm\u00fc sunar.","robots":{"index":"index","follow":"follow","max-snippet":"max-snippet:-1","max-image-preview":"max-image-preview:large","max-video-preview":"max-video-preview:-1"},"canonical":"https:\/\/www.purejewels.com\/tr\/urun\/22-ayar-altin-kupe-22\/","og_locale":"tr_TR","og_type":"article","og_title":"22ct Gold Ruby & Tourmaline Earrings with Enamel Finish in UK","og_description":"Adorn elegance with PureJewels 22ct gold earrings featuring ruby, tourmaline stones, and intricate enamel artistry \u2014 a vibrant heritage look.","og_url":"https:\/\/www.purejewels.com\/tr\/urun\/22-ayar-altin-kupe-22\/","og_site_name":"PureJewels UK","article_modified_time":"2026-01-06T06:58:12+00:00","og_image":[{"width":960,"height":960,"url":"https:\/\/static.purejewels.com\/wp-content\/uploads\/2017\/07\/earrings_12017_960px.jpg","type":"image\/jpeg"}],"twitter_card":"summary_large_image","twitter_misc":{"Tahmini okuma s\u00fcresi":"1 dakika"},"schema":{"@context":"https:\/\/schema.org","@graph":[{"@type":["WebPage","ItemPage"],"@id":"https:\/\/www.purejewels.com\/product\/22ct-gold-earrings-22\/","url":"https:\/\/www.purejewels.com\/product\/22ct-gold-earrings-22\/","name":"\u0130ngiltere'de Emaye Kaplamal\u0131 22 Ayar Alt\u0131n Yakut ve Turmalin K\u00fcpeler","isPartOf":{"@id":"https:\/\/www.purejewels.com\/#website"},"primaryImageOfPage":{"@id":"https:\/\/www.purejewels.com\/product\/22ct-gold-earrings-22\/#primaryimage"},"image":{"@id":"https:\/\/www.purejewels.com\/product\/22ct-gold-earrings-22\/#primaryimage"},"thumbnailUrl":"https:\/\/static.purejewels.com\/wp-content\/uploads\/2017\/07\/earrings_12017_960px.jpg","datePublished":"2017-07-19T12:28:29+00:00","dateModified":"2026-01-06T06:58:12+00:00","description":"PureJewels 22 ayar alt\u0131n k\u00fcpelerle zarafeti s\u00fcsleyin. Yakut, turmalin ta\u015flar\u0131 ve karma\u015f\u0131k emaye sanat\u0131yla canl\u0131 bir miras g\u00f6r\u00fcn\u00fcm\u00fc sunar.","breadcrumb":{"@id":"https:\/\/www.purejewels.com\/product\/22ct-gold-earrings-22\/#breadcrumb"},"inLanguage":"tr","potentialAction":[{"@type":"ReadAction","target":["https:\/\/www.purejewels.com\/product\/22ct-gold-earrings-22\/"]}]},{"@type":"ImageObject","inLanguage":"tr","@id":"https:\/\/www.purejewels.com\/product\/22ct-gold-earrings-22\/#primaryimage","url":"https:\/\/static.purejewels.com\/wp-content\/uploads\/2017\/07\/earrings_12017_960px.jpg","contentUrl":"https:\/\/static.purejewels.com\/wp-content\/uploads\/2017\/07\/earrings_12017_960px.jpg","width":960,"height":960,"caption":"earrings_12017_960px.jpg"},{"@type":"BreadcrumbList","@id":"https:\/\/www.purejewels.com\/product\/22ct-gold-earrings-22\/#breadcrumb","itemListElement":[{"@type":"ListItem","position":1,"name":"Home","item":"https:\/\/www.purejewels.com\/"},{"@type":"ListItem","position":2,"name":"Shop","item":"https:\/\/www.purejewels.com\/shop\/"},{"@type":"ListItem","position":3,"name":"22ct Gold Earrings with Ruby, Tourmaline &#038; Enamel Detailing"}]},{"@type":"WebSite","@id":"https:\/\/www.purejewels.com\/#website","url":"https:\/\/www.purejewels.com\/","name":"PureJewels \u0130ngiltere","description":"Sevgiyi Payla\u015f\u0131n","publisher":{"@id":"https:\/\/www.purejewels.com\/#organization"},"potentialAction":[{"@type":"SearchAction","target":{"@type":"EntryPoint","urlTemplate":"https:\/\/www.purejewels.com\/?s={search_term_string}"},"query-input":{"@type":"PropertyValueSpecification","valueRequired":true,"valueName":"search_term_string"}}],"inLanguage":"tr"},{"@type":"Organization","@id":"https:\/\/www.purejewels.com\/#organization","name":"PureJewels \u0130ngiltere","url":"https:\/\/www.purejewels.com\/","logo":{"@type":"ImageObject","inLanguage":"tr","@id":"https:\/\/www.purejewels.com\/#\/schema\/logo\/image\/","url":"https:\/\/static.purejewels.com\/wp-content\/uploads\/2020\/11\/Logo-PJ-New-1.png","contentUrl":"https:\/\/static.purejewels.com\/wp-content\/uploads\/2020\/11\/Logo-PJ-New-1.png","width":150,"height":80,"caption":"PureJewels UK"},"image":{"@id":"https:\/\/www.purejewels.com\/#\/schema\/logo\/image\/"}}]}},"_links":{"self":[{"href":"https:\/\/www.purejewels.com\/tr\/wp-json\/wp\/v2\/product\/4416","targetHints":{"allow":["GET"]}}],"collection":[{"href":"https:\/\/www.purejewels.com\/tr\/wp-json\/wp\/v2\/product"}],"about":[{"href":"https:\/\/www.purejewels.com\/tr\/wp-json\/wp\/v2\/types\/product"}],"replies":[{"embeddable":true,"href":"https:\/\/www.purejewels.com\/tr\/wp-json\/wp\/v2\/comments?post=4416"}],"version-history":[{"count":3,"href":"https:\/\/www.purejewels.com\/tr\/wp-json\/wp\/v2\/product\/4416\/revisions"}],"predecessor-version":[{"id":423804,"href":"https:\/\/www.purejewels.com\/tr\/wp-json\/wp\/v2\/product\/4416\/revisions\/423804"}],"wp:featuredmedia":[{"embeddable":true,"href":"https:\/\/www.purejewels.com\/tr\/wp-json\/wp\/v2\/media\/4417"}],"wp:attachment":[{"href":"https:\/\/www.purejewels.com\/tr\/wp-json\/wp\/v2\/media?parent=4416"}],"wp:term":[{"taxonomy":"product_brand","embeddable":true,"href":"https:\/\/www.purejewels.com\/tr\/wp-json\/wp\/v2\/product_brand?post=4416"},{"taxonomy":"product_cat","embeddable":true,"href":"https:\/\/www.purejewels.com\/tr\/wp-json\/wp\/v2\/product_cat?post=4416"},{"taxonomy":"product_tag","embeddable":true,"href":"https:\/\/www.purejewels.com\/tr\/wp-json\/wp\/v2\/product_tag?post=4416"}],"curies":[{"name":"wp","href":"https:\/\/api.w.org\/{rel}","templated":true}]}}