{"id":4422,"date":"2017-07-19T13:28:35","date_gmt":"2017-07-19T12:28:35","guid":{"rendered":"http:\/\/new.purejewels.com\/product\/22ct-gold-earrings-25\/"},"modified":"2026-01-06T06:58:12","modified_gmt":"2026-01-06T06:58:12","slug":"22-ayar-altin-kupe-25","status":"publish","type":"product","link":"https:\/\/www.purejewels.com\/tr\/product\/22ct-gold-earrings-25\/","title":{"rendered":"22 ayar alt\u0131n Meenakari k\u00fcpeler, Kundan ile"},"content":{"rendered":"<p><strong>Tasar\u0131m:<\/strong><br \/>\nGeleneksel sanat\u0131n bir kutlamas\u0131 olan bu k\u00fcpeler, canl\u0131 k\u0131rm\u0131z\u0131 Meenakari ile hayat bulan ve klasik Kundan damlas\u0131n\u0131n etraf\u0131nda yer alan \u00e7arp\u0131c\u0131 bir \u00e7i\u00e7ek motifini sergiliyor. Karma\u015f\u0131k alt\u0131n desenler ve narin sark\u0131tlar, tasar\u0131ma hareket ve \u00e7ekicilik kat\u0131yor.<\/p>\n<p><strong>\u0130\u015f\u00e7ilik:<\/strong><br \/>\nSaf malzemeden \u00fcretilmi\u015ftir <a href=\"https:\/\/www.purejewels.com\/tr\/product\/22ct-gold-jali-filigree-ring-jali-collection-31926\/\">22ct<\/a> Sar\u0131 alt\u0131n k\u00fcpeler, nesiller boyu aktar\u0131lan bir beceri olan el yap\u0131m\u0131 Meenakari i\u015f\u00e7ili\u011finin inceli\u011fini ve Kundan ayar\u0131n\u0131n zenginli\u011fini vurgular. Her bir unsur, asil bir g\u00f6r\u00fcn\u00fcm i\u00e7in titizlikle i\u015flenmi\u015ftir.<\/p>\n<p><strong>Stil:<\/strong><br \/>\nK\u00fclt\u00fcrel kutlamalar, d\u00fc\u011f\u00fcnler veya bayram etkinlikleri i\u00e7in ideal olan bu k\u00fcpeler, sari, lehenga veya Anarkali tak\u0131mlar\u0131yla m\u00fckemmel uyum sa\u011flar. Kraliyet zarafetini geleneksel g\u00fczellikle harmanlayan, dikkat \u00e7eken bir aksesuar.<\/p>","protected":false},"excerpt":{"rendered":"<p>El yap\u0131m\u0131 22 ayar alt\u0131n k\u00fcpeler, zarif Meenakari detaylar\u0131 ve \u0131\u015f\u0131lt\u0131l\u0131 Kundan tasar\u0131m\u0131yla \u015fenlikli ve d\u00fc\u011f\u00fcn gibi \u00f6zel g\u00fcnler i\u00e7in zamans\u0131z bir par\u00e7a.<\/p>\n<ul>\n<li>22 ayar alt\u0131n  Kundan ayarl\u0131 Meenakari k\u00fcpe<\/li>\n<li>Antik Kaplama<\/li>\n<li>A\u011f\u0131rl\u0131k . 18,1 grms<\/li>\n<li>T\u00fcm fiyatlara KDV dahildir<\/li>\n<li>Londra Tahlil Ofisi Taraf\u0131ndan Damgalanm\u0131\u015f 22 Ayar Alt\u0131n<\/li>\n<li>Sunum Kutusu ile Birlikte Gelir<\/li>\n<li>Teslimat Dahil<\/li>\n<li>Stok durumu ve stokta bulunan benzer tasar\u0131mlar\u0131n daha fazla g\u00f6r\u00fcnt\u00fcs\u00fc i\u00e7in bizimle canl\u0131 sohbet edin<\/li>\n<\/ul>","protected":false},"featured_media":4423,"comment_status":"closed","ping_status":"closed","template":"","meta":{"_eb_attr":"","_crsspst_to_jayantr4sg-hostcom":false},"product_brand":[],"product_cat":[1559,1685,1229,1574],"product_tag":[],"class_list":{"0":"post-4422","1":"product","2":"type-product","3":"status-publish","4":"has-post-thumbnail","6":"product_cat-birthday-gifts","7":"product_cat-drop-earrings","8":"product_cat-22ct-gold-jewellery","9":"product_cat-womens-jewellery","11":"first","12":"outofstock","13":"taxable","14":"shipping-taxable","15":"product-type-simple","16":"add-to-wishlist-before_image"},"yoast_head":"<!-- This site is optimized with the Yoast SEO plugin v27.3 - https:\/\/yoast.com\/product\/yoast-seo-wordpress\/ -->\n<title>22ct Gold Meenakari Kundan Earrings | PureJewels UK<\/title>\n<meta name=\"description\" content=\"Shop elegant 22ct gold earrings with traditional Meenakari and Kundan setting. A perfect blend of colour, culture, and craftsmanship by PureJewels.\" \/>\n<meta name=\"robots\" content=\"index, follow, max-snippet:-1, max-image-preview:large, max-video-preview:-1\" \/>\n<link rel=\"canonical\" href=\"https:\/\/www.purejewels.com\/tr\/urun\/22-ayar-altin-kupe-25\/\" \/>\n<meta property=\"og:locale\" content=\"tr_TR\" \/>\n<meta property=\"og:type\" content=\"article\" \/>\n<meta property=\"og:title\" content=\"22ct Gold Meenakari Kundan Earrings | PureJewels UK\" \/>\n<meta property=\"og:description\" content=\"Shop elegant 22ct gold earrings with traditional Meenakari and Kundan setting. A perfect blend of colour, culture, and craftsmanship by PureJewels.\" \/>\n<meta property=\"og:url\" content=\"https:\/\/www.purejewels.com\/tr\/urun\/22-ayar-altin-kupe-25\/\" \/>\n<meta property=\"og:site_name\" content=\"PureJewels UK\" \/>\n<meta property=\"article:modified_time\" content=\"2026-01-06T06:58:12+00:00\" \/>\n<meta property=\"og:image\" content=\"https:\/\/static.purejewels.com\/wp-content\/uploads\/2017\/07\/earrings_17182_960px.jpg\" \/>\n\t<meta property=\"og:image:width\" content=\"960\" \/>\n\t<meta property=\"og:image:height\" content=\"960\" \/>\n\t<meta property=\"og:image:type\" content=\"image\/jpeg\" \/>\n<meta name=\"twitter:card\" content=\"summary_large_image\" \/>\n<meta name=\"twitter:label1\" content=\"Tahmini okuma s\u00fcresi\" \/>\n\t<meta name=\"twitter:data1\" content=\"1 dakika\" \/>\n<script type=\"application\/ld+json\" class=\"yoast-schema-graph\">{\"@context\":\"https:\\\/\\\/schema.org\",\"@graph\":[{\"@type\":[\"WebPage\",\"ItemPage\"],\"@id\":\"https:\\\/\\\/www.purejewels.com\\\/product\\\/22ct-gold-earrings-25\\\/\",\"url\":\"https:\\\/\\\/www.purejewels.com\\\/product\\\/22ct-gold-earrings-25\\\/\",\"name\":\"22ct Gold Meenakari Kundan Earrings | PureJewels UK\",\"isPartOf\":{\"@id\":\"https:\\\/\\\/www.purejewels.com\\\/#website\"},\"primaryImageOfPage\":{\"@id\":\"https:\\\/\\\/www.purejewels.com\\\/product\\\/22ct-gold-earrings-25\\\/#primaryimage\"},\"image\":{\"@id\":\"https:\\\/\\\/www.purejewels.com\\\/product\\\/22ct-gold-earrings-25\\\/#primaryimage\"},\"thumbnailUrl\":\"https:\\\/\\\/static.purejewels.com\\\/wp-content\\\/uploads\\\/2017\\\/07\\\/earrings_17182_960px.jpg\",\"datePublished\":\"2017-07-19T12:28:35+00:00\",\"dateModified\":\"2026-01-06T06:58:12+00:00\",\"description\":\"Shop elegant 22ct gold earrings with traditional Meenakari and Kundan setting. A perfect blend of colour, culture, and craftsmanship by PureJewels.\",\"breadcrumb\":{\"@id\":\"https:\\\/\\\/www.purejewels.com\\\/product\\\/22ct-gold-earrings-25\\\/#breadcrumb\"},\"inLanguage\":\"tr\",\"potentialAction\":[{\"@type\":\"ReadAction\",\"target\":[\"https:\\\/\\\/www.purejewels.com\\\/product\\\/22ct-gold-earrings-25\\\/\"]}]},{\"@type\":\"ImageObject\",\"inLanguage\":\"tr\",\"@id\":\"https:\\\/\\\/www.purejewels.com\\\/product\\\/22ct-gold-earrings-25\\\/#primaryimage\",\"url\":\"https:\\\/\\\/static.purejewels.com\\\/wp-content\\\/uploads\\\/2017\\\/07\\\/earrings_17182_960px.jpg\",\"contentUrl\":\"https:\\\/\\\/static.purejewels.com\\\/wp-content\\\/uploads\\\/2017\\\/07\\\/earrings_17182_960px.jpg\",\"width\":960,\"height\":960,\"caption\":\"earrings_17182_960px.jpg\"},{\"@type\":\"BreadcrumbList\",\"@id\":\"https:\\\/\\\/www.purejewels.com\\\/product\\\/22ct-gold-earrings-25\\\/#breadcrumb\",\"itemListElement\":[{\"@type\":\"ListItem\",\"position\":1,\"name\":\"Home\",\"item\":\"https:\\\/\\\/www.purejewels.com\\\/\"},{\"@type\":\"ListItem\",\"position\":2,\"name\":\"Shop\",\"item\":\"https:\\\/\\\/www.purejewels.com\\\/shop\\\/\"},{\"@type\":\"ListItem\",\"position\":3,\"name\":\"22ct Gold Meenakari Earrings with Kundan\"}]},{\"@type\":\"WebSite\",\"@id\":\"https:\\\/\\\/www.purejewels.com\\\/#website\",\"url\":\"https:\\\/\\\/www.purejewels.com\\\/\",\"name\":\"PureJewels UK\",\"description\":\"Share the Love\",\"publisher\":{\"@id\":\"https:\\\/\\\/www.purejewels.com\\\/#organization\"},\"potentialAction\":[{\"@type\":\"SearchAction\",\"target\":{\"@type\":\"EntryPoint\",\"urlTemplate\":\"https:\\\/\\\/www.purejewels.com\\\/?s={search_term_string}\"},\"query-input\":{\"@type\":\"PropertyValueSpecification\",\"valueRequired\":true,\"valueName\":\"search_term_string\"}}],\"inLanguage\":\"tr\"},{\"@type\":\"Organization\",\"@id\":\"https:\\\/\\\/www.purejewels.com\\\/#organization\",\"name\":\"PureJewels UK\",\"url\":\"https:\\\/\\\/www.purejewels.com\\\/\",\"logo\":{\"@type\":\"ImageObject\",\"inLanguage\":\"tr\",\"@id\":\"https:\\\/\\\/www.purejewels.com\\\/#\\\/schema\\\/logo\\\/image\\\/\",\"url\":\"https:\\\/\\\/static.purejewels.com\\\/wp-content\\\/uploads\\\/2020\\\/11\\\/Logo-PJ-New-1.png\",\"contentUrl\":\"https:\\\/\\\/static.purejewels.com\\\/wp-content\\\/uploads\\\/2020\\\/11\\\/Logo-PJ-New-1.png\",\"width\":150,\"height\":80,\"caption\":\"PureJewels UK\"},\"image\":{\"@id\":\"https:\\\/\\\/www.purejewels.com\\\/#\\\/schema\\\/logo\\\/image\\\/\"}}]}<\/script>\n<!-- \/ Yoast SEO plugin. -->","yoast_head_json":{"title":"22 ayar alt\u0131n Meenakari Kundan k\u00fcpeler | PureJewels UK","description":"Geleneksel Meenakari ve Kundan tasar\u0131ml\u0131 zarif 22 ayar alt\u0131n k\u00fcpeleri sat\u0131n al\u0131n. PureJewels'\u0131n renk, k\u00fclt\u00fcr ve zanaatkarl\u0131\u011f\u0131n m\u00fckemmel birle\u015fimi.","robots":{"index":"index","follow":"follow","max-snippet":"max-snippet:-1","max-image-preview":"max-image-preview:large","max-video-preview":"max-video-preview:-1"},"canonical":"https:\/\/www.purejewels.com\/tr\/urun\/22-ayar-altin-kupe-25\/","og_locale":"tr_TR","og_type":"article","og_title":"22ct Gold Meenakari Kundan Earrings | PureJewels UK","og_description":"Shop elegant 22ct gold earrings with traditional Meenakari and Kundan setting. A perfect blend of colour, culture, and craftsmanship by PureJewels.","og_url":"https:\/\/www.purejewels.com\/tr\/urun\/22-ayar-altin-kupe-25\/","og_site_name":"PureJewels UK","article_modified_time":"2026-01-06T06:58:12+00:00","og_image":[{"width":960,"height":960,"url":"https:\/\/static.purejewels.com\/wp-content\/uploads\/2017\/07\/earrings_17182_960px.jpg","type":"image\/jpeg"}],"twitter_card":"summary_large_image","twitter_misc":{"Tahmini okuma s\u00fcresi":"1 dakika"},"schema":{"@context":"https:\/\/schema.org","@graph":[{"@type":["WebPage","ItemPage"],"@id":"https:\/\/www.purejewels.com\/product\/22ct-gold-earrings-25\/","url":"https:\/\/www.purejewels.com\/product\/22ct-gold-earrings-25\/","name":"22 ayar alt\u0131n Meenakari Kundan k\u00fcpeler | PureJewels UK","isPartOf":{"@id":"https:\/\/www.purejewels.com\/#website"},"primaryImageOfPage":{"@id":"https:\/\/www.purejewels.com\/product\/22ct-gold-earrings-25\/#primaryimage"},"image":{"@id":"https:\/\/www.purejewels.com\/product\/22ct-gold-earrings-25\/#primaryimage"},"thumbnailUrl":"https:\/\/static.purejewels.com\/wp-content\/uploads\/2017\/07\/earrings_17182_960px.jpg","datePublished":"2017-07-19T12:28:35+00:00","dateModified":"2026-01-06T06:58:12+00:00","description":"Geleneksel Meenakari ve Kundan tasar\u0131ml\u0131 zarif 22 ayar alt\u0131n k\u00fcpeleri sat\u0131n al\u0131n. PureJewels'\u0131n renk, k\u00fclt\u00fcr ve zanaatkarl\u0131\u011f\u0131n m\u00fckemmel birle\u015fimi.","breadcrumb":{"@id":"https:\/\/www.purejewels.com\/product\/22ct-gold-earrings-25\/#breadcrumb"},"inLanguage":"tr","potentialAction":[{"@type":"ReadAction","target":["https:\/\/www.purejewels.com\/product\/22ct-gold-earrings-25\/"]}]},{"@type":"ImageObject","inLanguage":"tr","@id":"https:\/\/www.purejewels.com\/product\/22ct-gold-earrings-25\/#primaryimage","url":"https:\/\/static.purejewels.com\/wp-content\/uploads\/2017\/07\/earrings_17182_960px.jpg","contentUrl":"https:\/\/static.purejewels.com\/wp-content\/uploads\/2017\/07\/earrings_17182_960px.jpg","width":960,"height":960,"caption":"earrings_17182_960px.jpg"},{"@type":"BreadcrumbList","@id":"https:\/\/www.purejewels.com\/product\/22ct-gold-earrings-25\/#breadcrumb","itemListElement":[{"@type":"ListItem","position":1,"name":"Home","item":"https:\/\/www.purejewels.com\/"},{"@type":"ListItem","position":2,"name":"Shop","item":"https:\/\/www.purejewels.com\/shop\/"},{"@type":"ListItem","position":3,"name":"22ct Gold Meenakari Earrings with Kundan"}]},{"@type":"WebSite","@id":"https:\/\/www.purejewels.com\/#website","url":"https:\/\/www.purejewels.com\/","name":"PureJewels \u0130ngiltere","description":"Sevgiyi Payla\u015f\u0131n","publisher":{"@id":"https:\/\/www.purejewels.com\/#organization"},"potentialAction":[{"@type":"SearchAction","target":{"@type":"EntryPoint","urlTemplate":"https:\/\/www.purejewels.com\/?s={search_term_string}"},"query-input":{"@type":"PropertyValueSpecification","valueRequired":true,"valueName":"search_term_string"}}],"inLanguage":"tr"},{"@type":"Organization","@id":"https:\/\/www.purejewels.com\/#organization","name":"PureJewels \u0130ngiltere","url":"https:\/\/www.purejewels.com\/","logo":{"@type":"ImageObject","inLanguage":"tr","@id":"https:\/\/www.purejewels.com\/#\/schema\/logo\/image\/","url":"https:\/\/static.purejewels.com\/wp-content\/uploads\/2020\/11\/Logo-PJ-New-1.png","contentUrl":"https:\/\/static.purejewels.com\/wp-content\/uploads\/2020\/11\/Logo-PJ-New-1.png","width":150,"height":80,"caption":"PureJewels UK"},"image":{"@id":"https:\/\/www.purejewels.com\/#\/schema\/logo\/image\/"}}]}},"_links":{"self":[{"href":"https:\/\/www.purejewels.com\/tr\/wp-json\/wp\/v2\/product\/4422","targetHints":{"allow":["GET"]}}],"collection":[{"href":"https:\/\/www.purejewels.com\/tr\/wp-json\/wp\/v2\/product"}],"about":[{"href":"https:\/\/www.purejewels.com\/tr\/wp-json\/wp\/v2\/types\/product"}],"replies":[{"embeddable":true,"href":"https:\/\/www.purejewels.com\/tr\/wp-json\/wp\/v2\/comments?post=4422"}],"version-history":[{"count":3,"href":"https:\/\/www.purejewels.com\/tr\/wp-json\/wp\/v2\/product\/4422\/revisions"}],"predecessor-version":[{"id":423807,"href":"https:\/\/www.purejewels.com\/tr\/wp-json\/wp\/v2\/product\/4422\/revisions\/423807"}],"wp:featuredmedia":[{"embeddable":true,"href":"https:\/\/www.purejewels.com\/tr\/wp-json\/wp\/v2\/media\/4423"}],"wp:attachment":[{"href":"https:\/\/www.purejewels.com\/tr\/wp-json\/wp\/v2\/media?parent=4422"}],"wp:term":[{"taxonomy":"product_brand","embeddable":true,"href":"https:\/\/www.purejewels.com\/tr\/wp-json\/wp\/v2\/product_brand?post=4422"},{"taxonomy":"product_cat","embeddable":true,"href":"https:\/\/www.purejewels.com\/tr\/wp-json\/wp\/v2\/product_cat?post=4422"},{"taxonomy":"product_tag","embeddable":true,"href":"https:\/\/www.purejewels.com\/tr\/wp-json\/wp\/v2\/product_tag?post=4422"}],"curies":[{"name":"wp","href":"https:\/\/api.w.org\/{rel}","templated":true}]}}