{"id":4522,"date":"2017-07-19T13:29:54","date_gmt":"2017-07-19T12:29:54","guid":{"rendered":"http:\/\/new.purejewels.com\/product\/22ct-gold-bangle-4\/"},"modified":"2026-01-10T16:15:23","modified_gmt":"2026-01-10T16:15:23","slug":"22-ayar-altin-bileklik-4","status":"publish","type":"product","link":"https:\/\/www.purejewels.com\/tr\/product\/22ct-gold-bangle-4\/","title":{"rendered":"22 ayar alt\u0131n \u00e7ift kada bileklik, k\u00fcresel u\u00e7lu"},"content":{"rendered":"<p><strong>Tasar\u0131m<\/strong><\/p>\n<p>Bu \u00e7arp\u0131c\u0131 22 ayar alt\u0131n kada bileklik, \u00e7ift bantl\u0131 bir yap\u0131ya sahiptir ve her iki ucunda d\u00f6rt adet kat\u0131 k\u00fcresel finial ile ta\u00e7land\u0131r\u0131lm\u0131\u015ft\u0131r. Bu k\u00fcreler, her a\u00e7\u0131dan \u0131\u015f\u0131\u011f\u0131 yans\u0131tacak \u015fekilde elmas kesim desenlerle hassas bir \u015fekilde oyulmu\u015f olup, asil ve mimari bir estetik yaratmaktad\u0131r.<\/p>\n<p>Simetrik tasar\u0131m, geleneksel G\u00fcney Asya kuyumculu\u011fundan ilham alarak denge, koruma ve b\u00fct\u00fcnl\u00fck hissi uyand\u0131r\u0131r.<\/p>\n<p><strong>Zanaatkarl\u0131k<\/strong><\/p>\n<p>22 ayar alt\u0131n kullan\u0131larak \u00fcretilen ve Londra Assay Office taraf\u0131ndan damgalanm\u0131\u015f olan bu par\u00e7a, detaylara ola\u011fan\u00fcst\u00fc \u00f6zen g\u00f6sterilerek el i\u015f\u00e7ili\u011fi ile \u00fcretilmi\u015ftir. Oyulmu\u015f k\u00fcreler, hassas kal\u0131p kesme ve parlatma teknikleri kullan\u0131larak olu\u015fturulmu\u015ftur ve herhangi bir kaplama veya \u00fc\u00e7 renkli efekt kullan\u0131lmadan kal\u0131c\u0131 parlakl\u0131k sa\u011flar.<\/p>\n<p>Arkadaki gizli mente\u015fe toka, g\u00fcvenli ve rahat bir oturu\u015f sa\u011flar, i\u015flevselli\u011fi zarafetle birle\u015ftirir.<\/p>\n<p><strong>Stil<\/strong><\/p>\n<p>Bu kada, d\u00fc\u011f\u00fcnler, \u00f6nemli hediyeler veya t\u00f6renler i\u00e7in cesur ama zarif bir \u015fey giymek isteyenler i\u00e7in idealdir. Geleneksel Hint k\u0131yafetleriyle g\u00fczel bir uyum sa\u011flar veya modern k\u0131yafetlerle dikkat \u00e7ekici bir par\u00e7a olarak stilize edilebilir.<\/p>","protected":false},"excerpt":{"rendered":"<p>\u0130ki paralel bantl\u0131, zarif 22 ayar alt\u0131n kada bileklik, ince oyma k\u00fcresel u\u00e7 kapaklarla tamamlanm\u0131\u015ft\u0131r. Denge ve gelene\u011fin rafine bir ifadesi.<\/p>\n<ul>\n<li>22 Ayar Alt\u0131n SPARKLE Bileklik<\/li>\n<li>G\u00fcm\u00fc\u015f ve Soluk Pembe S\u00fcslemeli \u00c7ift Alt\u0131n Bileklik<\/li>\n<li>A\u011f\u0131rl\u0131k 26,7g<\/li>\n<li>SKU: 24818<\/li>\n<li>Londra Assay Ofisi taraf\u0131ndan damgalanm\u0131\u015f alt\u0131n<\/li>\n<li>T\u00fcm Bilezikler Sunum Kutusuyla Birlikte Gelir<\/li>\n<li>Teslimat Dahil<\/li>\n<li>T\u00fcm fiyatlara KDV dahildir<\/li>\n<li>Stok durumu ve stokta bulunan benzer tasar\u0131mlar\u0131n daha fazla g\u00f6r\u00fcnt\u00fcs\u00fc i\u00e7in bizimle canl\u0131 sohbet edin<\/li>\n<\/ul>","protected":false},"featured_media":4523,"comment_status":"closed","ping_status":"closed","template":"","meta":{"_eb_attr":"","_crsspst_to_jayantr4sg-hostcom":false},"product_brand":[],"product_cat":[1657,1574],"product_tag":[1514,63,1521],"class_list":{"0":"post-4522","1":"product","2":"type-product","3":"status-publish","4":"has-post-thumbnail","6":"product_cat-single-bangle","7":"product_cat-womens-jewellery","8":"product_tag-bangles","9":"product_tag-gold","10":"product_tag-kada","12":"first","13":"outofstock","14":"taxable","15":"shipping-taxable","16":"product-type-simple","17":"add-to-wishlist-before_image"},"yoast_head":"<!-- This site is optimized with the Yoast SEO plugin v27.3 - https:\/\/yoast.com\/product\/yoast-seo-wordpress\/ -->\n<title>22ct Gold Kada Bangle | Engraved Spheres | PureJewels<\/title>\n<meta name=\"description\" content=\"Discover this 22ct gold dual kada bangle featuring intricately engraved gold spheres and bold twin-band design. A statement piece handcrafted with heritage precision.\" \/>\n<meta name=\"robots\" content=\"index, follow, max-snippet:-1, max-image-preview:large, max-video-preview:-1\" \/>\n<link rel=\"canonical\" href=\"https:\/\/www.purejewels.com\/tr\/urun\/22-ayar-altin-bileklik-4\/\" \/>\n<meta property=\"og:locale\" content=\"tr_TR\" \/>\n<meta property=\"og:type\" content=\"article\" \/>\n<meta property=\"og:title\" content=\"22ct Gold Kada Bangle | Engraved Spheres | PureJewels\" \/>\n<meta property=\"og:description\" content=\"Discover this 22ct gold dual kada bangle featuring intricately engraved gold spheres and bold twin-band design. A statement piece handcrafted with heritage precision.\" \/>\n<meta property=\"og:url\" content=\"https:\/\/www.purejewels.com\/tr\/urun\/22-ayar-altin-bileklik-4\/\" \/>\n<meta property=\"og:site_name\" content=\"PureJewels UK\" \/>\n<meta property=\"article:modified_time\" content=\"2026-01-10T16:15:23+00:00\" \/>\n<meta property=\"og:image\" content=\"https:\/\/static.purejewels.com\/wp-content\/uploads\/2017\/07\/bangle_24818_960px-2.jpg\" \/>\n\t<meta property=\"og:image:width\" content=\"960\" \/>\n\t<meta property=\"og:image:height\" content=\"960\" \/>\n\t<meta property=\"og:image:type\" content=\"image\/jpeg\" \/>\n<meta name=\"twitter:card\" content=\"summary_large_image\" \/>\n<meta name=\"twitter:label1\" content=\"Tahmini okuma s\u00fcresi\" \/>\n\t<meta name=\"twitter:data1\" content=\"1 dakika\" \/>\n<script type=\"application\/ld+json\" class=\"yoast-schema-graph\">{\"@context\":\"https:\\\/\\\/schema.org\",\"@graph\":[{\"@type\":[\"WebPage\",\"ItemPage\"],\"@id\":\"https:\\\/\\\/www.purejewels.com\\\/product\\\/22ct-gold-bangle-4\\\/\",\"url\":\"https:\\\/\\\/www.purejewels.com\\\/product\\\/22ct-gold-bangle-4\\\/\",\"name\":\"22ct Gold Kada Bangle | Engraved Spheres | PureJewels\",\"isPartOf\":{\"@id\":\"https:\\\/\\\/www.purejewels.com\\\/#website\"},\"primaryImageOfPage\":{\"@id\":\"https:\\\/\\\/www.purejewels.com\\\/product\\\/22ct-gold-bangle-4\\\/#primaryimage\"},\"image\":{\"@id\":\"https:\\\/\\\/www.purejewels.com\\\/product\\\/22ct-gold-bangle-4\\\/#primaryimage\"},\"thumbnailUrl\":\"https:\\\/\\\/static.purejewels.com\\\/wp-content\\\/uploads\\\/2017\\\/07\\\/bangle_24818_960px-2.jpg\",\"datePublished\":\"2017-07-19T12:29:54+00:00\",\"dateModified\":\"2026-01-10T16:15:23+00:00\",\"description\":\"Discover this 22ct gold dual kada bangle featuring intricately engraved gold spheres and bold twin-band design. A statement piece handcrafted with heritage precision.\",\"breadcrumb\":{\"@id\":\"https:\\\/\\\/www.purejewels.com\\\/product\\\/22ct-gold-bangle-4\\\/#breadcrumb\"},\"inLanguage\":\"tr\",\"potentialAction\":[{\"@type\":\"ReadAction\",\"target\":[\"https:\\\/\\\/www.purejewels.com\\\/product\\\/22ct-gold-bangle-4\\\/\"]}]},{\"@type\":\"ImageObject\",\"inLanguage\":\"tr\",\"@id\":\"https:\\\/\\\/www.purejewels.com\\\/product\\\/22ct-gold-bangle-4\\\/#primaryimage\",\"url\":\"https:\\\/\\\/static.purejewels.com\\\/wp-content\\\/uploads\\\/2017\\\/07\\\/bangle_24818_960px-2.jpg\",\"contentUrl\":\"https:\\\/\\\/static.purejewels.com\\\/wp-content\\\/uploads\\\/2017\\\/07\\\/bangle_24818_960px-2.jpg\",\"width\":960,\"height\":960,\"caption\":\"bangle_24818_960px.jpg\"},{\"@type\":\"BreadcrumbList\",\"@id\":\"https:\\\/\\\/www.purejewels.com\\\/product\\\/22ct-gold-bangle-4\\\/#breadcrumb\",\"itemListElement\":[{\"@type\":\"ListItem\",\"position\":1,\"name\":\"Home\",\"item\":\"https:\\\/\\\/www.purejewels.com\\\/\"},{\"@type\":\"ListItem\",\"position\":2,\"name\":\"Shop\",\"item\":\"https:\\\/\\\/www.purejewels.com\\\/shop\\\/\"},{\"@type\":\"ListItem\",\"position\":3,\"name\":\"22ct Gold Dual Kada Bangle with Spherical Finials\"}]},{\"@type\":\"WebSite\",\"@id\":\"https:\\\/\\\/www.purejewels.com\\\/#website\",\"url\":\"https:\\\/\\\/www.purejewels.com\\\/\",\"name\":\"PureJewels UK\",\"description\":\"Share the Love\",\"publisher\":{\"@id\":\"https:\\\/\\\/www.purejewels.com\\\/#organization\"},\"potentialAction\":[{\"@type\":\"SearchAction\",\"target\":{\"@type\":\"EntryPoint\",\"urlTemplate\":\"https:\\\/\\\/www.purejewels.com\\\/?s={search_term_string}\"},\"query-input\":{\"@type\":\"PropertyValueSpecification\",\"valueRequired\":true,\"valueName\":\"search_term_string\"}}],\"inLanguage\":\"tr\"},{\"@type\":\"Organization\",\"@id\":\"https:\\\/\\\/www.purejewels.com\\\/#organization\",\"name\":\"PureJewels UK\",\"url\":\"https:\\\/\\\/www.purejewels.com\\\/\",\"logo\":{\"@type\":\"ImageObject\",\"inLanguage\":\"tr\",\"@id\":\"https:\\\/\\\/www.purejewels.com\\\/#\\\/schema\\\/logo\\\/image\\\/\",\"url\":\"https:\\\/\\\/static.purejewels.com\\\/wp-content\\\/uploads\\\/2020\\\/11\\\/Logo-PJ-New-1.png\",\"contentUrl\":\"https:\\\/\\\/static.purejewels.com\\\/wp-content\\\/uploads\\\/2020\\\/11\\\/Logo-PJ-New-1.png\",\"width\":150,\"height\":80,\"caption\":\"PureJewels UK\"},\"image\":{\"@id\":\"https:\\\/\\\/www.purejewels.com\\\/#\\\/schema\\\/logo\\\/image\\\/\"}}]}<\/script>\n<!-- \/ Yoast SEO plugin. -->","yoast_head_json":{"title":"22 ayar alt\u0131n Kada bileklik | Oyulmu\u015f k\u00fcreler | PureJewels","description":"Karma\u015f\u0131k oyma alt\u0131n k\u00fcreler ve cesur \u00e7ift bantl\u0131 tasar\u0131ma sahip bu 22 ayar alt\u0131n \u00e7ift kada bilezi\u011fi ke\u015ffedin. Geleneksel hassasiyetle el yap\u0131m\u0131, dikkat \u00e7eken bir par\u00e7a.","robots":{"index":"index","follow":"follow","max-snippet":"max-snippet:-1","max-image-preview":"max-image-preview:large","max-video-preview":"max-video-preview:-1"},"canonical":"https:\/\/www.purejewels.com\/tr\/urun\/22-ayar-altin-bileklik-4\/","og_locale":"tr_TR","og_type":"article","og_title":"22ct Gold Kada Bangle | Engraved Spheres | PureJewels","og_description":"Discover this 22ct gold dual kada bangle featuring intricately engraved gold spheres and bold twin-band design. A statement piece handcrafted with heritage precision.","og_url":"https:\/\/www.purejewels.com\/tr\/urun\/22-ayar-altin-bileklik-4\/","og_site_name":"PureJewels UK","article_modified_time":"2026-01-10T16:15:23+00:00","og_image":[{"width":960,"height":960,"url":"https:\/\/static.purejewels.com\/wp-content\/uploads\/2017\/07\/bangle_24818_960px-2.jpg","type":"image\/jpeg"}],"twitter_card":"summary_large_image","twitter_misc":{"Tahmini okuma s\u00fcresi":"1 dakika"},"schema":{"@context":"https:\/\/schema.org","@graph":[{"@type":["WebPage","ItemPage"],"@id":"https:\/\/www.purejewels.com\/product\/22ct-gold-bangle-4\/","url":"https:\/\/www.purejewels.com\/product\/22ct-gold-bangle-4\/","name":"22 ayar alt\u0131n Kada bileklik | Oyulmu\u015f k\u00fcreler | PureJewels","isPartOf":{"@id":"https:\/\/www.purejewels.com\/#website"},"primaryImageOfPage":{"@id":"https:\/\/www.purejewels.com\/product\/22ct-gold-bangle-4\/#primaryimage"},"image":{"@id":"https:\/\/www.purejewels.com\/product\/22ct-gold-bangle-4\/#primaryimage"},"thumbnailUrl":"https:\/\/static.purejewels.com\/wp-content\/uploads\/2017\/07\/bangle_24818_960px-2.jpg","datePublished":"2017-07-19T12:29:54+00:00","dateModified":"2026-01-10T16:15:23+00:00","description":"Karma\u015f\u0131k oyma alt\u0131n k\u00fcreler ve cesur \u00e7ift bantl\u0131 tasar\u0131ma sahip bu 22 ayar alt\u0131n \u00e7ift kada bilezi\u011fi ke\u015ffedin. Geleneksel hassasiyetle el yap\u0131m\u0131, dikkat \u00e7eken bir par\u00e7a.","breadcrumb":{"@id":"https:\/\/www.purejewels.com\/product\/22ct-gold-bangle-4\/#breadcrumb"},"inLanguage":"tr","potentialAction":[{"@type":"ReadAction","target":["https:\/\/www.purejewels.com\/product\/22ct-gold-bangle-4\/"]}]},{"@type":"ImageObject","inLanguage":"tr","@id":"https:\/\/www.purejewels.com\/product\/22ct-gold-bangle-4\/#primaryimage","url":"https:\/\/static.purejewels.com\/wp-content\/uploads\/2017\/07\/bangle_24818_960px-2.jpg","contentUrl":"https:\/\/static.purejewels.com\/wp-content\/uploads\/2017\/07\/bangle_24818_960px-2.jpg","width":960,"height":960,"caption":"bangle_24818_960px.jpg"},{"@type":"BreadcrumbList","@id":"https:\/\/www.purejewels.com\/product\/22ct-gold-bangle-4\/#breadcrumb","itemListElement":[{"@type":"ListItem","position":1,"name":"Home","item":"https:\/\/www.purejewels.com\/"},{"@type":"ListItem","position":2,"name":"Shop","item":"https:\/\/www.purejewels.com\/shop\/"},{"@type":"ListItem","position":3,"name":"22ct Gold Dual Kada Bangle with Spherical Finials"}]},{"@type":"WebSite","@id":"https:\/\/www.purejewels.com\/#website","url":"https:\/\/www.purejewels.com\/","name":"PureJewels \u0130ngiltere","description":"Sevgiyi Payla\u015f\u0131n","publisher":{"@id":"https:\/\/www.purejewels.com\/#organization"},"potentialAction":[{"@type":"SearchAction","target":{"@type":"EntryPoint","urlTemplate":"https:\/\/www.purejewels.com\/?s={search_term_string}"},"query-input":{"@type":"PropertyValueSpecification","valueRequired":true,"valueName":"search_term_string"}}],"inLanguage":"tr"},{"@type":"Organization","@id":"https:\/\/www.purejewels.com\/#organization","name":"PureJewels \u0130ngiltere","url":"https:\/\/www.purejewels.com\/","logo":{"@type":"ImageObject","inLanguage":"tr","@id":"https:\/\/www.purejewels.com\/#\/schema\/logo\/image\/","url":"https:\/\/static.purejewels.com\/wp-content\/uploads\/2020\/11\/Logo-PJ-New-1.png","contentUrl":"https:\/\/static.purejewels.com\/wp-content\/uploads\/2020\/11\/Logo-PJ-New-1.png","width":150,"height":80,"caption":"PureJewels UK"},"image":{"@id":"https:\/\/www.purejewels.com\/#\/schema\/logo\/image\/"}}]}},"_links":{"self":[{"href":"https:\/\/www.purejewels.com\/tr\/wp-json\/wp\/v2\/product\/4522","targetHints":{"allow":["GET"]}}],"collection":[{"href":"https:\/\/www.purejewels.com\/tr\/wp-json\/wp\/v2\/product"}],"about":[{"href":"https:\/\/www.purejewels.com\/tr\/wp-json\/wp\/v2\/types\/product"}],"replies":[{"embeddable":true,"href":"https:\/\/www.purejewels.com\/tr\/wp-json\/wp\/v2\/comments?post=4522"}],"version-history":[{"count":2,"href":"https:\/\/www.purejewels.com\/tr\/wp-json\/wp\/v2\/product\/4522\/revisions"}],"predecessor-version":[{"id":423613,"href":"https:\/\/www.purejewels.com\/tr\/wp-json\/wp\/v2\/product\/4522\/revisions\/423613"}],"wp:featuredmedia":[{"embeddable":true,"href":"https:\/\/www.purejewels.com\/tr\/wp-json\/wp\/v2\/media\/4523"}],"wp:attachment":[{"href":"https:\/\/www.purejewels.com\/tr\/wp-json\/wp\/v2\/media?parent=4522"}],"wp:term":[{"taxonomy":"product_brand","embeddable":true,"href":"https:\/\/www.purejewels.com\/tr\/wp-json\/wp\/v2\/product_brand?post=4522"},{"taxonomy":"product_cat","embeddable":true,"href":"https:\/\/www.purejewels.com\/tr\/wp-json\/wp\/v2\/product_cat?post=4522"},{"taxonomy":"product_tag","embeddable":true,"href":"https:\/\/www.purejewels.com\/tr\/wp-json\/wp\/v2\/product_tag?post=4522"}],"curies":[{"name":"wp","href":"https:\/\/api.w.org\/{rel}","templated":true}]}}