{"id":4528,"date":"2017-07-19T13:30:00","date_gmt":"2017-07-19T12:30:00","guid":{"rendered":"http:\/\/new.purejewels.com\/product\/rose-gold-necklace\/"},"modified":"2025-11-17T10:39:32","modified_gmt":"2025-11-17T10:39:32","slug":"gul-altin-kolye","status":"publish","type":"product","link":"https:\/\/www.purejewels.com\/tr\/product\/rose-gold-necklace\/","title":{"rendered":"18 Ayar Pembe Alt\u0131n P\u0131rlanta Salk\u0131m Damla Kolye"},"content":{"rendered":"<p>&nbsp;<\/p>\n<ul>\n<li>18ct G\u00fcl <a href=\"https:\/\/www.purejewels.com\/tr\/product-category\/22ct-gold-jewellery\/gold-necklaces\/\">Alt\u0131n Kolye<\/a><\/li>\n<li>a\u011f\u0131rl\u0131k. 3,7 g<\/li>\n<li>P\u0131rlanta a\u011f\u0131rl\u0131\u011f\u0131 0,31 karat<\/li>\n<li>Uzunluk.  18 in\u00e7 (44 cm)<\/li>\n<li>Bu \u00f6zel \u00fcr\u00fcn Elmas sertifikas\u0131 ile birlikte gelir<\/li>\n<li>T\u00fcm fiyatlara KDV dahildir<\/li>\n<li>T\u00fcm \u00fcr\u00fcnlerimiz London Assay Office taraf\u0131ndan damgalanm\u0131\u015ft\u0131r<\/li>\n<li>T\u00fcm Hint Alt\u0131n Tak\u0131lar\u0131 Sunum Kutusu ile Birlikte Gelir<\/li>\n<li>Birle\u015fik Krall\u0131k genelinde \u00fccretsiz teslimat<\/li>\n<li>Stok durumu ve stokta bulunan benzer tasar\u0131mlar\u0131n daha fazla g\u00f6r\u00fcnt\u00fcs\u00fc i\u00e7in bizimle canl\u0131 sohbet edin<\/li>\n<\/ul>\n<p>&nbsp;<\/p>","protected":false},"excerpt":{"rendered":"<ul>\n<li>18 Ayar Pembe Alt\u0131n Kolye<\/li>\n<li>a\u011f\u0131rl\u0131k. 3,7 g<\/li>\n<li>P\u0131rlanta a\u011f\u0131rl\u0131\u011f\u0131 0,31 karat<\/li>\n<li>Uzunluk.  18 in\u00e7 (44 cm)<\/li>\n<li>Bu \u00f6zel \u00fcr\u00fcn Elmas sertifikas\u0131 ile birlikte gelir<\/li>\n<li>T\u00fcm fiyatlara KDV dahildir<\/li>\n<li>T\u00fcm \u00fcr\u00fcnlerimiz London Assay Office taraf\u0131ndan damgalanm\u0131\u015ft\u0131r<\/li>\n<li>T\u00fcm Hint Alt\u0131n Tak\u0131lar\u0131 Sunum Kutusu ile Birlikte Gelir<\/li>\n<li>Birle\u015fik Krall\u0131k genelinde \u00fccretsiz teslimat<\/li>\n<li>Stok durumu ve stokta bulunan benzer tasar\u0131mlar\u0131n daha fazla g\u00f6r\u00fcnt\u00fcs\u00fc i\u00e7in bizimle canl\u0131 sohbet edin<\/li>\n<\/ul>\n<p>&nbsp;<\/p>","protected":false},"featured_media":4529,"comment_status":"closed","ping_status":"closed","template":"","meta":{"_eb_attr":"","_crsspst_to_jayantr4sg-hostcom":false},"product_brand":[],"product_cat":[1533,246,1778,1574],"product_tag":[],"class_list":{"0":"post-4528","1":"product","2":"type-product","3":"status-publish","4":"has-post-thumbnail","6":"product_cat-diamond-jewellery-set","7":"product_cat-rose-gold-collections","8":"product_cat-short-necklaces","9":"product_cat-womens-jewellery","11":"first","12":"outofstock","13":"taxable","14":"shipping-taxable","15":"product-type-simple","16":"add-to-wishlist-before_image"},"yoast_head":"<!-- This site is optimized with the Yoast SEO plugin v27.3 - https:\/\/yoast.com\/product\/yoast-seo-wordpress\/ -->\n<title>Diamond Cluster Drop Necklace in 18ct Rose Gold | PureJewels<\/title>\n<meta name=\"description\" content=\"Shop the Diamond Cluster Drop Necklace in 18ct rose gold at PureJewels, featuring shimmering round diamonds on a warm rose chain \u2013 perfect for gifting.\" \/>\n<meta name=\"robots\" content=\"index, follow, max-snippet:-1, max-image-preview:large, max-video-preview:-1\" \/>\n<link rel=\"canonical\" href=\"https:\/\/www.purejewels.com\/tr\/urun\/gul-altin-kolye\/\" \/>\n<meta property=\"og:locale\" content=\"tr_TR\" \/>\n<meta property=\"og:type\" content=\"article\" \/>\n<meta property=\"og:title\" content=\"Diamond Cluster Drop Necklace in 18ct Rose Gold | PureJewels\" \/>\n<meta property=\"og:description\" content=\"Shop the Diamond Cluster Drop Necklace in 18ct rose gold at PureJewels, featuring shimmering round diamonds on a warm rose chain \u2013 perfect for gifting.\" \/>\n<meta property=\"og:url\" content=\"https:\/\/www.purejewels.com\/tr\/urun\/gul-altin-kolye\/\" \/>\n<meta property=\"og:site_name\" content=\"PureJewels UK\" \/>\n<meta property=\"article:modified_time\" content=\"2025-11-17T10:39:32+00:00\" \/>\n<meta property=\"og:image\" content=\"https:\/\/www.purejewels.com\/wp-content\/uploads\/2017\/07\/00025688_copy_1-2.png\" \/>\n\t<meta property=\"og:image:width\" content=\"1000\" \/>\n\t<meta property=\"og:image:height\" content=\"1000\" \/>\n\t<meta property=\"og:image:type\" content=\"image\/png\" \/>\n<meta name=\"twitter:card\" content=\"summary_large_image\" \/>\n<meta name=\"twitter:label1\" content=\"Tahmini okuma s\u00fcresi\" \/>\n\t<meta name=\"twitter:data1\" content=\"1 dakika\" \/>\n<script type=\"application\/ld+json\" class=\"yoast-schema-graph\">{\"@context\":\"https:\\\/\\\/schema.org\",\"@graph\":[{\"@type\":[\"WebPage\",\"ItemPage\"],\"@id\":\"https:\\\/\\\/www.purejewels.com\\\/product\\\/rose-gold-necklace\\\/\",\"url\":\"https:\\\/\\\/www.purejewels.com\\\/product\\\/rose-gold-necklace\\\/\",\"name\":\"Diamond Cluster Drop Necklace in 18ct Rose Gold | PureJewels\",\"isPartOf\":{\"@id\":\"https:\\\/\\\/www.purejewels.com\\\/#website\"},\"primaryImageOfPage\":{\"@id\":\"https:\\\/\\\/www.purejewels.com\\\/product\\\/rose-gold-necklace\\\/#primaryimage\"},\"image\":{\"@id\":\"https:\\\/\\\/www.purejewels.com\\\/product\\\/rose-gold-necklace\\\/#primaryimage\"},\"thumbnailUrl\":\"https:\\\/\\\/static.purejewels.com\\\/wp-content\\\/uploads\\\/2017\\\/07\\\/00025688_copy_1-2.png\",\"datePublished\":\"2017-07-19T12:30:00+00:00\",\"dateModified\":\"2025-11-17T10:39:32+00:00\",\"description\":\"Shop the Diamond Cluster Drop Necklace in 18ct rose gold at PureJewels, featuring shimmering round diamonds on a warm rose chain \u2013 perfect for gifting.\",\"breadcrumb\":{\"@id\":\"https:\\\/\\\/www.purejewels.com\\\/product\\\/rose-gold-necklace\\\/#breadcrumb\"},\"inLanguage\":\"tr\",\"potentialAction\":[{\"@type\":\"ReadAction\",\"target\":[\"https:\\\/\\\/www.purejewels.com\\\/product\\\/rose-gold-necklace\\\/\"]}]},{\"@type\":\"ImageObject\",\"inLanguage\":\"tr\",\"@id\":\"https:\\\/\\\/www.purejewels.com\\\/product\\\/rose-gold-necklace\\\/#primaryimage\",\"url\":\"https:\\\/\\\/static.purejewels.com\\\/wp-content\\\/uploads\\\/2017\\\/07\\\/00025688_copy_1-2.png\",\"contentUrl\":\"https:\\\/\\\/static.purejewels.com\\\/wp-content\\\/uploads\\\/2017\\\/07\\\/00025688_copy_1-2.png\",\"width\":1000,\"height\":1000,\"caption\":\"00025688_copy_1.png\"},{\"@type\":\"BreadcrumbList\",\"@id\":\"https:\\\/\\\/www.purejewels.com\\\/product\\\/rose-gold-necklace\\\/#breadcrumb\",\"itemListElement\":[{\"@type\":\"ListItem\",\"position\":1,\"name\":\"Home\",\"item\":\"https:\\\/\\\/www.purejewels.com\\\/\"},{\"@type\":\"ListItem\",\"position\":2,\"name\":\"Shop\",\"item\":\"https:\\\/\\\/www.purejewels.com\\\/shop\\\/\"},{\"@type\":\"ListItem\",\"position\":3,\"name\":\"Diamond Cluster Drop Necklace in 18ct Rose Gold\"}]},{\"@type\":\"WebSite\",\"@id\":\"https:\\\/\\\/www.purejewels.com\\\/#website\",\"url\":\"https:\\\/\\\/www.purejewels.com\\\/\",\"name\":\"PureJewels UK\",\"description\":\"Share the Love\",\"publisher\":{\"@id\":\"https:\\\/\\\/www.purejewels.com\\\/#organization\"},\"potentialAction\":[{\"@type\":\"SearchAction\",\"target\":{\"@type\":\"EntryPoint\",\"urlTemplate\":\"https:\\\/\\\/www.purejewels.com\\\/?s={search_term_string}\"},\"query-input\":{\"@type\":\"PropertyValueSpecification\",\"valueRequired\":true,\"valueName\":\"search_term_string\"}}],\"inLanguage\":\"tr\"},{\"@type\":\"Organization\",\"@id\":\"https:\\\/\\\/www.purejewels.com\\\/#organization\",\"name\":\"PureJewels UK\",\"url\":\"https:\\\/\\\/www.purejewels.com\\\/\",\"logo\":{\"@type\":\"ImageObject\",\"inLanguage\":\"tr\",\"@id\":\"https:\\\/\\\/www.purejewels.com\\\/#\\\/schema\\\/logo\\\/image\\\/\",\"url\":\"https:\\\/\\\/static.purejewels.com\\\/wp-content\\\/uploads\\\/2020\\\/11\\\/Logo-PJ-New-1.png\",\"contentUrl\":\"https:\\\/\\\/static.purejewels.com\\\/wp-content\\\/uploads\\\/2020\\\/11\\\/Logo-PJ-New-1.png\",\"width\":150,\"height\":80,\"caption\":\"PureJewels UK\"},\"image\":{\"@id\":\"https:\\\/\\\/www.purejewels.com\\\/#\\\/schema\\\/logo\\\/image\\\/\"}}]}<\/script>\n<!-- \/ Yoast SEO plugin. -->","yoast_head_json":{"title":"18 ayar pembe alt\u0131n elmas k\u00fcme damla kolye | PureJewels","description":"PureJewels'da 18 ayar pembe alt\u0131n Diamond Cluster Drop Necklace'\u0131 sat\u0131n al\u0131n. S\u0131cak pembe zincir \u00fczerinde par\u0131ldayan yuvarlak elmaslarla s\u00fcslenmi\u015f bu kolye, hediye etmek i\u00e7in m\u00fckemmeldir.","robots":{"index":"index","follow":"follow","max-snippet":"max-snippet:-1","max-image-preview":"max-image-preview:large","max-video-preview":"max-video-preview:-1"},"canonical":"https:\/\/www.purejewels.com\/tr\/urun\/gul-altin-kolye\/","og_locale":"tr_TR","og_type":"article","og_title":"Diamond Cluster Drop Necklace in 18ct Rose Gold | PureJewels","og_description":"Shop the Diamond Cluster Drop Necklace in 18ct rose gold at PureJewels, featuring shimmering round diamonds on a warm rose chain \u2013 perfect for gifting.","og_url":"https:\/\/www.purejewels.com\/tr\/urun\/gul-altin-kolye\/","og_site_name":"PureJewels UK","article_modified_time":"2025-11-17T10:39:32+00:00","og_image":[{"width":1000,"height":1000,"url":"https:\/\/www.purejewels.com\/wp-content\/uploads\/2017\/07\/00025688_copy_1-2.png","type":"image\/png"}],"twitter_card":"summary_large_image","twitter_misc":{"Tahmini okuma s\u00fcresi":"1 dakika"},"schema":{"@context":"https:\/\/schema.org","@graph":[{"@type":["WebPage","ItemPage"],"@id":"https:\/\/www.purejewels.com\/product\/rose-gold-necklace\/","url":"https:\/\/www.purejewels.com\/product\/rose-gold-necklace\/","name":"18 ayar pembe alt\u0131n elmas k\u00fcme damla kolye | PureJewels","isPartOf":{"@id":"https:\/\/www.purejewels.com\/#website"},"primaryImageOfPage":{"@id":"https:\/\/www.purejewels.com\/product\/rose-gold-necklace\/#primaryimage"},"image":{"@id":"https:\/\/www.purejewels.com\/product\/rose-gold-necklace\/#primaryimage"},"thumbnailUrl":"https:\/\/static.purejewels.com\/wp-content\/uploads\/2017\/07\/00025688_copy_1-2.png","datePublished":"2017-07-19T12:30:00+00:00","dateModified":"2025-11-17T10:39:32+00:00","description":"PureJewels'da 18 ayar pembe alt\u0131n Diamond Cluster Drop Necklace'\u0131 sat\u0131n al\u0131n. S\u0131cak pembe zincir \u00fczerinde par\u0131ldayan yuvarlak elmaslarla s\u00fcslenmi\u015f bu kolye, hediye etmek i\u00e7in m\u00fckemmeldir.","breadcrumb":{"@id":"https:\/\/www.purejewels.com\/product\/rose-gold-necklace\/#breadcrumb"},"inLanguage":"tr","potentialAction":[{"@type":"ReadAction","target":["https:\/\/www.purejewels.com\/product\/rose-gold-necklace\/"]}]},{"@type":"ImageObject","inLanguage":"tr","@id":"https:\/\/www.purejewels.com\/product\/rose-gold-necklace\/#primaryimage","url":"https:\/\/static.purejewels.com\/wp-content\/uploads\/2017\/07\/00025688_copy_1-2.png","contentUrl":"https:\/\/static.purejewels.com\/wp-content\/uploads\/2017\/07\/00025688_copy_1-2.png","width":1000,"height":1000,"caption":"00025688_copy_1.png"},{"@type":"BreadcrumbList","@id":"https:\/\/www.purejewels.com\/product\/rose-gold-necklace\/#breadcrumb","itemListElement":[{"@type":"ListItem","position":1,"name":"Home","item":"https:\/\/www.purejewels.com\/"},{"@type":"ListItem","position":2,"name":"Shop","item":"https:\/\/www.purejewels.com\/shop\/"},{"@type":"ListItem","position":3,"name":"Diamond Cluster Drop Necklace in 18ct Rose Gold"}]},{"@type":"WebSite","@id":"https:\/\/www.purejewels.com\/#website","url":"https:\/\/www.purejewels.com\/","name":"PureJewels \u0130ngiltere","description":"Sevgiyi Payla\u015f\u0131n","publisher":{"@id":"https:\/\/www.purejewels.com\/#organization"},"potentialAction":[{"@type":"SearchAction","target":{"@type":"EntryPoint","urlTemplate":"https:\/\/www.purejewels.com\/?s={search_term_string}"},"query-input":{"@type":"PropertyValueSpecification","valueRequired":true,"valueName":"search_term_string"}}],"inLanguage":"tr"},{"@type":"Organization","@id":"https:\/\/www.purejewels.com\/#organization","name":"PureJewels \u0130ngiltere","url":"https:\/\/www.purejewels.com\/","logo":{"@type":"ImageObject","inLanguage":"tr","@id":"https:\/\/www.purejewels.com\/#\/schema\/logo\/image\/","url":"https:\/\/static.purejewels.com\/wp-content\/uploads\/2020\/11\/Logo-PJ-New-1.png","contentUrl":"https:\/\/static.purejewels.com\/wp-content\/uploads\/2020\/11\/Logo-PJ-New-1.png","width":150,"height":80,"caption":"PureJewels UK"},"image":{"@id":"https:\/\/www.purejewels.com\/#\/schema\/logo\/image\/"}}]}},"_links":{"self":[{"href":"https:\/\/www.purejewels.com\/tr\/wp-json\/wp\/v2\/product\/4528","targetHints":{"allow":["GET"]}}],"collection":[{"href":"https:\/\/www.purejewels.com\/tr\/wp-json\/wp\/v2\/product"}],"about":[{"href":"https:\/\/www.purejewels.com\/tr\/wp-json\/wp\/v2\/types\/product"}],"replies":[{"embeddable":true,"href":"https:\/\/www.purejewels.com\/tr\/wp-json\/wp\/v2\/comments?post=4528"}],"version-history":[{"count":2,"href":"https:\/\/www.purejewels.com\/tr\/wp-json\/wp\/v2\/product\/4528\/revisions"}],"predecessor-version":[{"id":421169,"href":"https:\/\/www.purejewels.com\/tr\/wp-json\/wp\/v2\/product\/4528\/revisions\/421169"}],"wp:featuredmedia":[{"embeddable":true,"href":"https:\/\/www.purejewels.com\/tr\/wp-json\/wp\/v2\/media\/4529"}],"wp:attachment":[{"href":"https:\/\/www.purejewels.com\/tr\/wp-json\/wp\/v2\/media?parent=4528"}],"wp:term":[{"taxonomy":"product_brand","embeddable":true,"href":"https:\/\/www.purejewels.com\/tr\/wp-json\/wp\/v2\/product_brand?post=4528"},{"taxonomy":"product_cat","embeddable":true,"href":"https:\/\/www.purejewels.com\/tr\/wp-json\/wp\/v2\/product_cat?post=4528"},{"taxonomy":"product_tag","embeddable":true,"href":"https:\/\/www.purejewels.com\/tr\/wp-json\/wp\/v2\/product_tag?post=4528"}],"curies":[{"name":"wp","href":"https:\/\/api.w.org\/{rel}","templated":true}]}}