{"id":4538,"date":"2017-07-19T13:30:12","date_gmt":"2017-07-19T12:30:12","guid":{"rendered":"http:\/\/new.purejewels.com\/product\/2-in-1-gold-bangle\/"},"modified":"2026-01-10T16:15:23","modified_gmt":"2026-01-10T16:15:23","slug":"2si-1-arada-altin-bileklik","status":"publish","type":"product","link":"https:\/\/www.purejewels.com\/tr\/product\/2-in-1-gold-bangle\/","title":{"rendered":"22 Ayar Alt\u0131n Rodyum Kaplama Bileklik"},"content":{"rendered":"<p>Bu zarif 22 Ayar Alt\u0131n Rodyum Kaplama Bileklik, zarafet ve sofistikeli\u011fi bir araya getiren ger\u00e7ek bir ifade par\u00e7as\u0131d\u0131r. Hassasiyet ve detaylara g\u00f6sterilen \u00f6zenle haz\u0131rlanan bu 2'si 1 arada bileklik, her k\u0131yafete \u0131\u015f\u0131lt\u0131 ve ihti\u015fam katan \u00e7arp\u0131c\u0131 elmas kesime sahiptir. 14,3 gram a\u011f\u0131rl\u0131\u011f\u0131ndaki bu bileklik hem hafiftir hem de g\u00fcn boyu takmak i\u00e7in rahatt\u0131r.<\/p>\n<p>Her bir bileklik bir sunum kutusunda g\u00fczel bir \u015fekilde sunulmakta olup, sevdi\u011finiz biri i\u00e7in m\u00fckemmel bir hediye veya kendiniz i\u00e7in hak etti\u011finiz bir ikramd\u0131r. Teslimat fiyata dahildir, b\u00f6ylece yeni bilekli\u011finizin keyfini herhangi bir ek g\u00fc\u00e7l\u00fck olmadan \u00e7\u0131karabilirsiniz.<\/p>\n<p>PureJewels UK'de, rekabet\u00e7i fiyatlarla y\u00fcksek kaliteli m\u00fccevherler sunmaktan gurur duyuyoruz. T\u00fcm fiyatlar\u0131m\u0131za KDV dahildir, b\u00f6ylece paran\u0131z\u0131n kar\u015f\u0131l\u0131\u011f\u0131n\u0131 en iyi \u015fekilde ald\u0131\u011f\u0131n\u0131z\u0131 bilerek g\u00fcvenle al\u0131\u015fveri\u015f yapabilirsiniz. Bulunabilirlik hakk\u0131nda herhangi bir sorunuz varsa veya benzer tasar\u0131mlar\u0131n daha fazla resmini g\u00f6rmek istiyorsan\u0131z, g\u00fcler y\u00fczl\u00fc m\u00fc\u015fteri hizmetleri ekibimiz size yard\u0131mc\u0131 olmak i\u00e7in burada. 22 Ayar Alt\u0131n Rodyum Kaplama Bilekli\u011finizi bug\u00fcn sipari\u015f edin ve m\u00fccevher koleksiyonunuza l\u00fcks bir dokunu\u015f kat\u0131n.<\/p>","protected":false},"excerpt":{"rendered":"<ul>\n<li>22 Ayar Alt\u0131n Rodyum Kaplama Bileklik<\/li>\n<li>SKU: 25775<\/li>\n<li>\u00a0Elmas kesimiyle g\u00fczelce haz\u0131rlanm\u0131\u015f 2'si 1 arada bileklik<\/li>\n<li>14,3 gm<\/li>\n<li>Sunum Kutusu ile Birlikte Gelir<\/li>\n<li>Teslimat Dahil<\/li>\n<li>T\u00fcm fiyatlara KDV dahildir<\/li>\n<li>Stok durumu ve stokta bulunan benzer tasar\u0131mlar\u0131n daha fazla g\u00f6r\u00fcnt\u00fcs\u00fc i\u00e7in bizimle canl\u0131 sohbet edin<\/li>\n<\/ul>","protected":false},"featured_media":4539,"comment_status":"closed","ping_status":"closed","template":"","meta":{"_eb_attr":"","_crsspst_to_jayantr4sg-hostcom":false},"product_brand":[],"product_cat":[1657,1574],"product_tag":[1514,63,1521],"class_list":{"0":"post-4538","1":"product","2":"type-product","3":"status-publish","4":"has-post-thumbnail","6":"product_cat-single-bangle","7":"product_cat-womens-jewellery","8":"product_tag-bangles","9":"product_tag-gold","10":"product_tag-kada","12":"first","13":"outofstock","14":"taxable","15":"shipping-taxable","16":"product-type-simple","17":"add-to-wishlist-before_image"},"yoast_head":"<!-- This site is optimized with the Yoast SEO plugin v27.6 - https:\/\/yoast.com\/product\/yoast-seo-wordpress\/ -->\n<title>22ct Gold Rhodium Plated Bangle - PureJewels UK<\/title>\n<meta name=\"robots\" content=\"index, follow, max-snippet:-1, max-image-preview:large, max-video-preview:-1\" \/>\n<link rel=\"canonical\" href=\"https:\/\/www.purejewels.com\/tr\/urun\/2si-1-arada-altin-bileklik\/\" \/>\n<meta property=\"og:locale\" content=\"tr_TR\" \/>\n<meta property=\"og:type\" content=\"article\" \/>\n<meta property=\"og:title\" content=\"22ct Gold Rhodium Plated Bangle - PureJewels UK\" \/>\n<meta property=\"og:description\" content=\"22ct Gold Rhodium Plated Bangle  SKU: 25775  \u00a0Beautifully crafted 2 in1 bangle with diamond cutting  14.3 gm  Comes With Presentation Box  Delivery Included  All prices include VAT  Live chat with us for availability and more images of similar designs currently in stock\" \/>\n<meta property=\"og:url\" content=\"https:\/\/www.purejewels.com\/tr\/urun\/2si-1-arada-altin-bileklik\/\" \/>\n<meta property=\"og:site_name\" content=\"PureJewels UK\" \/>\n<meta property=\"article:modified_time\" content=\"2026-01-10T16:15:23+00:00\" \/>\n<meta property=\"og:image\" content=\"https:\/\/www.purejewels.com\/wp-content\/uploads\/2017\/07\/2in1_copy-2.png\" \/>\n\t<meta property=\"og:image:width\" content=\"3407\" \/>\n\t<meta property=\"og:image:height\" content=\"3407\" \/>\n\t<meta property=\"og:image:type\" content=\"image\/png\" \/>\n<meta name=\"twitter:card\" content=\"summary_large_image\" \/>\n<meta name=\"twitter:label1\" content=\"Tahmini okuma s\u00fcresi\" \/>\n\t<meta name=\"twitter:data1\" content=\"1 dakika\" \/>\n<script type=\"application\/ld+json\" class=\"yoast-schema-graph\">{\"@context\":\"https:\\\/\\\/schema.org\",\"@graph\":[{\"@type\":[\"WebPage\",\"ItemPage\"],\"@id\":\"https:\\\/\\\/www.purejewels.com\\\/product\\\/2-in-1-gold-bangle\\\/\",\"url\":\"https:\\\/\\\/www.purejewels.com\\\/product\\\/2-in-1-gold-bangle\\\/\",\"name\":\"22ct Gold Rhodium Plated Bangle - PureJewels UK\",\"isPartOf\":{\"@id\":\"https:\\\/\\\/www.purejewels.com\\\/#website\"},\"primaryImageOfPage\":{\"@id\":\"https:\\\/\\\/www.purejewels.com\\\/product\\\/2-in-1-gold-bangle\\\/#primaryimage\"},\"image\":{\"@id\":\"https:\\\/\\\/www.purejewels.com\\\/product\\\/2-in-1-gold-bangle\\\/#primaryimage\"},\"thumbnailUrl\":\"https:\\\/\\\/static.purejewels.com\\\/wp-content\\\/uploads\\\/2017\\\/07\\\/2in1_copy-2.png\",\"datePublished\":\"2017-07-19T12:30:12+00:00\",\"dateModified\":\"2026-01-10T16:15:23+00:00\",\"breadcrumb\":{\"@id\":\"https:\\\/\\\/www.purejewels.com\\\/product\\\/2-in-1-gold-bangle\\\/#breadcrumb\"},\"inLanguage\":\"tr\",\"potentialAction\":[{\"@type\":\"ReadAction\",\"target\":[\"https:\\\/\\\/www.purejewels.com\\\/product\\\/2-in-1-gold-bangle\\\/\"]}]},{\"@type\":\"ImageObject\",\"inLanguage\":\"tr\",\"@id\":\"https:\\\/\\\/www.purejewels.com\\\/product\\\/2-in-1-gold-bangle\\\/#primaryimage\",\"url\":\"https:\\\/\\\/static.purejewels.com\\\/wp-content\\\/uploads\\\/2017\\\/07\\\/2in1_copy-2.png\",\"contentUrl\":\"https:\\\/\\\/static.purejewels.com\\\/wp-content\\\/uploads\\\/2017\\\/07\\\/2in1_copy-2.png\",\"width\":3407,\"height\":3407,\"caption\":\"2in1_copy.png\"},{\"@type\":\"BreadcrumbList\",\"@id\":\"https:\\\/\\\/www.purejewels.com\\\/product\\\/2-in-1-gold-bangle\\\/#breadcrumb\",\"itemListElement\":[{\"@type\":\"ListItem\",\"position\":1,\"name\":\"Home\",\"item\":\"https:\\\/\\\/www.purejewels.com\\\/\"},{\"@type\":\"ListItem\",\"position\":2,\"name\":\"Shop\",\"item\":\"https:\\\/\\\/www.purejewels.com\\\/shop\\\/\"},{\"@type\":\"ListItem\",\"position\":3,\"name\":\"22ct Gold Rhodium Plated Bangle\"}]},{\"@type\":\"WebSite\",\"@id\":\"https:\\\/\\\/www.purejewels.com\\\/#website\",\"url\":\"https:\\\/\\\/www.purejewels.com\\\/\",\"name\":\"PureJewels UK\",\"description\":\"Share the Love\",\"publisher\":{\"@id\":\"https:\\\/\\\/www.purejewels.com\\\/#organization\"},\"potentialAction\":[{\"@type\":\"SearchAction\",\"target\":{\"@type\":\"EntryPoint\",\"urlTemplate\":\"https:\\\/\\\/www.purejewels.com\\\/?s={search_term_string}\"},\"query-input\":{\"@type\":\"PropertyValueSpecification\",\"valueRequired\":true,\"valueName\":\"search_term_string\"}}],\"inLanguage\":\"tr\"},{\"@type\":\"Organization\",\"@id\":\"https:\\\/\\\/www.purejewels.com\\\/#organization\",\"name\":\"PureJewels UK\",\"url\":\"https:\\\/\\\/www.purejewels.com\\\/\",\"logo\":{\"@type\":\"ImageObject\",\"inLanguage\":\"tr\",\"@id\":\"https:\\\/\\\/www.purejewels.com\\\/#\\\/schema\\\/logo\\\/image\\\/\",\"url\":\"https:\\\/\\\/static.purejewels.com\\\/wp-content\\\/uploads\\\/2020\\\/11\\\/Logo-PJ-New-1.png\",\"contentUrl\":\"https:\\\/\\\/static.purejewels.com\\\/wp-content\\\/uploads\\\/2020\\\/11\\\/Logo-PJ-New-1.png\",\"width\":150,\"height\":80,\"caption\":\"PureJewels UK\"},\"image\":{\"@id\":\"https:\\\/\\\/www.purejewels.com\\\/#\\\/schema\\\/logo\\\/image\\\/\"}}]}<\/script>\n<!-- \/ Yoast SEO plugin. -->","yoast_head_json":{"title":"22 Ayar Alt\u0131n Rodyum Kaplama Bileklik - PureJewels UK","robots":{"index":"index","follow":"follow","max-snippet":"max-snippet:-1","max-image-preview":"max-image-preview:large","max-video-preview":"max-video-preview:-1"},"canonical":"https:\/\/www.purejewels.com\/tr\/urun\/2si-1-arada-altin-bileklik\/","og_locale":"tr_TR","og_type":"article","og_title":"22ct Gold Rhodium Plated Bangle - PureJewels UK","og_description":"22ct Gold Rhodium Plated Bangle  SKU: 25775  \u00a0Beautifully crafted 2 in1 bangle with diamond cutting  14.3 gm  Comes With Presentation Box  Delivery Included  All prices include VAT  Live chat with us for availability and more images of similar designs currently in stock","og_url":"https:\/\/www.purejewels.com\/tr\/urun\/2si-1-arada-altin-bileklik\/","og_site_name":"PureJewels UK","article_modified_time":"2026-01-10T16:15:23+00:00","og_image":[{"width":3407,"height":3407,"url":"https:\/\/www.purejewels.com\/wp-content\/uploads\/2017\/07\/2in1_copy-2.png","type":"image\/png"}],"twitter_card":"summary_large_image","twitter_misc":{"Tahmini okuma s\u00fcresi":"1 dakika"},"schema":{"@context":"https:\/\/schema.org","@graph":[{"@type":["WebPage","ItemPage"],"@id":"https:\/\/www.purejewels.com\/product\/2-in-1-gold-bangle\/","url":"https:\/\/www.purejewels.com\/product\/2-in-1-gold-bangle\/","name":"22 Ayar Alt\u0131n Rodyum Kaplama Bileklik - PureJewels UK","isPartOf":{"@id":"https:\/\/www.purejewels.com\/#website"},"primaryImageOfPage":{"@id":"https:\/\/www.purejewels.com\/product\/2-in-1-gold-bangle\/#primaryimage"},"image":{"@id":"https:\/\/www.purejewels.com\/product\/2-in-1-gold-bangle\/#primaryimage"},"thumbnailUrl":"https:\/\/static.purejewels.com\/wp-content\/uploads\/2017\/07\/2in1_copy-2.png","datePublished":"2017-07-19T12:30:12+00:00","dateModified":"2026-01-10T16:15:23+00:00","breadcrumb":{"@id":"https:\/\/www.purejewels.com\/product\/2-in-1-gold-bangle\/#breadcrumb"},"inLanguage":"tr","potentialAction":[{"@type":"ReadAction","target":["https:\/\/www.purejewels.com\/product\/2-in-1-gold-bangle\/"]}]},{"@type":"ImageObject","inLanguage":"tr","@id":"https:\/\/www.purejewels.com\/product\/2-in-1-gold-bangle\/#primaryimage","url":"https:\/\/static.purejewels.com\/wp-content\/uploads\/2017\/07\/2in1_copy-2.png","contentUrl":"https:\/\/static.purejewels.com\/wp-content\/uploads\/2017\/07\/2in1_copy-2.png","width":3407,"height":3407,"caption":"2in1_copy.png"},{"@type":"BreadcrumbList","@id":"https:\/\/www.purejewels.com\/product\/2-in-1-gold-bangle\/#breadcrumb","itemListElement":[{"@type":"ListItem","position":1,"name":"Home","item":"https:\/\/www.purejewels.com\/"},{"@type":"ListItem","position":2,"name":"Shop","item":"https:\/\/www.purejewels.com\/shop\/"},{"@type":"ListItem","position":3,"name":"22ct Gold Rhodium Plated Bangle"}]},{"@type":"WebSite","@id":"https:\/\/www.purejewels.com\/#website","url":"https:\/\/www.purejewels.com\/","name":"PureJewels \u0130ngiltere","description":"Sevgiyi Payla\u015f\u0131n","publisher":{"@id":"https:\/\/www.purejewels.com\/#organization"},"potentialAction":[{"@type":"SearchAction","target":{"@type":"EntryPoint","urlTemplate":"https:\/\/www.purejewels.com\/?s={search_term_string}"},"query-input":{"@type":"PropertyValueSpecification","valueRequired":true,"valueName":"search_term_string"}}],"inLanguage":"tr"},{"@type":"Organization","@id":"https:\/\/www.purejewels.com\/#organization","name":"PureJewels \u0130ngiltere","url":"https:\/\/www.purejewels.com\/","logo":{"@type":"ImageObject","inLanguage":"tr","@id":"https:\/\/www.purejewels.com\/#\/schema\/logo\/image\/","url":"https:\/\/static.purejewels.com\/wp-content\/uploads\/2020\/11\/Logo-PJ-New-1.png","contentUrl":"https:\/\/static.purejewels.com\/wp-content\/uploads\/2020\/11\/Logo-PJ-New-1.png","width":150,"height":80,"caption":"PureJewels UK"},"image":{"@id":"https:\/\/www.purejewels.com\/#\/schema\/logo\/image\/"}}]}},"_links":{"self":[{"href":"https:\/\/www.purejewels.com\/tr\/wp-json\/wp\/v2\/product\/4538","targetHints":{"allow":["GET"]}}],"collection":[{"href":"https:\/\/www.purejewels.com\/tr\/wp-json\/wp\/v2\/product"}],"about":[{"href":"https:\/\/www.purejewels.com\/tr\/wp-json\/wp\/v2\/types\/product"}],"replies":[{"embeddable":true,"href":"https:\/\/www.purejewels.com\/tr\/wp-json\/wp\/v2\/comments?post=4538"}],"version-history":[{"count":1,"href":"https:\/\/www.purejewels.com\/tr\/wp-json\/wp\/v2\/product\/4538\/revisions"}],"predecessor-version":[{"id":420550,"href":"https:\/\/www.purejewels.com\/tr\/wp-json\/wp\/v2\/product\/4538\/revisions\/420550"}],"wp:featuredmedia":[{"embeddable":true,"href":"https:\/\/www.purejewels.com\/tr\/wp-json\/wp\/v2\/media\/4539"}],"wp:attachment":[{"href":"https:\/\/www.purejewels.com\/tr\/wp-json\/wp\/v2\/media?parent=4538"}],"wp:term":[{"taxonomy":"product_brand","embeddable":true,"href":"https:\/\/www.purejewels.com\/tr\/wp-json\/wp\/v2\/product_brand?post=4538"},{"taxonomy":"product_cat","embeddable":true,"href":"https:\/\/www.purejewels.com\/tr\/wp-json\/wp\/v2\/product_cat?post=4538"},{"taxonomy":"product_tag","embeddable":true,"href":"https:\/\/www.purejewels.com\/tr\/wp-json\/wp\/v2\/product_tag?post=4538"}],"curies":[{"name":"wp","href":"https:\/\/api.w.org\/{rel}","templated":true}]}}