{"id":4542,"date":"2017-07-19T13:30:27","date_gmt":"2017-07-19T12:30:27","guid":{"rendered":"http:\/\/new.purejewels.com\/product\/rose-gold-diamond-necklace\/"},"modified":"2025-11-11T11:40:23","modified_gmt":"2025-11-11T11:40:23","slug":"pembe-altin-pirlanta-kolye","status":"publish","type":"product","link":"https:\/\/www.purejewels.com\/tr\/product\/rose-gold-diamond-necklace\/","title":{"rendered":"18 Ayar Pembe Alt\u0131n P\u0131rlanta Kolye"},"content":{"rendered":"<p>Bu \u00e7arp\u0131c\u0131 18 Ayar Pembe Alt\u0131n P\u0131rlanta Gelin Kolyesi ger\u00e7ek bir \u015fov y\u0131ld\u0131z\u0131d\u0131r. Toplam a\u011f\u0131rl\u0131\u011f\u0131 13,1 gram olan ve 1,22 karat do\u011fal parlak kesim yuvarlak p\u0131rlanta i\u00e7eren bu kolye zarafet ve sofistike bir g\u00f6r\u00fcn\u00fcm sergiler. 17 in\u00e7lik uzunlu\u011fu, ister \u00f6zel bir g\u00fcn ister g\u00fcnl\u00fck kullan\u0131m i\u00e7in olsun, her t\u00fcrl\u00fc k\u0131yafete ihti\u015faml\u0131 bir dokunu\u015f katmak i\u00e7in m\u00fckemmeldir.<\/p>\n<p>Bu kolyedeki her bir p\u0131rlantaya, orijinalli\u011fini do\u011frulamak i\u00e7in bir m\u00fccevher sertifikas\u0131 (SGLDXJ11600W) e\u015flik eder. 18 ayar alt\u0131n\u0131n kalitesi ve safl\u0131\u011f\u0131 Londra Assay Office taraf\u0131ndan damgalanm\u0131\u015ft\u0131r. Sunum kutusunda g\u00fczel bir \u015fekilde sunulan bu kolye, sevdi\u011finiz biri i\u00e7in m\u00fckemmel bir hediye veya kendiniz i\u00e7in hak etti\u011finiz bir ikramd\u0131r.<\/p>","protected":false},"excerpt":{"rendered":"<ul>\n<li><span style=\"float: none; background-color: transparent; color: #000000; font-family: 'Source Sans Pro','HelveticaNeue','Helvetica Neue',Helvetica,Arial,sans-serif; font-size: 15px; font-style: normal; font-variant: normal; font-weight: 400; letter-spacing: normal; line-height: 24.75px; text-align: left; text-decoration: none; text-indent: 0px;\">18 Ayar Pembe Alt\u0131n P\u0131rlanta Gelin Kolyesi<\/span><\/li>\n<li>13,1 gm<\/li>\n<li>1,22 ct do\u011fal parlak kesim yuvarlak p\u0131rlanta<\/li>\n<li>17 in\u00e7 uzunluk<\/li>\n<li>Elmaslar\u0131n Orijinalli\u011fini do\u011frulamak i\u00e7in web sitesini takip edin<\/li>\n<li>http:\/\/www.solitaire-labs.com\/verify-your-report\/<\/li>\n<li>M\u00fccevher sertifikas\u0131 (SGLDXJ11600W)<\/li>\n<li>T\u00fcm fiyatlara KDV dahildir<\/li>\n<li>Londra Tahlil Ofisi Taraf\u0131ndan Damgalanm\u0131\u015f 18 Ayar Alt\u0131n<\/li>\n<li>Sunum Kutusu ile Birlikte Gelir<\/li>\n<li>Teslimat Dahil<\/li>\n<li>Stok durumu ve stokta bulunan benzer tasar\u0131mlar\u0131n daha fazla g\u00f6r\u00fcnt\u00fcs\u00fc i\u00e7in bizimle canl\u0131 sohbet edin<\/li>\n<\/ul>","protected":false},"featured_media":4543,"comment_status":"closed","ping_status":"closed","template":"","meta":{"_eb_attr":"","_crsspst_to_jayantr4sg-hostcom":false},"product_brand":[],"product_cat":[1533,246],"product_tag":[1461],"class_list":{"0":"post-4542","1":"product","2":"type-product","3":"status-publish","4":"has-post-thumbnail","6":"product_cat-diamond-jewellery-set","7":"product_cat-rose-gold-collections","8":"product_tag-diamond-necklace","10":"first","11":"outofstock","12":"taxable","13":"shipping-taxable","14":"product-type-simple","15":"add-to-wishlist-before_image"},"yoast_head":"<!-- This site is optimized with the Yoast SEO plugin v27.6 - https:\/\/yoast.com\/product\/yoast-seo-wordpress\/ -->\n<title>18ct Rose Gold Diamond Bridal Necklace | PureJewels UK<\/title>\n<meta name=\"description\" content=\"Shop 18ct Rose Gold Diamond Bridal Necklace. This stunning necklace features 1.22 ct natural brilliant cut round diamonds and is 17 inches long.\" \/>\n<meta name=\"robots\" content=\"index, follow, max-snippet:-1, max-image-preview:large, max-video-preview:-1\" \/>\n<link rel=\"canonical\" href=\"https:\/\/www.purejewels.com\/tr\/urun\/pembe-altin-pirlanta-kolye\/\" \/>\n<meta property=\"og:locale\" content=\"tr_TR\" \/>\n<meta property=\"og:type\" content=\"article\" \/>\n<meta property=\"og:title\" content=\"18ct Rose Gold Diamond Bridal Necklace | PureJewels UK\" \/>\n<meta property=\"og:description\" content=\"Shop 18ct Rose Gold Diamond Bridal Necklace. This stunning necklace features 1.22 ct natural brilliant cut round diamonds and is 17 inches long.\" \/>\n<meta property=\"og:url\" content=\"https:\/\/www.purejewels.com\/tr\/urun\/pembe-altin-pirlanta-kolye\/\" \/>\n<meta property=\"og:site_name\" content=\"PureJewels UK\" \/>\n<meta property=\"article:modified_time\" content=\"2025-11-11T11:40:23+00:00\" \/>\n<meta property=\"og:image\" content=\"https:\/\/www.purejewels.com\/wp-content\/uploads\/2017\/07\/00025693-2.png\" \/>\n\t<meta property=\"og:image:width\" content=\"960\" \/>\n\t<meta property=\"og:image:height\" content=\"960\" \/>\n\t<meta property=\"og:image:type\" content=\"image\/png\" \/>\n<meta name=\"twitter:card\" content=\"summary_large_image\" \/>\n<meta name=\"twitter:label1\" content=\"Tahmini okuma s\u00fcresi\" \/>\n\t<meta name=\"twitter:data1\" content=\"1 dakika\" \/>\n<script type=\"application\/ld+json\" class=\"yoast-schema-graph\">{\"@context\":\"https:\\\/\\\/schema.org\",\"@graph\":[{\"@type\":[\"WebPage\",\"ItemPage\"],\"@id\":\"https:\\\/\\\/www.purejewels.com\\\/product\\\/rose-gold-diamond-necklace\\\/\",\"url\":\"https:\\\/\\\/www.purejewels.com\\\/product\\\/rose-gold-diamond-necklace\\\/\",\"name\":\"18ct Rose Gold Diamond Bridal Necklace | PureJewels UK\",\"isPartOf\":{\"@id\":\"https:\\\/\\\/www.purejewels.com\\\/#website\"},\"primaryImageOfPage\":{\"@id\":\"https:\\\/\\\/www.purejewels.com\\\/product\\\/rose-gold-diamond-necklace\\\/#primaryimage\"},\"image\":{\"@id\":\"https:\\\/\\\/www.purejewels.com\\\/product\\\/rose-gold-diamond-necklace\\\/#primaryimage\"},\"thumbnailUrl\":\"https:\\\/\\\/static.purejewels.com\\\/wp-content\\\/uploads\\\/2017\\\/07\\\/00025693-2.png\",\"datePublished\":\"2017-07-19T12:30:27+00:00\",\"dateModified\":\"2025-11-11T11:40:23+00:00\",\"description\":\"Shop 18ct Rose Gold Diamond Bridal Necklace. This stunning necklace features 1.22 ct natural brilliant cut round diamonds and is 17 inches long.\",\"breadcrumb\":{\"@id\":\"https:\\\/\\\/www.purejewels.com\\\/product\\\/rose-gold-diamond-necklace\\\/#breadcrumb\"},\"inLanguage\":\"tr\",\"potentialAction\":[{\"@type\":\"ReadAction\",\"target\":[\"https:\\\/\\\/www.purejewels.com\\\/product\\\/rose-gold-diamond-necklace\\\/\"]}]},{\"@type\":\"ImageObject\",\"inLanguage\":\"tr\",\"@id\":\"https:\\\/\\\/www.purejewels.com\\\/product\\\/rose-gold-diamond-necklace\\\/#primaryimage\",\"url\":\"https:\\\/\\\/static.purejewels.com\\\/wp-content\\\/uploads\\\/2017\\\/07\\\/00025693-2.png\",\"contentUrl\":\"https:\\\/\\\/static.purejewels.com\\\/wp-content\\\/uploads\\\/2017\\\/07\\\/00025693-2.png\",\"width\":960,\"height\":960,\"caption\":\"00025693.png\"},{\"@type\":\"BreadcrumbList\",\"@id\":\"https:\\\/\\\/www.purejewels.com\\\/product\\\/rose-gold-diamond-necklace\\\/#breadcrumb\",\"itemListElement\":[{\"@type\":\"ListItem\",\"position\":1,\"name\":\"Home\",\"item\":\"https:\\\/\\\/www.purejewels.com\\\/\"},{\"@type\":\"ListItem\",\"position\":2,\"name\":\"Shop\",\"item\":\"https:\\\/\\\/www.purejewels.com\\\/shop\\\/\"},{\"@type\":\"ListItem\",\"position\":3,\"name\":\"18ct Rose Gold Diamond Necklace\"}]},{\"@type\":\"WebSite\",\"@id\":\"https:\\\/\\\/www.purejewels.com\\\/#website\",\"url\":\"https:\\\/\\\/www.purejewels.com\\\/\",\"name\":\"PureJewels UK\",\"description\":\"Share the Love\",\"publisher\":{\"@id\":\"https:\\\/\\\/www.purejewels.com\\\/#organization\"},\"potentialAction\":[{\"@type\":\"SearchAction\",\"target\":{\"@type\":\"EntryPoint\",\"urlTemplate\":\"https:\\\/\\\/www.purejewels.com\\\/?s={search_term_string}\"},\"query-input\":{\"@type\":\"PropertyValueSpecification\",\"valueRequired\":true,\"valueName\":\"search_term_string\"}}],\"inLanguage\":\"tr\"},{\"@type\":\"Organization\",\"@id\":\"https:\\\/\\\/www.purejewels.com\\\/#organization\",\"name\":\"PureJewels UK\",\"url\":\"https:\\\/\\\/www.purejewels.com\\\/\",\"logo\":{\"@type\":\"ImageObject\",\"inLanguage\":\"tr\",\"@id\":\"https:\\\/\\\/www.purejewels.com\\\/#\\\/schema\\\/logo\\\/image\\\/\",\"url\":\"https:\\\/\\\/static.purejewels.com\\\/wp-content\\\/uploads\\\/2020\\\/11\\\/Logo-PJ-New-1.png\",\"contentUrl\":\"https:\\\/\\\/static.purejewels.com\\\/wp-content\\\/uploads\\\/2020\\\/11\\\/Logo-PJ-New-1.png\",\"width\":150,\"height\":80,\"caption\":\"PureJewels UK\"},\"image\":{\"@id\":\"https:\\\/\\\/www.purejewels.com\\\/#\\\/schema\\\/logo\\\/image\\\/\"}}]}<\/script>\n<!-- \/ Yoast SEO plugin. -->","yoast_head_json":{"title":"18 Ayar Pembe Alt\u0131n P\u0131rlanta Gelin Kolyesi | PureJewels UK","description":"18 Ayar Pembe Alt\u0131n P\u0131rlanta Gelin Kolyesi sat\u0131n al\u0131n. Bu \u00e7arp\u0131c\u0131 kolye 1,22 ct do\u011fal parlak kesim yuvarlak p\u0131rlantaya sahiptir ve 17 in\u00e7 uzunlu\u011fundad\u0131r.","robots":{"index":"index","follow":"follow","max-snippet":"max-snippet:-1","max-image-preview":"max-image-preview:large","max-video-preview":"max-video-preview:-1"},"canonical":"https:\/\/www.purejewels.com\/tr\/urun\/pembe-altin-pirlanta-kolye\/","og_locale":"tr_TR","og_type":"article","og_title":"18ct Rose Gold Diamond Bridal Necklace | PureJewels UK","og_description":"Shop 18ct Rose Gold Diamond Bridal Necklace. This stunning necklace features 1.22 ct natural brilliant cut round diamonds and is 17 inches long.","og_url":"https:\/\/www.purejewels.com\/tr\/urun\/pembe-altin-pirlanta-kolye\/","og_site_name":"PureJewels UK","article_modified_time":"2025-11-11T11:40:23+00:00","og_image":[{"width":960,"height":960,"url":"https:\/\/www.purejewels.com\/wp-content\/uploads\/2017\/07\/00025693-2.png","type":"image\/png"}],"twitter_card":"summary_large_image","twitter_misc":{"Tahmini okuma s\u00fcresi":"1 dakika"},"schema":{"@context":"https:\/\/schema.org","@graph":[{"@type":["WebPage","ItemPage"],"@id":"https:\/\/www.purejewels.com\/product\/rose-gold-diamond-necklace\/","url":"https:\/\/www.purejewels.com\/product\/rose-gold-diamond-necklace\/","name":"18 Ayar Pembe Alt\u0131n P\u0131rlanta Gelin Kolyesi | PureJewels UK","isPartOf":{"@id":"https:\/\/www.purejewels.com\/#website"},"primaryImageOfPage":{"@id":"https:\/\/www.purejewels.com\/product\/rose-gold-diamond-necklace\/#primaryimage"},"image":{"@id":"https:\/\/www.purejewels.com\/product\/rose-gold-diamond-necklace\/#primaryimage"},"thumbnailUrl":"https:\/\/static.purejewels.com\/wp-content\/uploads\/2017\/07\/00025693-2.png","datePublished":"2017-07-19T12:30:27+00:00","dateModified":"2025-11-11T11:40:23+00:00","description":"18 Ayar Pembe Alt\u0131n P\u0131rlanta Gelin Kolyesi sat\u0131n al\u0131n. Bu \u00e7arp\u0131c\u0131 kolye 1,22 ct do\u011fal parlak kesim yuvarlak p\u0131rlantaya sahiptir ve 17 in\u00e7 uzunlu\u011fundad\u0131r.","breadcrumb":{"@id":"https:\/\/www.purejewels.com\/product\/rose-gold-diamond-necklace\/#breadcrumb"},"inLanguage":"tr","potentialAction":[{"@type":"ReadAction","target":["https:\/\/www.purejewels.com\/product\/rose-gold-diamond-necklace\/"]}]},{"@type":"ImageObject","inLanguage":"tr","@id":"https:\/\/www.purejewels.com\/product\/rose-gold-diamond-necklace\/#primaryimage","url":"https:\/\/static.purejewels.com\/wp-content\/uploads\/2017\/07\/00025693-2.png","contentUrl":"https:\/\/static.purejewels.com\/wp-content\/uploads\/2017\/07\/00025693-2.png","width":960,"height":960,"caption":"00025693.png"},{"@type":"BreadcrumbList","@id":"https:\/\/www.purejewels.com\/product\/rose-gold-diamond-necklace\/#breadcrumb","itemListElement":[{"@type":"ListItem","position":1,"name":"Home","item":"https:\/\/www.purejewels.com\/"},{"@type":"ListItem","position":2,"name":"Shop","item":"https:\/\/www.purejewels.com\/shop\/"},{"@type":"ListItem","position":3,"name":"18ct Rose Gold Diamond Necklace"}]},{"@type":"WebSite","@id":"https:\/\/www.purejewels.com\/#website","url":"https:\/\/www.purejewels.com\/","name":"PureJewels \u0130ngiltere","description":"Sevgiyi Payla\u015f\u0131n","publisher":{"@id":"https:\/\/www.purejewels.com\/#organization"},"potentialAction":[{"@type":"SearchAction","target":{"@type":"EntryPoint","urlTemplate":"https:\/\/www.purejewels.com\/?s={search_term_string}"},"query-input":{"@type":"PropertyValueSpecification","valueRequired":true,"valueName":"search_term_string"}}],"inLanguage":"tr"},{"@type":"Organization","@id":"https:\/\/www.purejewels.com\/#organization","name":"PureJewels \u0130ngiltere","url":"https:\/\/www.purejewels.com\/","logo":{"@type":"ImageObject","inLanguage":"tr","@id":"https:\/\/www.purejewels.com\/#\/schema\/logo\/image\/","url":"https:\/\/static.purejewels.com\/wp-content\/uploads\/2020\/11\/Logo-PJ-New-1.png","contentUrl":"https:\/\/static.purejewels.com\/wp-content\/uploads\/2020\/11\/Logo-PJ-New-1.png","width":150,"height":80,"caption":"PureJewels UK"},"image":{"@id":"https:\/\/www.purejewels.com\/#\/schema\/logo\/image\/"}}]}},"_links":{"self":[{"href":"https:\/\/www.purejewels.com\/tr\/wp-json\/wp\/v2\/product\/4542","targetHints":{"allow":["GET"]}}],"collection":[{"href":"https:\/\/www.purejewels.com\/tr\/wp-json\/wp\/v2\/product"}],"about":[{"href":"https:\/\/www.purejewels.com\/tr\/wp-json\/wp\/v2\/types\/product"}],"replies":[{"embeddable":true,"href":"https:\/\/www.purejewels.com\/tr\/wp-json\/wp\/v2\/comments?post=4542"}],"version-history":[{"count":1,"href":"https:\/\/www.purejewels.com\/tr\/wp-json\/wp\/v2\/product\/4542\/revisions"}],"predecessor-version":[{"id":420783,"href":"https:\/\/www.purejewels.com\/tr\/wp-json\/wp\/v2\/product\/4542\/revisions\/420783"}],"wp:featuredmedia":[{"embeddable":true,"href":"https:\/\/www.purejewels.com\/tr\/wp-json\/wp\/v2\/media\/4543"}],"wp:attachment":[{"href":"https:\/\/www.purejewels.com\/tr\/wp-json\/wp\/v2\/media?parent=4542"}],"wp:term":[{"taxonomy":"product_brand","embeddable":true,"href":"https:\/\/www.purejewels.com\/tr\/wp-json\/wp\/v2\/product_brand?post=4542"},{"taxonomy":"product_cat","embeddable":true,"href":"https:\/\/www.purejewels.com\/tr\/wp-json\/wp\/v2\/product_cat?post=4542"},{"taxonomy":"product_tag","embeddable":true,"href":"https:\/\/www.purejewels.com\/tr\/wp-json\/wp\/v2\/product_tag?post=4542"}],"curies":[{"name":"wp","href":"https:\/\/api.w.org\/{rel}","templated":true}]}}