{"id":4546,"date":"2017-07-19T13:30:31","date_gmt":"2017-07-19T12:30:31","guid":{"rendered":"http:\/\/new.purejewels.com\/product\/rose-gold-bracelet-2\/"},"modified":"2026-01-10T16:15:23","modified_gmt":"2026-01-10T16:15:23","slug":"pembe-altin-bilezik-2","status":"publish","type":"product","link":"https:\/\/www.purejewels.com\/tr\/product\/rose-gold-bracelet-2\/","title":{"rendered":"18 Ayar Pembe Alt\u0131n P\u0131rlanta Bileklik"},"content":{"rendered":"<p>Bu zamans\u0131z \u015f\u0131kl\u0131\u011f\u0131n tad\u0131n\u0131 \u00e7\u0131kar\u0131n <a href=\"https:\/\/www.purejewels.com\/tr\/product\/18ct-white-gold-khanda-sikh-religious-pendant-6226\/\">18ct<\/a> Pembe Alt\u0131n P\u0131rlanta <a href=\"https:\/\/www.purejewels.com\/tr\/product-category\/22ct-gold-jewellery\/gold-bracelet\/\">Bilezik<\/a> PureJewels UK'den. Detaylara b\u00fcy\u00fck \u00f6zen g\u00f6sterilerek haz\u0131rlanan bu bileklik, pembe alt\u0131n ve p\u0131rlantan\u0131n \u00e7arp\u0131c\u0131 bir kombinasyonunu i\u00e7eriyor ve her m\u00fccevher koleksiyonuna l\u00fcks bir katk\u0131 sa\u011fl\u0131yor. 18 ayar pembe alt\u0131n bilezi\u011fe s\u0131cak ve romantik bir renk verirken, \u0131\u015f\u0131lt\u0131l\u0131 p\u0131rlantalar da cazibe ve sofistike bir dokunu\u015f kat\u0131yor.<\/p>\n<p>Yar\u0131m karattan fazla p\u0131rlanta ve SGL'nin Elmas G\u00fcven Damgas\u0131 ile bu par\u00e7an\u0131n kalitesinden ve orijinalli\u011finden emin olabilirsiniz. Bilezi\u011fin zarif tasar\u0131m\u0131, g\u00fcnl\u00fck kullan\u0131m veya \u00f6zel g\u00fcnler i\u00e7in m\u00fckemmeldir ve her k\u0131yafete l\u00fcks bir dokunu\u015f katar. \u0130ster kendinizi \u015f\u0131mart\u0131n ister sevdi\u011finiz biri i\u00e7in m\u00fckemmel bir hediye aray\u0131n, bu Pembe Alt\u0131n P\u0131rlanta Bilezi\u011fin sizi etkileyece\u011finden emin olabilirsiniz.<\/p>","protected":false},"excerpt":{"rendered":"<p>Ona g\u00fcl renkli bir bileklik verin ve t\u00fcm y\u0131l boyunca g\u00f6zde olun.  En sevdiklerimizden biri olan Rose Gold &amp; Diamond koleksiyonu 2018'in ve muhtemelen sonsuza dek modas\u0131 ge\u00e7meyecek.  18 ayar pembe alt\u0131n (bak\u0131rla renklendirilmi\u015f sar\u0131 alt\u0131n) ve bol miktarda p\u0131rlantadan (burada yar\u0131m karattan fazla!) \u00fcretilmi\u015ftir - SGL'den bir P\u0131rlanta G\u00fcven Damgas\u0131 ile birlikte gelir.  Bu narin ve inan\u0131lmaz derecede g\u00f6z al\u0131c\u0131 bilezik her duruma uygundur.  Neden onu buraya getirip denemesine izin vermiyorsunuz?<\/p>\n<ul>\n<li>\u00a018 Ayar Pembe Alt\u0131n<\/li>\n<li>\u00a07.1 gm<\/li>\n<li>0,67 ct P\u0131rlanta<\/li>\n<li>7,5 in\u00e7 uzunluk<\/li>\n<li>Elmaslar\u0131n Orijinalli\u011fini do\u011frulamak i\u00e7in web sitesini takip edin:<\/li>\n<li>http:\/\/www.solitaire-labs.com\/verify-your-report\/<\/li>\n<li>M\u00fccevher sertifikas\u0131 (SGLDXJ11581W)<\/li>\n<li>London Assay Office taraf\u0131ndan damgalanm\u0131\u015f alt\u0131n<\/li>\n<li>Sunum Kutusu ile Birlikte Gelir<\/li>\n<li>Teslimat Dahil<\/li>\n<li>Stok durumu ve stokta bulunan benzer tasar\u0131mlar\u0131n daha fazla g\u00f6r\u00fcnt\u00fcs\u00fc i\u00e7in bizimle canl\u0131 sohbet edin<\/li>\n<\/ul>","protected":false},"featured_media":4547,"comment_status":"closed","ping_status":"closed","template":"","meta":{"_eb_attr":"","_crsspst_to_jayantr4sg-hostcom":false},"product_brand":[],"product_cat":[1533,1627,246,1657,1574],"product_tag":[],"class_list":{"0":"post-4546","1":"product","2":"type-product","3":"status-publish","4":"has-post-thumbnail","6":"product_cat-diamond-jewellery-set","7":"product_cat-ladies-bracelet","8":"product_cat-rose-gold-collections","9":"product_cat-single-bangle","10":"product_cat-womens-jewellery","12":"first","13":"outofstock","14":"taxable","15":"shipping-taxable","16":"product-type-simple","17":"add-to-wishlist-before_image"},"yoast_head":"<!-- This site is optimized with the Yoast SEO plugin v27.6 - https:\/\/yoast.com\/product\/yoast-seo-wordpress\/ -->\n<title>18ct Rose Gold Diamond Bracelet | PureJewels London<\/title>\n<meta name=\"description\" content=\"Grace your wrist with timeless sparkle. This 18ct rose gold diamond bracelet by PureJewels exudes refined sophistication and modern charm.\" \/>\n<meta name=\"robots\" content=\"index, follow, max-snippet:-1, max-image-preview:large, max-video-preview:-1\" \/>\n<link rel=\"canonical\" href=\"https:\/\/www.purejewels.com\/tr\/urun\/pembe-altin-bilezik-2\/\" \/>\n<meta property=\"og:locale\" content=\"tr_TR\" \/>\n<meta property=\"og:type\" content=\"article\" \/>\n<meta property=\"og:title\" content=\"18ct Rose Gold Diamond Bracelet | PureJewels London\" \/>\n<meta property=\"og:description\" content=\"Grace your wrist with timeless sparkle. This 18ct rose gold diamond bracelet by PureJewels exudes refined sophistication and modern charm.\" \/>\n<meta property=\"og:url\" content=\"https:\/\/www.purejewels.com\/tr\/urun\/pembe-altin-bilezik-2\/\" \/>\n<meta property=\"og:site_name\" content=\"PureJewels UK\" \/>\n<meta property=\"article:modified_time\" content=\"2026-01-10T16:15:23+00:00\" \/>\n<meta property=\"og:image\" content=\"https:\/\/www.purejewels.com\/wp-content\/uploads\/2017\/07\/00025698-2.png\" \/>\n\t<meta property=\"og:image:width\" content=\"960\" \/>\n\t<meta property=\"og:image:height\" content=\"960\" \/>\n\t<meta property=\"og:image:type\" content=\"image\/png\" \/>\n<meta name=\"twitter:card\" content=\"summary_large_image\" \/>\n<meta name=\"twitter:label1\" content=\"Tahmini okuma s\u00fcresi\" \/>\n\t<meta name=\"twitter:data1\" content=\"1 dakika\" \/>\n<script type=\"application\/ld+json\" class=\"yoast-schema-graph\">{\"@context\":\"https:\\\/\\\/schema.org\",\"@graph\":[{\"@type\":[\"WebPage\",\"ItemPage\"],\"@id\":\"https:\\\/\\\/www.purejewels.com\\\/product\\\/rose-gold-bracelet-2\\\/\",\"url\":\"https:\\\/\\\/www.purejewels.com\\\/product\\\/rose-gold-bracelet-2\\\/\",\"name\":\"18ct Rose Gold Diamond Bracelet | PureJewels London\",\"isPartOf\":{\"@id\":\"https:\\\/\\\/www.purejewels.com\\\/#website\"},\"primaryImageOfPage\":{\"@id\":\"https:\\\/\\\/www.purejewels.com\\\/product\\\/rose-gold-bracelet-2\\\/#primaryimage\"},\"image\":{\"@id\":\"https:\\\/\\\/www.purejewels.com\\\/product\\\/rose-gold-bracelet-2\\\/#primaryimage\"},\"thumbnailUrl\":\"https:\\\/\\\/static.purejewels.com\\\/wp-content\\\/uploads\\\/2017\\\/07\\\/00025698-2.png\",\"datePublished\":\"2017-07-19T12:30:31+00:00\",\"dateModified\":\"2026-01-10T16:15:23+00:00\",\"description\":\"Grace your wrist with timeless sparkle. This 18ct rose gold diamond bracelet by PureJewels exudes refined sophistication and modern charm.\",\"breadcrumb\":{\"@id\":\"https:\\\/\\\/www.purejewels.com\\\/product\\\/rose-gold-bracelet-2\\\/#breadcrumb\"},\"inLanguage\":\"tr\",\"potentialAction\":[{\"@type\":\"ReadAction\",\"target\":[\"https:\\\/\\\/www.purejewels.com\\\/product\\\/rose-gold-bracelet-2\\\/\"]}]},{\"@type\":\"ImageObject\",\"inLanguage\":\"tr\",\"@id\":\"https:\\\/\\\/www.purejewels.com\\\/product\\\/rose-gold-bracelet-2\\\/#primaryimage\",\"url\":\"https:\\\/\\\/static.purejewels.com\\\/wp-content\\\/uploads\\\/2017\\\/07\\\/00025698-2.png\",\"contentUrl\":\"https:\\\/\\\/static.purejewels.com\\\/wp-content\\\/uploads\\\/2017\\\/07\\\/00025698-2.png\",\"width\":960,\"height\":960,\"caption\":\"00025698.png\"},{\"@type\":\"BreadcrumbList\",\"@id\":\"https:\\\/\\\/www.purejewels.com\\\/product\\\/rose-gold-bracelet-2\\\/#breadcrumb\",\"itemListElement\":[{\"@type\":\"ListItem\",\"position\":1,\"name\":\"Home\",\"item\":\"https:\\\/\\\/www.purejewels.com\\\/\"},{\"@type\":\"ListItem\",\"position\":2,\"name\":\"Shop\",\"item\":\"https:\\\/\\\/www.purejewels.com\\\/shop\\\/\"},{\"@type\":\"ListItem\",\"position\":3,\"name\":\"18ct Rose Gold Diamond Bracelet\"}]},{\"@type\":\"WebSite\",\"@id\":\"https:\\\/\\\/www.purejewels.com\\\/#website\",\"url\":\"https:\\\/\\\/www.purejewels.com\\\/\",\"name\":\"PureJewels UK\",\"description\":\"Share the Love\",\"publisher\":{\"@id\":\"https:\\\/\\\/www.purejewels.com\\\/#organization\"},\"potentialAction\":[{\"@type\":\"SearchAction\",\"target\":{\"@type\":\"EntryPoint\",\"urlTemplate\":\"https:\\\/\\\/www.purejewels.com\\\/?s={search_term_string}\"},\"query-input\":{\"@type\":\"PropertyValueSpecification\",\"valueRequired\":true,\"valueName\":\"search_term_string\"}}],\"inLanguage\":\"tr\"},{\"@type\":\"Organization\",\"@id\":\"https:\\\/\\\/www.purejewels.com\\\/#organization\",\"name\":\"PureJewels UK\",\"url\":\"https:\\\/\\\/www.purejewels.com\\\/\",\"logo\":{\"@type\":\"ImageObject\",\"inLanguage\":\"tr\",\"@id\":\"https:\\\/\\\/www.purejewels.com\\\/#\\\/schema\\\/logo\\\/image\\\/\",\"url\":\"https:\\\/\\\/static.purejewels.com\\\/wp-content\\\/uploads\\\/2020\\\/11\\\/Logo-PJ-New-1.png\",\"contentUrl\":\"https:\\\/\\\/static.purejewels.com\\\/wp-content\\\/uploads\\\/2020\\\/11\\\/Logo-PJ-New-1.png\",\"width\":150,\"height\":80,\"caption\":\"PureJewels UK\"},\"image\":{\"@id\":\"https:\\\/\\\/www.purejewels.com\\\/#\\\/schema\\\/logo\\\/image\\\/\"}}]}<\/script>\n<!-- \/ Yoast SEO plugin. -->","yoast_head_json":{"title":"18 Ayar Pembe Alt\u0131n P\u0131rlanta Bileklik | PureJewels London","description":"Bile\u011finizi zamans\u0131z bir \u0131\u015f\u0131lt\u0131yla s\u00fcsleyin. PureJewels imzal\u0131 bu 18 ayar pembe alt\u0131n p\u0131rlanta bileklik, zarif bir incelik ve modern bir \u00e7ekicilik sunuyor.","robots":{"index":"index","follow":"follow","max-snippet":"max-snippet:-1","max-image-preview":"max-image-preview:large","max-video-preview":"max-video-preview:-1"},"canonical":"https:\/\/www.purejewels.com\/tr\/urun\/pembe-altin-bilezik-2\/","og_locale":"tr_TR","og_type":"article","og_title":"18ct Rose Gold Diamond Bracelet | PureJewels London","og_description":"Grace your wrist with timeless sparkle. This 18ct rose gold diamond bracelet by PureJewels exudes refined sophistication and modern charm.","og_url":"https:\/\/www.purejewels.com\/tr\/urun\/pembe-altin-bilezik-2\/","og_site_name":"PureJewels UK","article_modified_time":"2026-01-10T16:15:23+00:00","og_image":[{"width":960,"height":960,"url":"https:\/\/www.purejewels.com\/wp-content\/uploads\/2017\/07\/00025698-2.png","type":"image\/png"}],"twitter_card":"summary_large_image","twitter_misc":{"Tahmini okuma s\u00fcresi":"1 dakika"},"schema":{"@context":"https:\/\/schema.org","@graph":[{"@type":["WebPage","ItemPage"],"@id":"https:\/\/www.purejewels.com\/product\/rose-gold-bracelet-2\/","url":"https:\/\/www.purejewels.com\/product\/rose-gold-bracelet-2\/","name":"18 Ayar Pembe Alt\u0131n P\u0131rlanta Bileklik | PureJewels London","isPartOf":{"@id":"https:\/\/www.purejewels.com\/#website"},"primaryImageOfPage":{"@id":"https:\/\/www.purejewels.com\/product\/rose-gold-bracelet-2\/#primaryimage"},"image":{"@id":"https:\/\/www.purejewels.com\/product\/rose-gold-bracelet-2\/#primaryimage"},"thumbnailUrl":"https:\/\/static.purejewels.com\/wp-content\/uploads\/2017\/07\/00025698-2.png","datePublished":"2017-07-19T12:30:31+00:00","dateModified":"2026-01-10T16:15:23+00:00","description":"Bile\u011finizi zamans\u0131z bir \u0131\u015f\u0131lt\u0131yla s\u00fcsleyin. PureJewels imzal\u0131 bu 18 ayar pembe alt\u0131n p\u0131rlanta bileklik, zarif bir incelik ve modern bir \u00e7ekicilik sunuyor.","breadcrumb":{"@id":"https:\/\/www.purejewels.com\/product\/rose-gold-bracelet-2\/#breadcrumb"},"inLanguage":"tr","potentialAction":[{"@type":"ReadAction","target":["https:\/\/www.purejewels.com\/product\/rose-gold-bracelet-2\/"]}]},{"@type":"ImageObject","inLanguage":"tr","@id":"https:\/\/www.purejewels.com\/product\/rose-gold-bracelet-2\/#primaryimage","url":"https:\/\/static.purejewels.com\/wp-content\/uploads\/2017\/07\/00025698-2.png","contentUrl":"https:\/\/static.purejewels.com\/wp-content\/uploads\/2017\/07\/00025698-2.png","width":960,"height":960,"caption":"00025698.png"},{"@type":"BreadcrumbList","@id":"https:\/\/www.purejewels.com\/product\/rose-gold-bracelet-2\/#breadcrumb","itemListElement":[{"@type":"ListItem","position":1,"name":"Home","item":"https:\/\/www.purejewels.com\/"},{"@type":"ListItem","position":2,"name":"Shop","item":"https:\/\/www.purejewels.com\/shop\/"},{"@type":"ListItem","position":3,"name":"18ct Rose Gold Diamond Bracelet"}]},{"@type":"WebSite","@id":"https:\/\/www.purejewels.com\/#website","url":"https:\/\/www.purejewels.com\/","name":"PureJewels \u0130ngiltere","description":"Sevgiyi Payla\u015f\u0131n","publisher":{"@id":"https:\/\/www.purejewels.com\/#organization"},"potentialAction":[{"@type":"SearchAction","target":{"@type":"EntryPoint","urlTemplate":"https:\/\/www.purejewels.com\/?s={search_term_string}"},"query-input":{"@type":"PropertyValueSpecification","valueRequired":true,"valueName":"search_term_string"}}],"inLanguage":"tr"},{"@type":"Organization","@id":"https:\/\/www.purejewels.com\/#organization","name":"PureJewels \u0130ngiltere","url":"https:\/\/www.purejewels.com\/","logo":{"@type":"ImageObject","inLanguage":"tr","@id":"https:\/\/www.purejewels.com\/#\/schema\/logo\/image\/","url":"https:\/\/static.purejewels.com\/wp-content\/uploads\/2020\/11\/Logo-PJ-New-1.png","contentUrl":"https:\/\/static.purejewels.com\/wp-content\/uploads\/2020\/11\/Logo-PJ-New-1.png","width":150,"height":80,"caption":"PureJewels UK"},"image":{"@id":"https:\/\/www.purejewels.com\/#\/schema\/logo\/image\/"}}]}},"_links":{"self":[{"href":"https:\/\/www.purejewels.com\/tr\/wp-json\/wp\/v2\/product\/4546","targetHints":{"allow":["GET"]}}],"collection":[{"href":"https:\/\/www.purejewels.com\/tr\/wp-json\/wp\/v2\/product"}],"about":[{"href":"https:\/\/www.purejewels.com\/tr\/wp-json\/wp\/v2\/types\/product"}],"replies":[{"embeddable":true,"href":"https:\/\/www.purejewels.com\/tr\/wp-json\/wp\/v2\/comments?post=4546"}],"version-history":[{"count":2,"href":"https:\/\/www.purejewels.com\/tr\/wp-json\/wp\/v2\/product\/4546\/revisions"}],"predecessor-version":[{"id":420919,"href":"https:\/\/www.purejewels.com\/tr\/wp-json\/wp\/v2\/product\/4546\/revisions\/420919"}],"wp:featuredmedia":[{"embeddable":true,"href":"https:\/\/www.purejewels.com\/tr\/wp-json\/wp\/v2\/media\/4547"}],"wp:attachment":[{"href":"https:\/\/www.purejewels.com\/tr\/wp-json\/wp\/v2\/media?parent=4546"}],"wp:term":[{"taxonomy":"product_brand","embeddable":true,"href":"https:\/\/www.purejewels.com\/tr\/wp-json\/wp\/v2\/product_brand?post=4546"},{"taxonomy":"product_cat","embeddable":true,"href":"https:\/\/www.purejewels.com\/tr\/wp-json\/wp\/v2\/product_cat?post=4546"},{"taxonomy":"product_tag","embeddable":true,"href":"https:\/\/www.purejewels.com\/tr\/wp-json\/wp\/v2\/product_tag?post=4546"}],"curies":[{"name":"wp","href":"https:\/\/api.w.org\/{rel}","templated":true}]}}