{"id":4552,"date":"2017-07-19T13:30:37","date_gmt":"2017-07-19T12:30:37","guid":{"rendered":"http:\/\/new.purejewels.com\/product\/rose-gold-necklace-2\/"},"modified":"2025-11-17T10:44:21","modified_gmt":"2025-11-17T10:44:21","slug":"18-ayar-pembe-altin-kolye-25707","status":"publish","type":"product","link":"https:\/\/www.purejewels.com\/tr\/product\/18ct-rose-gold-necklace-25707\/","title":{"rendered":"18 Ayar Pembe Alt\u0131n P\u0131rlanta \u00c7izgi Damla Kolye"},"content":{"rendered":"<p>Bu \u00e7arp\u0131c\u0131 18 Ayar Pembe Alt\u0131n P\u0131rlanta Kolye, her m\u00fccevher koleksiyonuna m\u00fckemmel bir ektir. Toplam 0,54 karat p\u0131rlanta a\u011f\u0131rl\u0131\u011f\u0131na sahip bu kolye her hareketiyle \u0131\u015f\u0131ldar ve parlar. Kolye ucunun 1 in\u00e7lik uzunlu\u011fu zarif bir dokunu\u015f katarken, 16 in\u00e7lik zincir bu g\u00fczel par\u00e7ay\u0131 sergilemek i\u00e7in ideal uzunluktad\u0131r.<\/p>\n<p>Y\u00fcksek kaliteli 18 ayar pembe alt\u0131ndan \u00fcretilen bu kolye hem l\u00fcks hem de dayan\u0131kl\u0131d\u0131r. Kolyenin 4,5 graml\u0131k a\u011f\u0131rl\u0131\u011f\u0131, tak\u0131ld\u0131\u011f\u0131nda sa\u011flam bir his verirken g\u00fcnl\u00fck kullan\u0131m i\u00e7in de rahat olmas\u0131n\u0131 sa\u011flar. Her bir p\u0131rlanta \u00f6zenle se\u00e7ilmi\u015f ve orijinallik sertifikas\u0131na sahiptir, bu da sat\u0131n alma i\u015fleminizde i\u00e7inizin rahat olmas\u0131n\u0131 sa\u011flar.<\/p>\n<p>Bu kolye SGLDXJ11592W m\u00fccevher sertifikas\u0131 ile birlikte gelir ve kalite g\u00fcvencesi i\u00e7in Londra Tahlil Ofisi taraf\u0131ndan damgalanm\u0131\u015ft\u0131r. Ayr\u0131ca g\u00fczel bir sunum kutusunda gelen bu kolye, sevdi\u011finiz biri i\u00e7in m\u00fckemmel bir hediye veya kendiniz i\u00e7in \u00f6zel bir ikramd\u0131r. \u00dccretsiz takipli teslimat ve g\u00fcvenli online \u00f6demeler sayesinde bu kolye i\u00e7in al\u0131\u015fveri\u015f yapmak rahat ve endi\u015fesizdir. Bu zarif par\u00e7ay\u0131 bug\u00fcn koleksiyonunuza ekleme f\u0131rsat\u0131n\u0131 ka\u00e7\u0131rmay\u0131n.<\/p>","protected":false},"excerpt":{"rendered":"<ul>\n<li>18 Ayar Pembe Alt\u0131n P\u0131rlanta Kolye<\/li>\n<li>P\u0131rlanta a\u011f\u0131rl\u0131\u011f\u0131 0,54 karat<\/li>\n<li>Uzunluk. 16 in\u00e7<\/li>\n<li>Kolye Uzunlu\u011fu 1 \u0130n\u00e7<\/li>\n<li>a\u011f\u0131rl\u0131k. 4,5 gms<\/li>\n<li>SKU 25707<\/li>\n<li>Elmaslar\u0131n Orijinalli\u011fini do\u011frulamak i\u00e7in a\u015fa\u011f\u0131daki web sitesini takip edin<\/li>\n<li>http:\/\/www.solitaire-labs.com\/verify-your-report\/<\/li>\n<li>M\u00fccevher sertifikas\u0131 No.\u00a0<strong>SGLDXJ11592W<\/strong><\/li>\n<li>T\u00fcm fiyatlara KDV dahildir<\/li>\n<li>T\u00fcm \u00fcr\u00fcnlerimiz London Assay Office taraf\u0131ndan damgalanm\u0131\u015ft\u0131r<\/li>\n<li>Sunum Kutusu ile Birlikte Gelir<\/li>\n<li>Teslimat Dahil<\/li>\n<li>\u00dcr\u00fcn\u00fcn videosunu g\u00f6rmek i\u00e7in bize ula\u015f\u0131n \/ bizimle sohbet edin<\/li>\n<\/ul>\n<p>&nbsp;<\/p>","protected":false},"featured_media":4553,"comment_status":"closed","ping_status":"closed","template":"","meta":{"_eb_attr":"","_crsspst_to_jayantr4sg-hostcom":false},"product_brand":[],"product_cat":[1794,236,1533,1253,246,1778,1574],"product_tag":[],"class_list":{"0":"post-4552","1":"product","2":"type-product","3":"status-publish","4":"has-post-thumbnail","6":"product_cat-christmas-gifts","7":"product_cat-collections","8":"product_cat-diamond-jewellery-set","9":"product_cat-gold-necklaces","10":"product_cat-rose-gold-collections","11":"product_cat-short-necklaces","12":"product_cat-womens-jewellery","14":"first","15":"outofstock","16":"taxable","17":"shipping-taxable","18":"product-type-simple","19":"add-to-wishlist-before_image"},"yoast_head":"<!-- This site is optimized with the Yoast SEO plugin v27.3 - https:\/\/yoast.com\/product\/yoast-seo-wordpress\/ -->\n<title>Diamond Line Drop Necklace in 18ct Rose Gold | PureJewels<\/title>\n<meta name=\"description\" content=\"Shop the Diamond Line Drop Necklace in 18ct rose gold at PureJewels, featuring a vertical row of brilliant diamonds \u2013 a refined choice for gifting or occasion wear.\" \/>\n<meta name=\"robots\" content=\"index, follow, max-snippet:-1, max-image-preview:large, max-video-preview:-1\" \/>\n<link rel=\"canonical\" href=\"https:\/\/www.purejewels.com\/tr\/urun\/18-ayar-pembe-altin-kolye-25707\/\" \/>\n<meta property=\"og:locale\" content=\"tr_TR\" \/>\n<meta property=\"og:type\" content=\"article\" \/>\n<meta property=\"og:title\" content=\"Diamond Line Drop Necklace in 18ct Rose Gold | PureJewels\" \/>\n<meta property=\"og:description\" content=\"Shop the Diamond Line Drop Necklace in 18ct rose gold at PureJewels, featuring a vertical row of brilliant diamonds \u2013 a refined choice for gifting or occasion wear.\" \/>\n<meta property=\"og:url\" content=\"https:\/\/www.purejewels.com\/tr\/urun\/18-ayar-pembe-altin-kolye-25707\/\" \/>\n<meta property=\"og:site_name\" content=\"PureJewels UK\" \/>\n<meta property=\"article:modified_time\" content=\"2025-11-17T10:44:21+00:00\" \/>\n<meta property=\"og:image\" content=\"https:\/\/www.purejewels.com\/wp-content\/uploads\/2017\/07\/00025707_copy-2.png\" \/>\n\t<meta property=\"og:image:width\" content=\"960\" \/>\n\t<meta property=\"og:image:height\" content=\"960\" \/>\n\t<meta property=\"og:image:type\" content=\"image\/png\" \/>\n<meta name=\"twitter:card\" content=\"summary_large_image\" \/>\n<meta name=\"twitter:label1\" content=\"Tahmini okuma s\u00fcresi\" \/>\n\t<meta name=\"twitter:data1\" content=\"1 dakika\" \/>\n<script type=\"application\/ld+json\" class=\"yoast-schema-graph\">{\"@context\":\"https:\\\/\\\/schema.org\",\"@graph\":[{\"@type\":[\"WebPage\",\"ItemPage\"],\"@id\":\"https:\\\/\\\/www.purejewels.com\\\/product\\\/18ct-rose-gold-necklace-25707\\\/\",\"url\":\"https:\\\/\\\/www.purejewels.com\\\/product\\\/18ct-rose-gold-necklace-25707\\\/\",\"name\":\"Diamond Line Drop Necklace in 18ct Rose Gold | PureJewels\",\"isPartOf\":{\"@id\":\"https:\\\/\\\/www.purejewels.com\\\/#website\"},\"primaryImageOfPage\":{\"@id\":\"https:\\\/\\\/www.purejewels.com\\\/product\\\/18ct-rose-gold-necklace-25707\\\/#primaryimage\"},\"image\":{\"@id\":\"https:\\\/\\\/www.purejewels.com\\\/product\\\/18ct-rose-gold-necklace-25707\\\/#primaryimage\"},\"thumbnailUrl\":\"https:\\\/\\\/static.purejewels.com\\\/wp-content\\\/uploads\\\/2017\\\/07\\\/00025707_copy-2.png\",\"datePublished\":\"2017-07-19T12:30:37+00:00\",\"dateModified\":\"2025-11-17T10:44:21+00:00\",\"description\":\"Shop the Diamond Line Drop Necklace in 18ct rose gold at PureJewels, featuring a vertical row of brilliant diamonds \u2013 a refined choice for gifting or occasion wear.\",\"breadcrumb\":{\"@id\":\"https:\\\/\\\/www.purejewels.com\\\/product\\\/18ct-rose-gold-necklace-25707\\\/#breadcrumb\"},\"inLanguage\":\"tr\",\"potentialAction\":[{\"@type\":\"ReadAction\",\"target\":[\"https:\\\/\\\/www.purejewels.com\\\/product\\\/18ct-rose-gold-necklace-25707\\\/\"]}]},{\"@type\":\"ImageObject\",\"inLanguage\":\"tr\",\"@id\":\"https:\\\/\\\/www.purejewels.com\\\/product\\\/18ct-rose-gold-necklace-25707\\\/#primaryimage\",\"url\":\"https:\\\/\\\/static.purejewels.com\\\/wp-content\\\/uploads\\\/2017\\\/07\\\/00025707_copy-2.png\",\"contentUrl\":\"https:\\\/\\\/static.purejewels.com\\\/wp-content\\\/uploads\\\/2017\\\/07\\\/00025707_copy-2.png\",\"width\":960,\"height\":960,\"caption\":\"00025707_copy.png\"},{\"@type\":\"BreadcrumbList\",\"@id\":\"https:\\\/\\\/www.purejewels.com\\\/product\\\/18ct-rose-gold-necklace-25707\\\/#breadcrumb\",\"itemListElement\":[{\"@type\":\"ListItem\",\"position\":1,\"name\":\"Home\",\"item\":\"https:\\\/\\\/www.purejewels.com\\\/\"},{\"@type\":\"ListItem\",\"position\":2,\"name\":\"Shop\",\"item\":\"https:\\\/\\\/www.purejewels.com\\\/shop\\\/\"},{\"@type\":\"ListItem\",\"position\":3,\"name\":\"Diamond Line Drop Necklace in 18ct Rose Gold\"}]},{\"@type\":\"WebSite\",\"@id\":\"https:\\\/\\\/www.purejewels.com\\\/#website\",\"url\":\"https:\\\/\\\/www.purejewels.com\\\/\",\"name\":\"PureJewels UK\",\"description\":\"Share the Love\",\"publisher\":{\"@id\":\"https:\\\/\\\/www.purejewels.com\\\/#organization\"},\"potentialAction\":[{\"@type\":\"SearchAction\",\"target\":{\"@type\":\"EntryPoint\",\"urlTemplate\":\"https:\\\/\\\/www.purejewels.com\\\/?s={search_term_string}\"},\"query-input\":{\"@type\":\"PropertyValueSpecification\",\"valueRequired\":true,\"valueName\":\"search_term_string\"}}],\"inLanguage\":\"tr\"},{\"@type\":\"Organization\",\"@id\":\"https:\\\/\\\/www.purejewels.com\\\/#organization\",\"name\":\"PureJewels UK\",\"url\":\"https:\\\/\\\/www.purejewels.com\\\/\",\"logo\":{\"@type\":\"ImageObject\",\"inLanguage\":\"tr\",\"@id\":\"https:\\\/\\\/www.purejewels.com\\\/#\\\/schema\\\/logo\\\/image\\\/\",\"url\":\"https:\\\/\\\/static.purejewels.com\\\/wp-content\\\/uploads\\\/2020\\\/11\\\/Logo-PJ-New-1.png\",\"contentUrl\":\"https:\\\/\\\/static.purejewels.com\\\/wp-content\\\/uploads\\\/2020\\\/11\\\/Logo-PJ-New-1.png\",\"width\":150,\"height\":80,\"caption\":\"PureJewels UK\"},\"image\":{\"@id\":\"https:\\\/\\\/www.purejewels.com\\\/#\\\/schema\\\/logo\\\/image\\\/\"}}]}<\/script>\n<!-- \/ Yoast SEO plugin. -->","yoast_head_json":{"title":"18 ayar pembe alt\u0131n elmas damla kolye | PureJewels","description":"PureJewels'da 18 ayar pembe alt\u0131n Diamond Line Drop Necklace'\u0131 sat\u0131n al\u0131n. Dikey bir s\u0131ra halinde dizilmi\u015f parlak elmaslarla s\u00fcslenmi\u015f bu kolye, hediye veya \u00f6zel g\u00fcnler i\u00e7in zarif bir se\u00e7imdir.","robots":{"index":"index","follow":"follow","max-snippet":"max-snippet:-1","max-image-preview":"max-image-preview:large","max-video-preview":"max-video-preview:-1"},"canonical":"https:\/\/www.purejewels.com\/tr\/urun\/18-ayar-pembe-altin-kolye-25707\/","og_locale":"tr_TR","og_type":"article","og_title":"Diamond Line Drop Necklace in 18ct Rose Gold | PureJewels","og_description":"Shop the Diamond Line Drop Necklace in 18ct rose gold at PureJewels, featuring a vertical row of brilliant diamonds \u2013 a refined choice for gifting or occasion wear.","og_url":"https:\/\/www.purejewels.com\/tr\/urun\/18-ayar-pembe-altin-kolye-25707\/","og_site_name":"PureJewels UK","article_modified_time":"2025-11-17T10:44:21+00:00","og_image":[{"width":960,"height":960,"url":"https:\/\/www.purejewels.com\/wp-content\/uploads\/2017\/07\/00025707_copy-2.png","type":"image\/png"}],"twitter_card":"summary_large_image","twitter_misc":{"Tahmini okuma s\u00fcresi":"1 dakika"},"schema":{"@context":"https:\/\/schema.org","@graph":[{"@type":["WebPage","ItemPage"],"@id":"https:\/\/www.purejewels.com\/product\/18ct-rose-gold-necklace-25707\/","url":"https:\/\/www.purejewels.com\/product\/18ct-rose-gold-necklace-25707\/","name":"18 ayar pembe alt\u0131n elmas damla kolye | PureJewels","isPartOf":{"@id":"https:\/\/www.purejewels.com\/#website"},"primaryImageOfPage":{"@id":"https:\/\/www.purejewels.com\/product\/18ct-rose-gold-necklace-25707\/#primaryimage"},"image":{"@id":"https:\/\/www.purejewels.com\/product\/18ct-rose-gold-necklace-25707\/#primaryimage"},"thumbnailUrl":"https:\/\/static.purejewels.com\/wp-content\/uploads\/2017\/07\/00025707_copy-2.png","datePublished":"2017-07-19T12:30:37+00:00","dateModified":"2025-11-17T10:44:21+00:00","description":"PureJewels'da 18 ayar pembe alt\u0131n Diamond Line Drop Necklace'\u0131 sat\u0131n al\u0131n. Dikey bir s\u0131ra halinde dizilmi\u015f parlak elmaslarla s\u00fcslenmi\u015f bu kolye, hediye veya \u00f6zel g\u00fcnler i\u00e7in zarif bir se\u00e7imdir.","breadcrumb":{"@id":"https:\/\/www.purejewels.com\/product\/18ct-rose-gold-necklace-25707\/#breadcrumb"},"inLanguage":"tr","potentialAction":[{"@type":"ReadAction","target":["https:\/\/www.purejewels.com\/product\/18ct-rose-gold-necklace-25707\/"]}]},{"@type":"ImageObject","inLanguage":"tr","@id":"https:\/\/www.purejewels.com\/product\/18ct-rose-gold-necklace-25707\/#primaryimage","url":"https:\/\/static.purejewels.com\/wp-content\/uploads\/2017\/07\/00025707_copy-2.png","contentUrl":"https:\/\/static.purejewels.com\/wp-content\/uploads\/2017\/07\/00025707_copy-2.png","width":960,"height":960,"caption":"00025707_copy.png"},{"@type":"BreadcrumbList","@id":"https:\/\/www.purejewels.com\/product\/18ct-rose-gold-necklace-25707\/#breadcrumb","itemListElement":[{"@type":"ListItem","position":1,"name":"Home","item":"https:\/\/www.purejewels.com\/"},{"@type":"ListItem","position":2,"name":"Shop","item":"https:\/\/www.purejewels.com\/shop\/"},{"@type":"ListItem","position":3,"name":"Diamond Line Drop Necklace in 18ct Rose Gold"}]},{"@type":"WebSite","@id":"https:\/\/www.purejewels.com\/#website","url":"https:\/\/www.purejewels.com\/","name":"PureJewels \u0130ngiltere","description":"Sevgiyi Payla\u015f\u0131n","publisher":{"@id":"https:\/\/www.purejewels.com\/#organization"},"potentialAction":[{"@type":"SearchAction","target":{"@type":"EntryPoint","urlTemplate":"https:\/\/www.purejewels.com\/?s={search_term_string}"},"query-input":{"@type":"PropertyValueSpecification","valueRequired":true,"valueName":"search_term_string"}}],"inLanguage":"tr"},{"@type":"Organization","@id":"https:\/\/www.purejewels.com\/#organization","name":"PureJewels \u0130ngiltere","url":"https:\/\/www.purejewels.com\/","logo":{"@type":"ImageObject","inLanguage":"tr","@id":"https:\/\/www.purejewels.com\/#\/schema\/logo\/image\/","url":"https:\/\/static.purejewels.com\/wp-content\/uploads\/2020\/11\/Logo-PJ-New-1.png","contentUrl":"https:\/\/static.purejewels.com\/wp-content\/uploads\/2020\/11\/Logo-PJ-New-1.png","width":150,"height":80,"caption":"PureJewels UK"},"image":{"@id":"https:\/\/www.purejewels.com\/#\/schema\/logo\/image\/"}}]}},"_links":{"self":[{"href":"https:\/\/www.purejewels.com\/tr\/wp-json\/wp\/v2\/product\/4552","targetHints":{"allow":["GET"]}}],"collection":[{"href":"https:\/\/www.purejewels.com\/tr\/wp-json\/wp\/v2\/product"}],"about":[{"href":"https:\/\/www.purejewels.com\/tr\/wp-json\/wp\/v2\/types\/product"}],"replies":[{"embeddable":true,"href":"https:\/\/www.purejewels.com\/tr\/wp-json\/wp\/v2\/comments?post=4552"}],"version-history":[{"count":3,"href":"https:\/\/www.purejewels.com\/tr\/wp-json\/wp\/v2\/product\/4552\/revisions"}],"predecessor-version":[{"id":421171,"href":"https:\/\/www.purejewels.com\/tr\/wp-json\/wp\/v2\/product\/4552\/revisions\/421171"}],"wp:featuredmedia":[{"embeddable":true,"href":"https:\/\/www.purejewels.com\/tr\/wp-json\/wp\/v2\/media\/4553"}],"wp:attachment":[{"href":"https:\/\/www.purejewels.com\/tr\/wp-json\/wp\/v2\/media?parent=4552"}],"wp:term":[{"taxonomy":"product_brand","embeddable":true,"href":"https:\/\/www.purejewels.com\/tr\/wp-json\/wp\/v2\/product_brand?post=4552"},{"taxonomy":"product_cat","embeddable":true,"href":"https:\/\/www.purejewels.com\/tr\/wp-json\/wp\/v2\/product_cat?post=4552"},{"taxonomy":"product_tag","embeddable":true,"href":"https:\/\/www.purejewels.com\/tr\/wp-json\/wp\/v2\/product_tag?post=4552"}],"curies":[{"name":"wp","href":"https:\/\/api.w.org\/{rel}","templated":true}]}}