{"id":4562,"date":"2017-07-19T13:30:48","date_gmt":"2017-07-19T12:30:48","guid":{"rendered":"http:\/\/new.purejewels.com\/product\/rose-gold-bracelet-4\/"},"modified":"2026-01-06T09:43:19","modified_gmt":"2026-01-06T09:43:19","slug":"pembe-altin-bilezik-4","status":"publish","type":"product","link":"https:\/\/www.purejewels.com\/tr\/product\/rose-gold-bracelet-4\/","title":{"rendered":"Klasik P\u0131rlantal\u0131 Tenis Bilekli\u011fi 18 Ayar Pembe Alt\u0131n"},"content":{"rendered":"<p>Zamans\u0131z \u015f\u0131kl\u0131\u011f\u0131m\u0131zla kendinizi \u015f\u0131mart\u0131n <a href=\"https:\/\/www.purejewels.com\/tr\/product\/18ct-white-gold-khanda-sikh-religious-pendant-6226\/\">18ct<\/a> g\u00fcl <a href=\"https:\/\/www.purejewels.com\/tr\/product\/22ct-gold-mens-bracelet\/\">alt\u0131n bilezik<\/a>, PureJewels UK'den \u00e7arp\u0131c\u0131 bir par\u00e7a. En kaliteli malzemelerle \u00fcretilen bu bileklik, toplam 7,8 gram a\u011f\u0131rl\u0131\u011fa sahiptir ve 1,13 karat g\u00f6z kama\u015ft\u0131r\u0131c\u0131 p\u0131rlantalar sergiler. 7 in\u00e7lik uzunlu\u011fu, her k\u0131yafete l\u00fcks bir dokunu\u015f katmak i\u00e7in m\u00fckemmeldir.<\/p>\n<p>Her bir bileklik Londra Assay Ofisi taraf\u0131ndan damgalanarak orijinalli\u011fi ve kalitesi garanti alt\u0131na al\u0131nm\u0131\u015ft\u0131r. \u015e\u0131k bir sunum kutusunda g\u00fczel bir \u015fekilde sunulan bu bileklik, sevdikleriniz i\u00e7in m\u00fckemmel bir hediye veya kendiniz i\u00e7in \u00f6zel bir ikramd\u0131r. Ayr\u0131ca, teslimat dahil oldu\u011fu i\u00e7in, bu zarif par\u00e7an\u0131n do\u011frudan kap\u0131n\u0131za teslim edilmesinin rahatl\u0131\u011f\u0131n\u0131 ya\u015fayabilirsiniz.<\/p>\n<p>Bu bilezikle ilgili herhangi bir sorunuz varsa veya daha h\u0131zl\u0131 teslimat talep etmek istiyorsan\u0131z, g\u00fcler y\u00fczl\u00fc m\u00fc\u015fteri hizmetleri ekibimiz size yard\u0131mc\u0131 olmaya haz\u0131rd\u0131r. Bu \u00e7arp\u0131c\u0131 18 ayar pembe alt\u0131n bilezi\u011fi koleksiyonunuza ekleme f\u0131rsat\u0131n\u0131 ka\u00e7\u0131rmay\u0131n.<\/p>","protected":false},"excerpt":{"rendered":"<ul>\n<li>G\u00fcl Alt\u0131n Bileklik<\/li>\n<li>A\u011f\u0131rl\u0131k: 7,8 gm<\/li>\n<li>1,13 ct P\u0131rlanta<\/li>\n<li>\u00a07 in\u00e7 uzunluk<\/li>\n<li>T\u00fcm fiyatlara KDV dahildir<\/li>\n<li>Londra Tahlil Ofisi Taraf\u0131ndan Damgalanm\u0131\u015f 18 Ayar Pembe Alt\u0131n<\/li>\n<li>Sunum Kutusu ile Birlikte Gelir<\/li>\n<li>Teslimat Dahil<\/li>\n<li>Stok durumu ve stokta bulunan benzer tasar\u0131mlar\u0131n daha fazla g\u00f6r\u00fcnt\u00fcs\u00fc i\u00e7in bizimle canl\u0131 sohbet edin<\/li>\n<\/ul>","protected":false},"featured_media":4563,"comment_status":"closed","ping_status":"closed","template":"","meta":{"_eb_attr":"","_crsspst_to_jayantr4sg-hostcom":false},"product_brand":[],"product_cat":[1533,1627,246,1574],"product_tag":[],"class_list":{"0":"post-4562","1":"product","2":"type-product","3":"status-publish","4":"has-post-thumbnail","6":"product_cat-diamond-jewellery-set","7":"product_cat-ladies-bracelet","8":"product_cat-rose-gold-collections","9":"product_cat-womens-jewellery","11":"first","12":"outofstock","13":"taxable","14":"shipping-taxable","15":"product-type-simple","16":"add-to-wishlist-before_image"},"yoast_head":"<!-- This site is optimized with the Yoast SEO plugin v27.3 - https:\/\/yoast.com\/product\/yoast-seo-wordpress\/ -->\n<title>Classic Diamond Tennis Bracelet in 18ct Rose Gold | PureJewels<\/title>\n<meta name=\"description\" content=\"Classic diamond tennis bracelet in 18ct rose gold, featuring a continuous row of brilliant diamonds for effortless luxury, layering and special gifting.\" \/>\n<meta name=\"robots\" content=\"index, follow, max-snippet:-1, max-image-preview:large, max-video-preview:-1\" \/>\n<link rel=\"canonical\" href=\"https:\/\/www.purejewels.com\/tr\/urun\/pembe-altin-bilezik-4\/\" \/>\n<meta property=\"og:locale\" content=\"tr_TR\" \/>\n<meta property=\"og:type\" content=\"article\" \/>\n<meta property=\"og:title\" content=\"Classic Diamond Tennis Bracelet in 18ct Rose Gold | PureJewels\" \/>\n<meta property=\"og:description\" content=\"Classic diamond tennis bracelet in 18ct rose gold, featuring a continuous row of brilliant diamonds for effortless luxury, layering and special gifting.\" \/>\n<meta property=\"og:url\" content=\"https:\/\/www.purejewels.com\/tr\/urun\/pembe-altin-bilezik-4\/\" \/>\n<meta property=\"og:site_name\" content=\"PureJewels UK\" \/>\n<meta property=\"article:modified_time\" content=\"2026-01-06T09:43:19+00:00\" \/>\n<meta property=\"og:image\" content=\"https:\/\/www.purejewels.com\/wp-content\/uploads\/2017\/07\/00024588_copy-2.png\" \/>\n\t<meta property=\"og:image:width\" content=\"1000\" \/>\n\t<meta property=\"og:image:height\" content=\"1000\" \/>\n\t<meta property=\"og:image:type\" content=\"image\/png\" \/>\n<meta name=\"twitter:card\" content=\"summary_large_image\" \/>\n<meta name=\"twitter:label1\" content=\"Tahmini okuma s\u00fcresi\" \/>\n\t<meta name=\"twitter:data1\" content=\"1 dakika\" \/>\n<script type=\"application\/ld+json\" class=\"yoast-schema-graph\">{\"@context\":\"https:\\\/\\\/schema.org\",\"@graph\":[{\"@type\":[\"WebPage\",\"ItemPage\"],\"@id\":\"https:\\\/\\\/www.purejewels.com\\\/product\\\/rose-gold-bracelet-4\\\/\",\"url\":\"https:\\\/\\\/www.purejewels.com\\\/product\\\/rose-gold-bracelet-4\\\/\",\"name\":\"Classic Diamond Tennis Bracelet in 18ct Rose Gold | PureJewels\",\"isPartOf\":{\"@id\":\"https:\\\/\\\/www.purejewels.com\\\/#website\"},\"primaryImageOfPage\":{\"@id\":\"https:\\\/\\\/www.purejewels.com\\\/product\\\/rose-gold-bracelet-4\\\/#primaryimage\"},\"image\":{\"@id\":\"https:\\\/\\\/www.purejewels.com\\\/product\\\/rose-gold-bracelet-4\\\/#primaryimage\"},\"thumbnailUrl\":\"https:\\\/\\\/static.purejewels.com\\\/wp-content\\\/uploads\\\/2017\\\/07\\\/00024588_copy-2.png\",\"datePublished\":\"2017-07-19T12:30:48+00:00\",\"dateModified\":\"2026-01-06T09:43:19+00:00\",\"description\":\"Classic diamond tennis bracelet in 18ct rose gold, featuring a continuous row of brilliant diamonds for effortless luxury, layering and special gifting.\",\"breadcrumb\":{\"@id\":\"https:\\\/\\\/www.purejewels.com\\\/product\\\/rose-gold-bracelet-4\\\/#breadcrumb\"},\"inLanguage\":\"tr\",\"potentialAction\":[{\"@type\":\"ReadAction\",\"target\":[\"https:\\\/\\\/www.purejewels.com\\\/product\\\/rose-gold-bracelet-4\\\/\"]}]},{\"@type\":\"ImageObject\",\"inLanguage\":\"tr\",\"@id\":\"https:\\\/\\\/www.purejewels.com\\\/product\\\/rose-gold-bracelet-4\\\/#primaryimage\",\"url\":\"https:\\\/\\\/static.purejewels.com\\\/wp-content\\\/uploads\\\/2017\\\/07\\\/00024588_copy-2.png\",\"contentUrl\":\"https:\\\/\\\/static.purejewels.com\\\/wp-content\\\/uploads\\\/2017\\\/07\\\/00024588_copy-2.png\",\"width\":1000,\"height\":1000,\"caption\":\"00024588_copy.png\"},{\"@type\":\"BreadcrumbList\",\"@id\":\"https:\\\/\\\/www.purejewels.com\\\/product\\\/rose-gold-bracelet-4\\\/#breadcrumb\",\"itemListElement\":[{\"@type\":\"ListItem\",\"position\":1,\"name\":\"Home\",\"item\":\"https:\\\/\\\/www.purejewels.com\\\/\"},{\"@type\":\"ListItem\",\"position\":2,\"name\":\"Shop\",\"item\":\"https:\\\/\\\/www.purejewels.com\\\/shop\\\/\"},{\"@type\":\"ListItem\",\"position\":3,\"name\":\"Classic Diamond Tennis Bracelet in 18ct Rose Gold\"}]},{\"@type\":\"WebSite\",\"@id\":\"https:\\\/\\\/www.purejewels.com\\\/#website\",\"url\":\"https:\\\/\\\/www.purejewels.com\\\/\",\"name\":\"PureJewels UK\",\"description\":\"Share the Love\",\"publisher\":{\"@id\":\"https:\\\/\\\/www.purejewels.com\\\/#organization\"},\"potentialAction\":[{\"@type\":\"SearchAction\",\"target\":{\"@type\":\"EntryPoint\",\"urlTemplate\":\"https:\\\/\\\/www.purejewels.com\\\/?s={search_term_string}\"},\"query-input\":{\"@type\":\"PropertyValueSpecification\",\"valueRequired\":true,\"valueName\":\"search_term_string\"}}],\"inLanguage\":\"tr\"},{\"@type\":\"Organization\",\"@id\":\"https:\\\/\\\/www.purejewels.com\\\/#organization\",\"name\":\"PureJewels UK\",\"url\":\"https:\\\/\\\/www.purejewels.com\\\/\",\"logo\":{\"@type\":\"ImageObject\",\"inLanguage\":\"tr\",\"@id\":\"https:\\\/\\\/www.purejewels.com\\\/#\\\/schema\\\/logo\\\/image\\\/\",\"url\":\"https:\\\/\\\/static.purejewels.com\\\/wp-content\\\/uploads\\\/2020\\\/11\\\/Logo-PJ-New-1.png\",\"contentUrl\":\"https:\\\/\\\/static.purejewels.com\\\/wp-content\\\/uploads\\\/2020\\\/11\\\/Logo-PJ-New-1.png\",\"width\":150,\"height\":80,\"caption\":\"PureJewels UK\"},\"image\":{\"@id\":\"https:\\\/\\\/www.purejewels.com\\\/#\\\/schema\\\/logo\\\/image\\\/\"}}]}<\/script>\n<!-- \/ Yoast SEO plugin. -->","yoast_head_json":{"title":"Klasik P\u0131rlantal\u0131 Tenis Bilekli\u011fi 18 Ayar Pembe Alt\u0131n | PureJewels","description":"18 ayar pembe alt\u0131ndan klasik p\u0131rlanta tenis bilezi\u011fi, zahmetsiz l\u00fcks, katmanlama ve \u00f6zel hediye i\u00e7in kesintisiz bir s\u0131ra parlak p\u0131rlanta i\u00e7erir.","robots":{"index":"index","follow":"follow","max-snippet":"max-snippet:-1","max-image-preview":"max-image-preview:large","max-video-preview":"max-video-preview:-1"},"canonical":"https:\/\/www.purejewels.com\/tr\/urun\/pembe-altin-bilezik-4\/","og_locale":"tr_TR","og_type":"article","og_title":"Classic Diamond Tennis Bracelet in 18ct Rose Gold | PureJewels","og_description":"Classic diamond tennis bracelet in 18ct rose gold, featuring a continuous row of brilliant diamonds for effortless luxury, layering and special gifting.","og_url":"https:\/\/www.purejewels.com\/tr\/urun\/pembe-altin-bilezik-4\/","og_site_name":"PureJewels UK","article_modified_time":"2026-01-06T09:43:19+00:00","og_image":[{"width":1000,"height":1000,"url":"https:\/\/www.purejewels.com\/wp-content\/uploads\/2017\/07\/00024588_copy-2.png","type":"image\/png"}],"twitter_card":"summary_large_image","twitter_misc":{"Tahmini okuma s\u00fcresi":"1 dakika"},"schema":{"@context":"https:\/\/schema.org","@graph":[{"@type":["WebPage","ItemPage"],"@id":"https:\/\/www.purejewels.com\/product\/rose-gold-bracelet-4\/","url":"https:\/\/www.purejewels.com\/product\/rose-gold-bracelet-4\/","name":"Klasik P\u0131rlantal\u0131 Tenis Bilekli\u011fi 18 Ayar Pembe Alt\u0131n | PureJewels","isPartOf":{"@id":"https:\/\/www.purejewels.com\/#website"},"primaryImageOfPage":{"@id":"https:\/\/www.purejewels.com\/product\/rose-gold-bracelet-4\/#primaryimage"},"image":{"@id":"https:\/\/www.purejewels.com\/product\/rose-gold-bracelet-4\/#primaryimage"},"thumbnailUrl":"https:\/\/static.purejewels.com\/wp-content\/uploads\/2017\/07\/00024588_copy-2.png","datePublished":"2017-07-19T12:30:48+00:00","dateModified":"2026-01-06T09:43:19+00:00","description":"18 ayar pembe alt\u0131ndan klasik p\u0131rlanta tenis bilezi\u011fi, zahmetsiz l\u00fcks, katmanlama ve \u00f6zel hediye i\u00e7in kesintisiz bir s\u0131ra parlak p\u0131rlanta i\u00e7erir.","breadcrumb":{"@id":"https:\/\/www.purejewels.com\/product\/rose-gold-bracelet-4\/#breadcrumb"},"inLanguage":"tr","potentialAction":[{"@type":"ReadAction","target":["https:\/\/www.purejewels.com\/product\/rose-gold-bracelet-4\/"]}]},{"@type":"ImageObject","inLanguage":"tr","@id":"https:\/\/www.purejewels.com\/product\/rose-gold-bracelet-4\/#primaryimage","url":"https:\/\/static.purejewels.com\/wp-content\/uploads\/2017\/07\/00024588_copy-2.png","contentUrl":"https:\/\/static.purejewels.com\/wp-content\/uploads\/2017\/07\/00024588_copy-2.png","width":1000,"height":1000,"caption":"00024588_copy.png"},{"@type":"BreadcrumbList","@id":"https:\/\/www.purejewels.com\/product\/rose-gold-bracelet-4\/#breadcrumb","itemListElement":[{"@type":"ListItem","position":1,"name":"Home","item":"https:\/\/www.purejewels.com\/"},{"@type":"ListItem","position":2,"name":"Shop","item":"https:\/\/www.purejewels.com\/shop\/"},{"@type":"ListItem","position":3,"name":"Classic Diamond Tennis Bracelet in 18ct Rose Gold"}]},{"@type":"WebSite","@id":"https:\/\/www.purejewels.com\/#website","url":"https:\/\/www.purejewels.com\/","name":"PureJewels \u0130ngiltere","description":"Sevgiyi Payla\u015f\u0131n","publisher":{"@id":"https:\/\/www.purejewels.com\/#organization"},"potentialAction":[{"@type":"SearchAction","target":{"@type":"EntryPoint","urlTemplate":"https:\/\/www.purejewels.com\/?s={search_term_string}"},"query-input":{"@type":"PropertyValueSpecification","valueRequired":true,"valueName":"search_term_string"}}],"inLanguage":"tr"},{"@type":"Organization","@id":"https:\/\/www.purejewels.com\/#organization","name":"PureJewels \u0130ngiltere","url":"https:\/\/www.purejewels.com\/","logo":{"@type":"ImageObject","inLanguage":"tr","@id":"https:\/\/www.purejewels.com\/#\/schema\/logo\/image\/","url":"https:\/\/static.purejewels.com\/wp-content\/uploads\/2020\/11\/Logo-PJ-New-1.png","contentUrl":"https:\/\/static.purejewels.com\/wp-content\/uploads\/2020\/11\/Logo-PJ-New-1.png","width":150,"height":80,"caption":"PureJewels UK"},"image":{"@id":"https:\/\/www.purejewels.com\/#\/schema\/logo\/image\/"}}]}},"_links":{"self":[{"href":"https:\/\/www.purejewels.com\/tr\/wp-json\/wp\/v2\/product\/4562","targetHints":{"allow":["GET"]}}],"collection":[{"href":"https:\/\/www.purejewels.com\/tr\/wp-json\/wp\/v2\/product"}],"about":[{"href":"https:\/\/www.purejewels.com\/tr\/wp-json\/wp\/v2\/types\/product"}],"replies":[{"embeddable":true,"href":"https:\/\/www.purejewels.com\/tr\/wp-json\/wp\/v2\/comments?post=4562"}],"version-history":[{"count":3,"href":"https:\/\/www.purejewels.com\/tr\/wp-json\/wp\/v2\/product\/4562\/revisions"}],"predecessor-version":[{"id":421215,"href":"https:\/\/www.purejewels.com\/tr\/wp-json\/wp\/v2\/product\/4562\/revisions\/421215"}],"wp:featuredmedia":[{"embeddable":true,"href":"https:\/\/www.purejewels.com\/tr\/wp-json\/wp\/v2\/media\/4563"}],"wp:attachment":[{"href":"https:\/\/www.purejewels.com\/tr\/wp-json\/wp\/v2\/media?parent=4562"}],"wp:term":[{"taxonomy":"product_brand","embeddable":true,"href":"https:\/\/www.purejewels.com\/tr\/wp-json\/wp\/v2\/product_brand?post=4562"},{"taxonomy":"product_cat","embeddable":true,"href":"https:\/\/www.purejewels.com\/tr\/wp-json\/wp\/v2\/product_cat?post=4562"},{"taxonomy":"product_tag","embeddable":true,"href":"https:\/\/www.purejewels.com\/tr\/wp-json\/wp\/v2\/product_tag?post=4562"}],"curies":[{"name":"wp","href":"https:\/\/api.w.org\/{rel}","templated":true}]}}