{"id":4568,"date":"2017-07-19T13:30:55","date_gmt":"2017-07-19T12:30:55","guid":{"rendered":"http:\/\/new.purejewels.com\/product\/18-ct-white-gold-diamond-bracelet\/"},"modified":"2026-01-06T09:43:20","modified_gmt":"2026-01-06T09:43:20","slug":"18-ayar-beyaz-altin-pirlanta-bileklik","status":"publish","type":"product","link":"https:\/\/www.purejewels.com\/tr\/product\/18-ct-white-gold-diamond-bracelet\/","title":{"rendered":"18 Ayar Beyaz Alt\u0131n P\u0131rlanta Bileklik"},"content":{"rendered":"<p><span data-sheets-root=\"1\">PureJewels UK'den bu zarif 18 ayar beyaz alt\u0131n p\u0131rlanta bileklikle l\u00fcks\u00fcn tad\u0131n\u0131 \u00e7\u0131kar\u0131n. Hassasiyet ve detaylara g\u00f6sterilen \u00f6zenle haz\u0131rlanan bu \u00e7arp\u0131c\u0131 bileklik, narin bir tasar\u0131ma yerle\u015ftirilmi\u015f 0,20 ct p\u0131rlanta i\u00e7erir. Her bile\u011fe m\u00fckemmel uyum sa\u011flayan 7 in\u00e7lik uzunlu\u011fu, onu her durum i\u00e7in \u00e7ok y\u00f6nl\u00fc ve zarif bir aksesuar haline getiriyor.<\/span><\/p>\n<p>Her bir p\u0131rlanta parlakl\u0131\u011f\u0131 ve berrakl\u0131\u011f\u0131 i\u00e7in \u00f6zenle se\u00e7ilerek y\u0131llarca de\u011fer verilecek zamans\u0131z g\u00fczellikte bir par\u00e7a yarat\u0131lm\u0131\u015ft\u0131r. Bilezik, \u00f6zg\u00fcnl\u00fck ve g\u00f6n\u00fcl rahatl\u0131\u011f\u0131 i\u00e7in bir m\u00fccevher sertifikas\u0131yla (SGLDXJ11593W) birlikte gelir.<\/p>\n<p>Londra Assay Ofisi taraf\u0131ndan damgalanan bu bilezi\u011fin kalitesine ve i\u015f\u00e7ili\u011fine g\u00fcvenebilirsiniz. Sunum kutusunda g\u00fczel bir \u015fekilde sunulan bu bileklik, sevdikleriniz i\u00e7in m\u00fckemmel bir hediye veya kendiniz i\u00e7in \u00f6zel bir ikramd\u0131r.<\/p>\n<p>\u00dccretsiz takipli teslimat, g\u00fcvenli online \u00f6demeler ve 30 g\u00fcnl\u00fck para iade garantisi ile g\u00fcvenle al\u0131\u015fveri\u015f yapabilirsiniz. Bu \u00e7arp\u0131c\u0131 beyaz alt\u0131n p\u0131rlanta bilezi\u011fi ka\u00e7\u0131rmay\u0131n - bug\u00fcn sipari\u015f verin!<\/p>","protected":false},"excerpt":{"rendered":"<ul>\n<li>Metal: 18 Ayar Beyaz Alt\u0131n<\/li>\n<li>A\u011f\u0131rl\u0131k: 1,7 gm<\/li>\n<li>\u00a00.20ct P\u0131rlanta<\/li>\n<li>Uzunluk: 7 in\u00e7<\/li>\n<li>http:\/\/www.solitaire-labs.com\/verify-your-report\/<\/li>\n<li>\u00a0M\u00fccevher sertifikas\u0131 (SGLDXJ11593W)<\/li>\n<li>London Assay Office taraf\u0131ndan damgalanm\u0131\u015f alt\u0131n<\/li>\n<li>Sunum Kutusu ile Birlikte Gelir<\/li>\n<li>Teslimat Dahil<\/li>\n<li>Stok durumu ve stokta bulunan benzer tasar\u0131mlar\u0131n daha fazla g\u00f6r\u00fcnt\u00fcs\u00fc i\u00e7in bizimle canl\u0131 sohbet edin<\/li>\n<\/ul>","protected":false},"featured_media":4569,"comment_status":"closed","ping_status":"closed","template":"","meta":{"_eb_attr":"","_crsspst_to_jayantr4sg-hostcom":false},"product_brand":[],"product_cat":[5679,5676,1794,5678,1627,1569],"product_tag":[4123],"class_list":{"0":"post-4568","1":"product","2":"type-product","3":"status-publish","4":"has-post-thumbnail","6":"product_cat-18ct-gold-jewellery","7":"product_cat-chain-bracelets-for-ladies","8":"product_cat-christmas-gifts","9":"product_cat-diamond-bracelets-for-women","10":"product_cat-ladies-bracelet","11":"product_cat-valentine-day-gifts","12":"product_tag-gold-bracelets-for-sale","14":"first","15":"outofstock","16":"taxable","17":"shipping-taxable","18":"product-type-simple","19":"add-to-wishlist-before_image"},"yoast_head":"<!-- This site is optimized with the Yoast SEO plugin v27.3 - https:\/\/yoast.com\/product\/yoast-seo-wordpress\/ -->\n<title>White gold diamond bracelet | PureJewels Uk<\/title>\n<meta name=\"description\" content=\"Elevate your wrist with sophistication and sparkle. Adorned with exquisite 0.20 ct diamonds, it&#039;s a timeless piece that radiates luxury and style.\" \/>\n<meta name=\"robots\" content=\"index, follow, max-snippet:-1, max-image-preview:large, max-video-preview:-1\" \/>\n<link rel=\"canonical\" href=\"https:\/\/www.purejewels.com\/tr\/urun\/18-ayar-beyaz-altin-pirlanta-bileklik\/\" \/>\n<meta property=\"og:locale\" content=\"tr_TR\" \/>\n<meta property=\"og:type\" content=\"article\" \/>\n<meta property=\"og:title\" content=\"White gold diamond bracelet | PureJewels Uk\" \/>\n<meta property=\"og:description\" content=\"Elevate your wrist with sophistication and sparkle. Adorned with exquisite 0.20 ct diamonds, it&#039;s a timeless piece that radiates luxury and style.\" \/>\n<meta property=\"og:url\" content=\"https:\/\/www.purejewels.com\/tr\/urun\/18-ayar-beyaz-altin-pirlanta-bileklik\/\" \/>\n<meta property=\"og:site_name\" content=\"PureJewels UK\" \/>\n<meta property=\"article:modified_time\" content=\"2026-01-06T09:43:20+00:00\" \/>\n<meta property=\"og:image\" content=\"https:\/\/www.purejewels.com\/wp-content\/uploads\/2017\/07\/00025709-2.png\" \/>\n\t<meta property=\"og:image:width\" content=\"2048\" \/>\n\t<meta property=\"og:image:height\" content=\"2048\" \/>\n\t<meta property=\"og:image:type\" content=\"image\/png\" \/>\n<meta name=\"twitter:card\" content=\"summary_large_image\" \/>\n<meta name=\"twitter:label1\" content=\"Tahmini okuma s\u00fcresi\" \/>\n\t<meta name=\"twitter:data1\" content=\"1 dakika\" \/>\n<script type=\"application\/ld+json\" class=\"yoast-schema-graph\">{\"@context\":\"https:\\\/\\\/schema.org\",\"@graph\":[{\"@type\":[\"WebPage\",\"ItemPage\"],\"@id\":\"https:\\\/\\\/www.purejewels.com\\\/product\\\/18-ct-white-gold-diamond-bracelet\\\/\",\"url\":\"https:\\\/\\\/www.purejewels.com\\\/product\\\/18-ct-white-gold-diamond-bracelet\\\/\",\"name\":\"White gold diamond bracelet | PureJewels Uk\",\"isPartOf\":{\"@id\":\"https:\\\/\\\/www.purejewels.com\\\/#website\"},\"primaryImageOfPage\":{\"@id\":\"https:\\\/\\\/www.purejewels.com\\\/product\\\/18-ct-white-gold-diamond-bracelet\\\/#primaryimage\"},\"image\":{\"@id\":\"https:\\\/\\\/www.purejewels.com\\\/product\\\/18-ct-white-gold-diamond-bracelet\\\/#primaryimage\"},\"thumbnailUrl\":\"https:\\\/\\\/static.purejewels.com\\\/wp-content\\\/uploads\\\/2017\\\/07\\\/00025709-2.png\",\"datePublished\":\"2017-07-19T12:30:55+00:00\",\"dateModified\":\"2026-01-06T09:43:20+00:00\",\"description\":\"Elevate your wrist with sophistication and sparkle. Adorned with exquisite 0.20 ct diamonds, it's a timeless piece that radiates luxury and style.\",\"breadcrumb\":{\"@id\":\"https:\\\/\\\/www.purejewels.com\\\/product\\\/18-ct-white-gold-diamond-bracelet\\\/#breadcrumb\"},\"inLanguage\":\"tr\",\"potentialAction\":[{\"@type\":\"ReadAction\",\"target\":[\"https:\\\/\\\/www.purejewels.com\\\/product\\\/18-ct-white-gold-diamond-bracelet\\\/\"]}]},{\"@type\":\"ImageObject\",\"inLanguage\":\"tr\",\"@id\":\"https:\\\/\\\/www.purejewels.com\\\/product\\\/18-ct-white-gold-diamond-bracelet\\\/#primaryimage\",\"url\":\"https:\\\/\\\/static.purejewels.com\\\/wp-content\\\/uploads\\\/2017\\\/07\\\/00025709-2.png\",\"contentUrl\":\"https:\\\/\\\/static.purejewels.com\\\/wp-content\\\/uploads\\\/2017\\\/07\\\/00025709-2.png\",\"width\":2048,\"height\":2048,\"caption\":\"00025709.png\"},{\"@type\":\"BreadcrumbList\",\"@id\":\"https:\\\/\\\/www.purejewels.com\\\/product\\\/18-ct-white-gold-diamond-bracelet\\\/#breadcrumb\",\"itemListElement\":[{\"@type\":\"ListItem\",\"position\":1,\"name\":\"Home\",\"item\":\"https:\\\/\\\/www.purejewels.com\\\/\"},{\"@type\":\"ListItem\",\"position\":2,\"name\":\"Shop\",\"item\":\"https:\\\/\\\/www.purejewels.com\\\/shop\\\/\"},{\"@type\":\"ListItem\",\"position\":3,\"name\":\"18ct White Gold Diamond Bracelet\"}]},{\"@type\":\"WebSite\",\"@id\":\"https:\\\/\\\/www.purejewels.com\\\/#website\",\"url\":\"https:\\\/\\\/www.purejewels.com\\\/\",\"name\":\"PureJewels UK\",\"description\":\"Share the Love\",\"publisher\":{\"@id\":\"https:\\\/\\\/www.purejewels.com\\\/#organization\"},\"potentialAction\":[{\"@type\":\"SearchAction\",\"target\":{\"@type\":\"EntryPoint\",\"urlTemplate\":\"https:\\\/\\\/www.purejewels.com\\\/?s={search_term_string}\"},\"query-input\":{\"@type\":\"PropertyValueSpecification\",\"valueRequired\":true,\"valueName\":\"search_term_string\"}}],\"inLanguage\":\"tr\"},{\"@type\":\"Organization\",\"@id\":\"https:\\\/\\\/www.purejewels.com\\\/#organization\",\"name\":\"PureJewels UK\",\"url\":\"https:\\\/\\\/www.purejewels.com\\\/\",\"logo\":{\"@type\":\"ImageObject\",\"inLanguage\":\"tr\",\"@id\":\"https:\\\/\\\/www.purejewels.com\\\/#\\\/schema\\\/logo\\\/image\\\/\",\"url\":\"https:\\\/\\\/static.purejewels.com\\\/wp-content\\\/uploads\\\/2020\\\/11\\\/Logo-PJ-New-1.png\",\"contentUrl\":\"https:\\\/\\\/static.purejewels.com\\\/wp-content\\\/uploads\\\/2020\\\/11\\\/Logo-PJ-New-1.png\",\"width\":150,\"height\":80,\"caption\":\"PureJewels UK\"},\"image\":{\"@id\":\"https:\\\/\\\/www.purejewels.com\\\/#\\\/schema\\\/logo\\\/image\\\/\"}}]}<\/script>\n<!-- \/ Yoast SEO plugin. -->","yoast_head_json":{"title":"Beyaz alt\u0131n p\u0131rlanta bileklik | PureJewels Uk","description":"Bile\u011finizi sofistike ve \u0131\u015f\u0131lt\u0131l\u0131 bir \u015fekilde y\u00fckseltin. Enfes 0,20 ct p\u0131rlantalarla s\u00fcslenmi\u015f bu zamans\u0131z par\u00e7a l\u00fcks ve stil yans\u0131t\u0131yor.","robots":{"index":"index","follow":"follow","max-snippet":"max-snippet:-1","max-image-preview":"max-image-preview:large","max-video-preview":"max-video-preview:-1"},"canonical":"https:\/\/www.purejewels.com\/tr\/urun\/18-ayar-beyaz-altin-pirlanta-bileklik\/","og_locale":"tr_TR","og_type":"article","og_title":"White gold diamond bracelet | PureJewels Uk","og_description":"Elevate your wrist with sophistication and sparkle. Adorned with exquisite 0.20 ct diamonds, it's a timeless piece that radiates luxury and style.","og_url":"https:\/\/www.purejewels.com\/tr\/urun\/18-ayar-beyaz-altin-pirlanta-bileklik\/","og_site_name":"PureJewels UK","article_modified_time":"2026-01-06T09:43:20+00:00","og_image":[{"width":2048,"height":2048,"url":"https:\/\/www.purejewels.com\/wp-content\/uploads\/2017\/07\/00025709-2.png","type":"image\/png"}],"twitter_card":"summary_large_image","twitter_misc":{"Tahmini okuma s\u00fcresi":"1 dakika"},"schema":{"@context":"https:\/\/schema.org","@graph":[{"@type":["WebPage","ItemPage"],"@id":"https:\/\/www.purejewels.com\/product\/18-ct-white-gold-diamond-bracelet\/","url":"https:\/\/www.purejewels.com\/product\/18-ct-white-gold-diamond-bracelet\/","name":"Beyaz alt\u0131n p\u0131rlanta bileklik | PureJewels Uk","isPartOf":{"@id":"https:\/\/www.purejewels.com\/#website"},"primaryImageOfPage":{"@id":"https:\/\/www.purejewels.com\/product\/18-ct-white-gold-diamond-bracelet\/#primaryimage"},"image":{"@id":"https:\/\/www.purejewels.com\/product\/18-ct-white-gold-diamond-bracelet\/#primaryimage"},"thumbnailUrl":"https:\/\/static.purejewels.com\/wp-content\/uploads\/2017\/07\/00025709-2.png","datePublished":"2017-07-19T12:30:55+00:00","dateModified":"2026-01-06T09:43:20+00:00","description":"Bile\u011finizi sofistike ve \u0131\u015f\u0131lt\u0131l\u0131 bir \u015fekilde y\u00fckseltin. Enfes 0,20 ct p\u0131rlantalarla s\u00fcslenmi\u015f bu zamans\u0131z par\u00e7a l\u00fcks ve stil yans\u0131t\u0131yor.","breadcrumb":{"@id":"https:\/\/www.purejewels.com\/product\/18-ct-white-gold-diamond-bracelet\/#breadcrumb"},"inLanguage":"tr","potentialAction":[{"@type":"ReadAction","target":["https:\/\/www.purejewels.com\/product\/18-ct-white-gold-diamond-bracelet\/"]}]},{"@type":"ImageObject","inLanguage":"tr","@id":"https:\/\/www.purejewels.com\/product\/18-ct-white-gold-diamond-bracelet\/#primaryimage","url":"https:\/\/static.purejewels.com\/wp-content\/uploads\/2017\/07\/00025709-2.png","contentUrl":"https:\/\/static.purejewels.com\/wp-content\/uploads\/2017\/07\/00025709-2.png","width":2048,"height":2048,"caption":"00025709.png"},{"@type":"BreadcrumbList","@id":"https:\/\/www.purejewels.com\/product\/18-ct-white-gold-diamond-bracelet\/#breadcrumb","itemListElement":[{"@type":"ListItem","position":1,"name":"Home","item":"https:\/\/www.purejewels.com\/"},{"@type":"ListItem","position":2,"name":"Shop","item":"https:\/\/www.purejewels.com\/shop\/"},{"@type":"ListItem","position":3,"name":"18ct White Gold Diamond Bracelet"}]},{"@type":"WebSite","@id":"https:\/\/www.purejewels.com\/#website","url":"https:\/\/www.purejewels.com\/","name":"PureJewels \u0130ngiltere","description":"Sevgiyi Payla\u015f\u0131n","publisher":{"@id":"https:\/\/www.purejewels.com\/#organization"},"potentialAction":[{"@type":"SearchAction","target":{"@type":"EntryPoint","urlTemplate":"https:\/\/www.purejewels.com\/?s={search_term_string}"},"query-input":{"@type":"PropertyValueSpecification","valueRequired":true,"valueName":"search_term_string"}}],"inLanguage":"tr"},{"@type":"Organization","@id":"https:\/\/www.purejewels.com\/#organization","name":"PureJewels \u0130ngiltere","url":"https:\/\/www.purejewels.com\/","logo":{"@type":"ImageObject","inLanguage":"tr","@id":"https:\/\/www.purejewels.com\/#\/schema\/logo\/image\/","url":"https:\/\/static.purejewels.com\/wp-content\/uploads\/2020\/11\/Logo-PJ-New-1.png","contentUrl":"https:\/\/static.purejewels.com\/wp-content\/uploads\/2020\/11\/Logo-PJ-New-1.png","width":150,"height":80,"caption":"PureJewels UK"},"image":{"@id":"https:\/\/www.purejewels.com\/#\/schema\/logo\/image\/"}}]}},"_links":{"self":[{"href":"https:\/\/www.purejewels.com\/tr\/wp-json\/wp\/v2\/product\/4568","targetHints":{"allow":["GET"]}}],"collection":[{"href":"https:\/\/www.purejewels.com\/tr\/wp-json\/wp\/v2\/product"}],"about":[{"href":"https:\/\/www.purejewels.com\/tr\/wp-json\/wp\/v2\/types\/product"}],"replies":[{"embeddable":true,"href":"https:\/\/www.purejewels.com\/tr\/wp-json\/wp\/v2\/comments?post=4568"}],"version-history":[{"count":3,"href":"https:\/\/www.purejewels.com\/tr\/wp-json\/wp\/v2\/product\/4568\/revisions"}],"predecessor-version":[{"id":420102,"href":"https:\/\/www.purejewels.com\/tr\/wp-json\/wp\/v2\/product\/4568\/revisions\/420102"}],"wp:featuredmedia":[{"embeddable":true,"href":"https:\/\/www.purejewels.com\/tr\/wp-json\/wp\/v2\/media\/4569"}],"wp:attachment":[{"href":"https:\/\/www.purejewels.com\/tr\/wp-json\/wp\/v2\/media?parent=4568"}],"wp:term":[{"taxonomy":"product_brand","embeddable":true,"href":"https:\/\/www.purejewels.com\/tr\/wp-json\/wp\/v2\/product_brand?post=4568"},{"taxonomy":"product_cat","embeddable":true,"href":"https:\/\/www.purejewels.com\/tr\/wp-json\/wp\/v2\/product_cat?post=4568"},{"taxonomy":"product_tag","embeddable":true,"href":"https:\/\/www.purejewels.com\/tr\/wp-json\/wp\/v2\/product_tag?post=4568"}],"curies":[{"name":"wp","href":"https:\/\/api.w.org\/{rel}","templated":true}]}}