{"id":4570,"date":"2017-07-19T13:31:03","date_gmt":"2017-07-19T12:31:03","guid":{"rendered":"http:\/\/new.purejewels.com\/product\/rose-gold-diamond-necklace-2\/"},"modified":"2025-12-18T04:24:25","modified_gmt":"2025-12-18T04:24:25","slug":"pembe-altin-pirlanta-kolye-2","status":"publish","type":"product","link":"https:\/\/www.purejewels.com\/tr\/product\/rose-gold-diamond-necklace-2\/","title":{"rendered":"18 ayar pembe alt\u0131n p\u0131rlanta tenis kolye"},"content":{"rendered":"<p><strong>Tasar\u0131m Konsepti<\/strong><\/p>\n<p>Zamans\u0131z tenis kolye siluetinden ilham alan bu tasar\u0131m, simetrisini s\u0131cakl\u0131\u011f\u0131yla yumu\u015fat\u0131yor. <a href=\"https:\/\/www.purejewels.com\/tr\/product\/18ct-white-gold-khanda-sikh-religious-pendant-6226\/\">18ct<\/a> G\u00fcl alt\u0131n rengi, m\u00fccevher klasikleri \u00fczerine feminen ve \u00e7a\u011fda\u015f bir yorum getiriyor. Elmaslar\u0131n narin k\u0131vr\u0131mlar\u0131 zarif hareketleri yans\u0131tarak \u0131\u015f\u0131k, ak\u0131\u015f ve kal\u0131c\u0131 bir cazibe uyand\u0131r\u0131yor. Bu kolye sadece tak\u0131lmak i\u00e7in de\u011fil, hat\u0131rlanmak i\u00e7in tasarlanm\u0131\u015f.<\/p>\n<p><strong>Zanaatkarl\u0131k<\/strong><\/p>\n<p>Y\u00fcksek safl\u0131kta 18 ayar pembe alt\u0131ndan \u00fcretilen her bir elmas, parlakl\u0131\u011f\u0131 ve g\u00fcvenli\u011fi en \u00fcst d\u00fczeye \u00e7\u0131karmak i\u00e7in d\u00f6rt pen\u00e7eli bir ayar ile elle yerle\u015ftirilmi\u015ftir. Ta\u015flar, berrakl\u0131k ve kesim a\u00e7\u0131s\u0131ndan titizlikle e\u015fle\u015ftirilerek, ba\u015ftan sona tutarl\u0131 ve \u0131\u015f\u0131lt\u0131l\u0131 bir g\u00f6r\u00fcn\u00fcm sa\u011flanm\u0131\u015ft\u0131r. Gizli ve g\u00fcvenli bir toka, rahatl\u0131k ve huzur sa\u011flar. Londra Assay Office taraf\u0131ndan damgalanm\u0131\u015f olan bu \u00fcr\u00fcn, do\u011frulanm\u0131\u015f bir l\u00fcks par\u00e7ad\u0131r.<\/p>\n<p><strong>Stil Fikirleri<\/strong><\/p>\n<ul>\n<li>Bu elmas tenis kolye, zarafetin en \u00fcst d\u00fczeydeki ifadesi.<\/li>\n<li>K\u0131rm\u0131z\u0131 hal\u0131 havas\u0131 yaratmak i\u00e7in omuzlar\u0131 a\u00e7\u0131k bir elbiseyle tek ba\u015f\u0131na giy.<\/li>\n<li>\u00c7a\u011fda\u015f bir dokunu\u015f i\u00e7in ince g\u00fcl alt\u0131n zincirlerle katmanlay\u0131n.<\/li>\n<li>D\u00fc\u011f\u00fcn veya resmi davetler i\u00e7in elmas k\u00fcpe veya pembe alt\u0131n bilezikle birlikte tak\u0131n.<\/li>\n<li>Y\u0131ld\u00f6n\u00fcmleri, d\u00fc\u011f\u00fcnler veya l\u00fcks bir kutlama gibi \u00f6nemli anlar i\u00e7in zamans\u0131z bir hediye.<\/li>\n<\/ul>","protected":false},"excerpt":{"rendered":"<p>Zarif bir parlakl\u0131k \u015feridi olan bu 18 ayar pembe alt\u0131n tenis kolye, her hareketle par\u0131ldayan titizlikle yerle\u015ftirilmi\u015f elmaslarla s\u00fcslenmi\u015ftir. Hayat\u0131n en parlak anlar\u0131n\u0131 kutlamak i\u00e7in tasarlanan bu kolye, k\u00f6pr\u00fcc\u00fck kemi\u011fi boyunca zarif bir \u015fekilde uzan\u0131r \u2014 zamans\u0131z, feminen ve sonsuza kadar parlak.<\/p>\n<ul>\n<li>Pembe Alt\u0131n P\u0131rlanta Kolye<\/li>\n<li>18.1 gm<\/li>\n<li>\u00a03,4 ct P\u0131rlanta<\/li>\n<li>\u00a016,5 in\u00e7 uzunluk<\/li>\n<li>T\u00fcm fiyatlara KDV dahildir<\/li>\n<li>Londra Tahlil Ofisi Taraf\u0131ndan Damgalanm\u0131\u015f 18 Ayar Alt\u0131n<\/li>\n<li>Sunum Kutusu ile Birlikte Gelir<\/li>\n<li>Teslimat Dahil<\/li>\n<li>G\u00fcncel teslimat 3 - 6 hafta<\/li>\n<li>Stok durumu ve stokta bulunan benzer tasar\u0131mlar\u0131n daha fazla g\u00f6r\u00fcnt\u00fcs\u00fc i\u00e7in bizimle canl\u0131 sohbet edin<\/li>\n<\/ul>","protected":false},"featured_media":4571,"comment_status":"closed","ping_status":"closed","template":"","meta":{"_eb_attr":"","_crsspst_to_jayantr4sg-hostcom":false},"product_brand":[],"product_cat":[1533,246,1778,1574],"product_tag":[],"class_list":{"0":"post-4570","1":"product","2":"type-product","3":"status-publish","4":"has-post-thumbnail","6":"product_cat-diamond-jewellery-set","7":"product_cat-rose-gold-collections","8":"product_cat-short-necklaces","9":"product_cat-womens-jewellery","11":"first","12":"outofstock","13":"taxable","14":"shipping-taxable","15":"product-type-simple","16":"add-to-wishlist-before_image"},"yoast_head":"<!-- This site is optimized with the Yoast SEO plugin v27.3 - https:\/\/yoast.com\/product\/yoast-seo-wordpress\/ -->\n<title>18ct Rose Gold Diamond Tennis Necklace | PureJewels London<\/title>\n<meta name=\"description\" content=\"Elegant 18ct rose gold diamond tennis necklace with a graceful line of round brilliant diamonds. A timeless statement of luxury and femininity.\" \/>\n<meta name=\"robots\" content=\"index, follow, max-snippet:-1, max-image-preview:large, max-video-preview:-1\" \/>\n<link rel=\"canonical\" href=\"https:\/\/www.purejewels.com\/tr\/urun\/pembe-altin-pirlanta-kolye-2\/\" \/>\n<meta property=\"og:locale\" content=\"tr_TR\" \/>\n<meta property=\"og:type\" content=\"article\" \/>\n<meta property=\"og:title\" content=\"18ct Rose Gold Diamond Tennis Necklace | PureJewels London\" \/>\n<meta property=\"og:description\" content=\"Elegant 18ct rose gold diamond tennis necklace with a graceful line of round brilliant diamonds. A timeless statement of luxury and femininity.\" \/>\n<meta property=\"og:url\" content=\"https:\/\/www.purejewels.com\/tr\/urun\/pembe-altin-pirlanta-kolye-2\/\" \/>\n<meta property=\"og:site_name\" content=\"PureJewels UK\" \/>\n<meta property=\"article:modified_time\" content=\"2025-12-18T04:24:25+00:00\" \/>\n<meta property=\"og:image\" content=\"https:\/\/static.purejewels.com\/wp-content\/uploads\/2017\/07\/00025441-2.png\" \/>\n\t<meta property=\"og:image:width\" content=\"1000\" \/>\n\t<meta property=\"og:image:height\" content=\"1000\" \/>\n\t<meta property=\"og:image:type\" content=\"image\/png\" \/>\n<meta name=\"twitter:card\" content=\"summary_large_image\" \/>\n<meta name=\"twitter:label1\" content=\"Tahmini okuma s\u00fcresi\" \/>\n\t<meta name=\"twitter:data1\" content=\"1 dakika\" \/>\n<script type=\"application\/ld+json\" class=\"yoast-schema-graph\">{\"@context\":\"https:\\\/\\\/schema.org\",\"@graph\":[{\"@type\":[\"WebPage\",\"ItemPage\"],\"@id\":\"https:\\\/\\\/www.purejewels.com\\\/product\\\/rose-gold-diamond-necklace-2\\\/\",\"url\":\"https:\\\/\\\/www.purejewels.com\\\/product\\\/rose-gold-diamond-necklace-2\\\/\",\"name\":\"18ct Rose Gold Diamond Tennis Necklace | PureJewels London\",\"isPartOf\":{\"@id\":\"https:\\\/\\\/www.purejewels.com\\\/#website\"},\"primaryImageOfPage\":{\"@id\":\"https:\\\/\\\/www.purejewels.com\\\/product\\\/rose-gold-diamond-necklace-2\\\/#primaryimage\"},\"image\":{\"@id\":\"https:\\\/\\\/www.purejewels.com\\\/product\\\/rose-gold-diamond-necklace-2\\\/#primaryimage\"},\"thumbnailUrl\":\"https:\\\/\\\/static.purejewels.com\\\/wp-content\\\/uploads\\\/2017\\\/07\\\/00025441-2.png\",\"datePublished\":\"2017-07-19T12:31:03+00:00\",\"dateModified\":\"2025-12-18T04:24:25+00:00\",\"description\":\"Elegant 18ct rose gold diamond tennis necklace with a graceful line of round brilliant diamonds. A timeless statement of luxury and femininity.\",\"breadcrumb\":{\"@id\":\"https:\\\/\\\/www.purejewels.com\\\/product\\\/rose-gold-diamond-necklace-2\\\/#breadcrumb\"},\"inLanguage\":\"tr\",\"potentialAction\":[{\"@type\":\"ReadAction\",\"target\":[\"https:\\\/\\\/www.purejewels.com\\\/product\\\/rose-gold-diamond-necklace-2\\\/\"]}]},{\"@type\":\"ImageObject\",\"inLanguage\":\"tr\",\"@id\":\"https:\\\/\\\/www.purejewels.com\\\/product\\\/rose-gold-diamond-necklace-2\\\/#primaryimage\",\"url\":\"https:\\\/\\\/static.purejewels.com\\\/wp-content\\\/uploads\\\/2017\\\/07\\\/00025441-2.png\",\"contentUrl\":\"https:\\\/\\\/static.purejewels.com\\\/wp-content\\\/uploads\\\/2017\\\/07\\\/00025441-2.png\",\"width\":1000,\"height\":1000,\"caption\":\"00025441.png\"},{\"@type\":\"BreadcrumbList\",\"@id\":\"https:\\\/\\\/www.purejewels.com\\\/product\\\/rose-gold-diamond-necklace-2\\\/#breadcrumb\",\"itemListElement\":[{\"@type\":\"ListItem\",\"position\":1,\"name\":\"Home\",\"item\":\"https:\\\/\\\/www.purejewels.com\\\/\"},{\"@type\":\"ListItem\",\"position\":2,\"name\":\"Shop\",\"item\":\"https:\\\/\\\/www.purejewels.com\\\/shop\\\/\"},{\"@type\":\"ListItem\",\"position\":3,\"name\":\"18ct Rose Gold Diamond Tennis Necklace\"}]},{\"@type\":\"WebSite\",\"@id\":\"https:\\\/\\\/www.purejewels.com\\\/#website\",\"url\":\"https:\\\/\\\/www.purejewels.com\\\/\",\"name\":\"PureJewels UK\",\"description\":\"Share the Love\",\"publisher\":{\"@id\":\"https:\\\/\\\/www.purejewels.com\\\/#organization\"},\"potentialAction\":[{\"@type\":\"SearchAction\",\"target\":{\"@type\":\"EntryPoint\",\"urlTemplate\":\"https:\\\/\\\/www.purejewels.com\\\/?s={search_term_string}\"},\"query-input\":{\"@type\":\"PropertyValueSpecification\",\"valueRequired\":true,\"valueName\":\"search_term_string\"}}],\"inLanguage\":\"tr\"},{\"@type\":\"Organization\",\"@id\":\"https:\\\/\\\/www.purejewels.com\\\/#organization\",\"name\":\"PureJewels UK\",\"url\":\"https:\\\/\\\/www.purejewels.com\\\/\",\"logo\":{\"@type\":\"ImageObject\",\"inLanguage\":\"tr\",\"@id\":\"https:\\\/\\\/www.purejewels.com\\\/#\\\/schema\\\/logo\\\/image\\\/\",\"url\":\"https:\\\/\\\/static.purejewels.com\\\/wp-content\\\/uploads\\\/2020\\\/11\\\/Logo-PJ-New-1.png\",\"contentUrl\":\"https:\\\/\\\/static.purejewels.com\\\/wp-content\\\/uploads\\\/2020\\\/11\\\/Logo-PJ-New-1.png\",\"width\":150,\"height\":80,\"caption\":\"PureJewels UK\"},\"image\":{\"@id\":\"https:\\\/\\\/www.purejewels.com\\\/#\\\/schema\\\/logo\\\/image\\\/\"}}]}<\/script>\n<!-- \/ Yoast SEO plugin. -->","yoast_head_json":{"title":"18 ayar pembe alt\u0131n p\u0131rlanta tenis kolye | PureJewels Londra","description":"Zarif bir \u00e7izgiye sahip yuvarlak parlak elmaslarla s\u00fcslenmi\u015f, \u015f\u0131k 18 ayar pembe alt\u0131n elmas tenis kolye. Zamans\u0131z bir l\u00fcks ve kad\u0131ns\u0131l\u0131k ifadesi.","robots":{"index":"index","follow":"follow","max-snippet":"max-snippet:-1","max-image-preview":"max-image-preview:large","max-video-preview":"max-video-preview:-1"},"canonical":"https:\/\/www.purejewels.com\/tr\/urun\/pembe-altin-pirlanta-kolye-2\/","og_locale":"tr_TR","og_type":"article","og_title":"18ct Rose Gold Diamond Tennis Necklace | PureJewels London","og_description":"Elegant 18ct rose gold diamond tennis necklace with a graceful line of round brilliant diamonds. A timeless statement of luxury and femininity.","og_url":"https:\/\/www.purejewels.com\/tr\/urun\/pembe-altin-pirlanta-kolye-2\/","og_site_name":"PureJewels UK","article_modified_time":"2025-12-18T04:24:25+00:00","og_image":[{"width":1000,"height":1000,"url":"https:\/\/static.purejewels.com\/wp-content\/uploads\/2017\/07\/00025441-2.png","type":"image\/png"}],"twitter_card":"summary_large_image","twitter_misc":{"Tahmini okuma s\u00fcresi":"1 dakika"},"schema":{"@context":"https:\/\/schema.org","@graph":[{"@type":["WebPage","ItemPage"],"@id":"https:\/\/www.purejewels.com\/product\/rose-gold-diamond-necklace-2\/","url":"https:\/\/www.purejewels.com\/product\/rose-gold-diamond-necklace-2\/","name":"18 ayar pembe alt\u0131n p\u0131rlanta tenis kolye | PureJewels Londra","isPartOf":{"@id":"https:\/\/www.purejewels.com\/#website"},"primaryImageOfPage":{"@id":"https:\/\/www.purejewels.com\/product\/rose-gold-diamond-necklace-2\/#primaryimage"},"image":{"@id":"https:\/\/www.purejewels.com\/product\/rose-gold-diamond-necklace-2\/#primaryimage"},"thumbnailUrl":"https:\/\/static.purejewels.com\/wp-content\/uploads\/2017\/07\/00025441-2.png","datePublished":"2017-07-19T12:31:03+00:00","dateModified":"2025-12-18T04:24:25+00:00","description":"Zarif bir \u00e7izgiye sahip yuvarlak parlak elmaslarla s\u00fcslenmi\u015f, \u015f\u0131k 18 ayar pembe alt\u0131n elmas tenis kolye. Zamans\u0131z bir l\u00fcks ve kad\u0131ns\u0131l\u0131k ifadesi.","breadcrumb":{"@id":"https:\/\/www.purejewels.com\/product\/rose-gold-diamond-necklace-2\/#breadcrumb"},"inLanguage":"tr","potentialAction":[{"@type":"ReadAction","target":["https:\/\/www.purejewels.com\/product\/rose-gold-diamond-necklace-2\/"]}]},{"@type":"ImageObject","inLanguage":"tr","@id":"https:\/\/www.purejewels.com\/product\/rose-gold-diamond-necklace-2\/#primaryimage","url":"https:\/\/static.purejewels.com\/wp-content\/uploads\/2017\/07\/00025441-2.png","contentUrl":"https:\/\/static.purejewels.com\/wp-content\/uploads\/2017\/07\/00025441-2.png","width":1000,"height":1000,"caption":"00025441.png"},{"@type":"BreadcrumbList","@id":"https:\/\/www.purejewels.com\/product\/rose-gold-diamond-necklace-2\/#breadcrumb","itemListElement":[{"@type":"ListItem","position":1,"name":"Home","item":"https:\/\/www.purejewels.com\/"},{"@type":"ListItem","position":2,"name":"Shop","item":"https:\/\/www.purejewels.com\/shop\/"},{"@type":"ListItem","position":3,"name":"18ct Rose Gold Diamond Tennis Necklace"}]},{"@type":"WebSite","@id":"https:\/\/www.purejewels.com\/#website","url":"https:\/\/www.purejewels.com\/","name":"PureJewels \u0130ngiltere","description":"Sevgiyi Payla\u015f\u0131n","publisher":{"@id":"https:\/\/www.purejewels.com\/#organization"},"potentialAction":[{"@type":"SearchAction","target":{"@type":"EntryPoint","urlTemplate":"https:\/\/www.purejewels.com\/?s={search_term_string}"},"query-input":{"@type":"PropertyValueSpecification","valueRequired":true,"valueName":"search_term_string"}}],"inLanguage":"tr"},{"@type":"Organization","@id":"https:\/\/www.purejewels.com\/#organization","name":"PureJewels \u0130ngiltere","url":"https:\/\/www.purejewels.com\/","logo":{"@type":"ImageObject","inLanguage":"tr","@id":"https:\/\/www.purejewels.com\/#\/schema\/logo\/image\/","url":"https:\/\/static.purejewels.com\/wp-content\/uploads\/2020\/11\/Logo-PJ-New-1.png","contentUrl":"https:\/\/static.purejewels.com\/wp-content\/uploads\/2020\/11\/Logo-PJ-New-1.png","width":150,"height":80,"caption":"PureJewels UK"},"image":{"@id":"https:\/\/www.purejewels.com\/#\/schema\/logo\/image\/"}}]}},"_links":{"self":[{"href":"https:\/\/www.purejewels.com\/tr\/wp-json\/wp\/v2\/product\/4570","targetHints":{"allow":["GET"]}}],"collection":[{"href":"https:\/\/www.purejewels.com\/tr\/wp-json\/wp\/v2\/product"}],"about":[{"href":"https:\/\/www.purejewels.com\/tr\/wp-json\/wp\/v2\/types\/product"}],"replies":[{"embeddable":true,"href":"https:\/\/www.purejewels.com\/tr\/wp-json\/wp\/v2\/comments?post=4570"}],"version-history":[{"count":3,"href":"https:\/\/www.purejewels.com\/tr\/wp-json\/wp\/v2\/product\/4570\/revisions"}],"predecessor-version":[{"id":423354,"href":"https:\/\/www.purejewels.com\/tr\/wp-json\/wp\/v2\/product\/4570\/revisions\/423354"}],"wp:featuredmedia":[{"embeddable":true,"href":"https:\/\/www.purejewels.com\/tr\/wp-json\/wp\/v2\/media\/4571"}],"wp:attachment":[{"href":"https:\/\/www.purejewels.com\/tr\/wp-json\/wp\/v2\/media?parent=4570"}],"wp:term":[{"taxonomy":"product_brand","embeddable":true,"href":"https:\/\/www.purejewels.com\/tr\/wp-json\/wp\/v2\/product_brand?post=4570"},{"taxonomy":"product_cat","embeddable":true,"href":"https:\/\/www.purejewels.com\/tr\/wp-json\/wp\/v2\/product_cat?post=4570"},{"taxonomy":"product_tag","embeddable":true,"href":"https:\/\/www.purejewels.com\/tr\/wp-json\/wp\/v2\/product_tag?post=4570"}],"curies":[{"name":"wp","href":"https:\/\/api.w.org\/{rel}","templated":true}]}}