{"id":4580,"date":"2017-07-19T13:31:19","date_gmt":"2017-07-19T12:31:19","guid":{"rendered":"http:\/\/new.purejewels.com\/product\/22ct-gold-ring-3\/"},"modified":"2026-01-06T11:12:43","modified_gmt":"2026-01-06T11:12:43","slug":"22-ayar-altin-yuzuk-3","status":"publish","type":"product","link":"https:\/\/www.purejewels.com\/tr\/product\/22ct-gold-ring-3\/","title":{"rendered":"22 ayar alt\u0131n telkari kubbe y\u00fcz\u00fck \u2013 Karma\u015f\u0131k ajurlu tasar\u0131m"},"content":{"rendered":"<p><strong>Tasar\u0131m:<\/strong><br \/>\nBu dikkat \u00e7ekici y\u00fcz\u00fck, \u00e7arp\u0131c\u0131 bir telkari kafes deseniyle i\u015flenmi\u015f b\u00fcy\u00fck ve karma\u015f\u0131k bir kubbe ile geleneksel kuyumculu\u011fun \u00f6z\u00fcn\u00fc yans\u0131t\u0131yor. Y\u00fcz\u00fc\u011f\u00fcn band\u0131 da s\u00fcsl\u00fc temay\u0131 yans\u0131tarak uyumlu ve l\u00fcks bir par\u00e7a olu\u015fturuyor.<\/p>\n<p><strong>\u0130\u015f\u00e7ilik:<\/strong><br \/>\nSaf el yap\u0131m\u0131 <a href=\"https:\/\/www.purejewels.com\/tr\/product\/22ct-gold-jali-filigree-ring-jali-collection-31926\/\">22ct<\/a> Sar\u0131 alt\u0131n, bu y\u00fcz\u00fck eski filigran sanat\u0131n\u0131 modern hassasiyetle sergiliyor. Hafif ancak g\u00f6rsel olarak etkileyici olan bu y\u00fcz\u00fck, k\u00fclt\u00fcrel miras\u0131 asil zarafetle harmanl\u0131yor.<\/p>\n<p><strong>\u0130lham kayna\u011f\u0131:<\/strong><br \/>\nHint ve Orta Do\u011fu kraliyet m\u00fccevherlerinden esinlenen bu tasar\u0131m, ihti\u015fam\u0131 ve detaylar\u0131 \u00f6n plana \u00e7\u0131kar\u0131yor. \u00d6zel g\u00fcnler, d\u00fc\u011f\u00fcnler veya dikkat \u00e7ekici bir hediye olarak ideal.<\/p>","protected":false},"excerpt":{"rendered":"<p>Y\u00fcksek kubbe ve a\u00e7\u0131k kafes tasar\u0131ml\u0131, \u00f6zel g\u00fcnler ve geleneksel k\u0131yafetler i\u00e7in ideal olan zarif 22 ayar alt\u0131n telkari y\u00fcz\u00fck.<\/p>\n<ul>\n<li>22 Ayar Alt\u0131n Bayan Y\u00fcz\u00fck<\/li>\n<li>Telkari tasar\u0131m<\/li>\n<li>A\u011f\u0131rl\u0131k: 4,5 grms<\/li>\n<li>\u00a0SKU: 25615<\/li>\n<li>Londra Tahlil Ofisi Taraf\u0131ndan Damgalanm\u0131\u015f 22 Ayar Alt\u0131n<\/li>\n<li>Sunum Kutusu ile Birlikte Gelir<\/li>\n<li>Teslimat Dahil<\/li>\n<li>T\u00fcm fiyatlara KDV dahildir<\/li>\n<li>Stok durumu ve stokta bulunan benzer tasar\u0131mlar\u0131n daha fazla g\u00f6r\u00fcnt\u00fcs\u00fc i\u00e7in bizimle canl\u0131 sohbet edin<\/li>\n<\/ul>","protected":false},"featured_media":315631,"comment_status":"closed","ping_status":"closed","template":"","meta":{"_eb_attr":"","_crsspst_to_jayantr4sg-hostcom":false},"product_brand":[],"product_cat":[1235],"product_tag":[],"class_list":{"0":"post-4580","1":"product","2":"type-product","3":"status-publish","4":"has-post-thumbnail","6":"product_cat-gold-rings","8":"first","9":"outofstock","10":"taxable","11":"shipping-taxable","12":"product-type-simple","13":"add-to-wishlist-before_image"},"yoast_head":"<!-- This site is optimized with the Yoast SEO plugin v27.3 - https:\/\/yoast.com\/product\/yoast-seo-wordpress\/ -->\n<title>22ct Gold Filigree Ring | Intricate Dome Statement Ring<\/title>\n<meta name=\"description\" content=\"Discover timeless craftsmanship with this 22ct gold filigree ring, featuring a bold dome design and intricate openwork pattern. Perfect for bridal or festive wear.\" \/>\n<meta name=\"robots\" content=\"index, follow, max-snippet:-1, max-image-preview:large, max-video-preview:-1\" \/>\n<link rel=\"canonical\" href=\"https:\/\/www.purejewels.com\/tr\/urun\/22-ayar-altin-yuzuk-3\/\" \/>\n<meta property=\"og:locale\" content=\"tr_TR\" \/>\n<meta property=\"og:type\" content=\"article\" \/>\n<meta property=\"og:title\" content=\"22ct Gold Filigree Ring | Intricate Dome Statement Ring\" \/>\n<meta property=\"og:description\" content=\"Discover timeless craftsmanship with this 22ct gold filigree ring, featuring a bold dome design and intricate openwork pattern. Perfect for bridal or festive wear.\" \/>\n<meta property=\"og:url\" content=\"https:\/\/www.purejewels.com\/tr\/urun\/22-ayar-altin-yuzuk-3\/\" \/>\n<meta property=\"og:site_name\" content=\"PureJewels UK\" \/>\n<meta property=\"article:modified_time\" content=\"2026-01-06T11:12:43+00:00\" \/>\n<meta property=\"og:image\" content=\"https:\/\/static.purejewels.com\/wp-content\/uploads\/2020\/07\/136616327.jpg\" \/>\n\t<meta property=\"og:image:width\" content=\"1080\" \/>\n\t<meta property=\"og:image:height\" content=\"1080\" \/>\n\t<meta property=\"og:image:type\" content=\"image\/jpeg\" \/>\n<meta name=\"twitter:card\" content=\"summary_large_image\" \/>\n<meta name=\"twitter:label1\" content=\"Tahmini okuma s\u00fcresi\" \/>\n\t<meta name=\"twitter:data1\" content=\"1 dakika\" \/>\n<script type=\"application\/ld+json\" class=\"yoast-schema-graph\">{\"@context\":\"https:\\\/\\\/schema.org\",\"@graph\":[{\"@type\":[\"WebPage\",\"ItemPage\"],\"@id\":\"https:\\\/\\\/www.purejewels.com\\\/product\\\/22ct-gold-ring-3\\\/\",\"url\":\"https:\\\/\\\/www.purejewels.com\\\/product\\\/22ct-gold-ring-3\\\/\",\"name\":\"22ct Gold Filigree Ring | Intricate Dome Statement Ring\",\"isPartOf\":{\"@id\":\"https:\\\/\\\/www.purejewels.com\\\/#website\"},\"primaryImageOfPage\":{\"@id\":\"https:\\\/\\\/www.purejewels.com\\\/product\\\/22ct-gold-ring-3\\\/#primaryimage\"},\"image\":{\"@id\":\"https:\\\/\\\/www.purejewels.com\\\/product\\\/22ct-gold-ring-3\\\/#primaryimage\"},\"thumbnailUrl\":\"https:\\\/\\\/static.purejewels.com\\\/wp-content\\\/uploads\\\/2020\\\/07\\\/136616327.jpg\",\"datePublished\":\"2017-07-19T12:31:19+00:00\",\"dateModified\":\"2026-01-06T11:12:43+00:00\",\"description\":\"Discover timeless craftsmanship with this 22ct gold filigree ring, featuring a bold dome design and intricate openwork pattern. Perfect for bridal or festive wear.\",\"breadcrumb\":{\"@id\":\"https:\\\/\\\/www.purejewels.com\\\/product\\\/22ct-gold-ring-3\\\/#breadcrumb\"},\"inLanguage\":\"tr\",\"potentialAction\":[{\"@type\":\"ReadAction\",\"target\":[\"https:\\\/\\\/www.purejewels.com\\\/product\\\/22ct-gold-ring-3\\\/\"]}]},{\"@type\":\"ImageObject\",\"inLanguage\":\"tr\",\"@id\":\"https:\\\/\\\/www.purejewels.com\\\/product\\\/22ct-gold-ring-3\\\/#primaryimage\",\"url\":\"https:\\\/\\\/static.purejewels.com\\\/wp-content\\\/uploads\\\/2020\\\/07\\\/136616327.jpg\",\"contentUrl\":\"https:\\\/\\\/static.purejewels.com\\\/wp-content\\\/uploads\\\/2020\\\/07\\\/136616327.jpg\",\"width\":1080,\"height\":1080},{\"@type\":\"BreadcrumbList\",\"@id\":\"https:\\\/\\\/www.purejewels.com\\\/product\\\/22ct-gold-ring-3\\\/#breadcrumb\",\"itemListElement\":[{\"@type\":\"ListItem\",\"position\":1,\"name\":\"Home\",\"item\":\"https:\\\/\\\/www.purejewels.com\\\/\"},{\"@type\":\"ListItem\",\"position\":2,\"name\":\"Shop\",\"item\":\"https:\\\/\\\/www.purejewels.com\\\/shop\\\/\"},{\"@type\":\"ListItem\",\"position\":3,\"name\":\"22ct Gold Filigree Dome Ring \u2013 Intricate Openwork Design\"}]},{\"@type\":\"WebSite\",\"@id\":\"https:\\\/\\\/www.purejewels.com\\\/#website\",\"url\":\"https:\\\/\\\/www.purejewels.com\\\/\",\"name\":\"PureJewels UK\",\"description\":\"Share the Love\",\"publisher\":{\"@id\":\"https:\\\/\\\/www.purejewels.com\\\/#organization\"},\"potentialAction\":[{\"@type\":\"SearchAction\",\"target\":{\"@type\":\"EntryPoint\",\"urlTemplate\":\"https:\\\/\\\/www.purejewels.com\\\/?s={search_term_string}\"},\"query-input\":{\"@type\":\"PropertyValueSpecification\",\"valueRequired\":true,\"valueName\":\"search_term_string\"}}],\"inLanguage\":\"tr\"},{\"@type\":\"Organization\",\"@id\":\"https:\\\/\\\/www.purejewels.com\\\/#organization\",\"name\":\"PureJewels UK\",\"url\":\"https:\\\/\\\/www.purejewels.com\\\/\",\"logo\":{\"@type\":\"ImageObject\",\"inLanguage\":\"tr\",\"@id\":\"https:\\\/\\\/www.purejewels.com\\\/#\\\/schema\\\/logo\\\/image\\\/\",\"url\":\"https:\\\/\\\/static.purejewels.com\\\/wp-content\\\/uploads\\\/2020\\\/11\\\/Logo-PJ-New-1.png\",\"contentUrl\":\"https:\\\/\\\/static.purejewels.com\\\/wp-content\\\/uploads\\\/2020\\\/11\\\/Logo-PJ-New-1.png\",\"width\":150,\"height\":80,\"caption\":\"PureJewels UK\"},\"image\":{\"@id\":\"https:\\\/\\\/www.purejewels.com\\\/#\\\/schema\\\/logo\\\/image\\\/\"}}]}<\/script>\n<!-- \/ Yoast SEO plugin. -->","yoast_head_json":{"title":"22 ayar alt\u0131n telkari y\u00fcz\u00fck | Karma\u015f\u0131k kubbe tasar\u0131ml\u0131 dikkat \u00e7ekici y\u00fcz\u00fck","description":"Cesur kubbe tasar\u0131m\u0131 ve karma\u015f\u0131k ajur deseniyle bu 22 ayar alt\u0131n telkari y\u00fcz\u00fckle zamans\u0131z zanaatkarl\u0131\u011f\u0131 ke\u015ffedin. Gelinlik veya bayram k\u0131yafetleri i\u00e7in m\u00fckemmeldir.","robots":{"index":"index","follow":"follow","max-snippet":"max-snippet:-1","max-image-preview":"max-image-preview:large","max-video-preview":"max-video-preview:-1"},"canonical":"https:\/\/www.purejewels.com\/tr\/urun\/22-ayar-altin-yuzuk-3\/","og_locale":"tr_TR","og_type":"article","og_title":"22ct Gold Filigree Ring | Intricate Dome Statement Ring","og_description":"Discover timeless craftsmanship with this 22ct gold filigree ring, featuring a bold dome design and intricate openwork pattern. Perfect for bridal or festive wear.","og_url":"https:\/\/www.purejewels.com\/tr\/urun\/22-ayar-altin-yuzuk-3\/","og_site_name":"PureJewels UK","article_modified_time":"2026-01-06T11:12:43+00:00","og_image":[{"width":1080,"height":1080,"url":"https:\/\/static.purejewels.com\/wp-content\/uploads\/2020\/07\/136616327.jpg","type":"image\/jpeg"}],"twitter_card":"summary_large_image","twitter_misc":{"Tahmini okuma s\u00fcresi":"1 dakika"},"schema":{"@context":"https:\/\/schema.org","@graph":[{"@type":["WebPage","ItemPage"],"@id":"https:\/\/www.purejewels.com\/product\/22ct-gold-ring-3\/","url":"https:\/\/www.purejewels.com\/product\/22ct-gold-ring-3\/","name":"22 ayar alt\u0131n telkari y\u00fcz\u00fck | Karma\u015f\u0131k kubbe tasar\u0131ml\u0131 dikkat \u00e7ekici y\u00fcz\u00fck","isPartOf":{"@id":"https:\/\/www.purejewels.com\/#website"},"primaryImageOfPage":{"@id":"https:\/\/www.purejewels.com\/product\/22ct-gold-ring-3\/#primaryimage"},"image":{"@id":"https:\/\/www.purejewels.com\/product\/22ct-gold-ring-3\/#primaryimage"},"thumbnailUrl":"https:\/\/static.purejewels.com\/wp-content\/uploads\/2020\/07\/136616327.jpg","datePublished":"2017-07-19T12:31:19+00:00","dateModified":"2026-01-06T11:12:43+00:00","description":"Cesur kubbe tasar\u0131m\u0131 ve karma\u015f\u0131k ajur deseniyle bu 22 ayar alt\u0131n telkari y\u00fcz\u00fckle zamans\u0131z zanaatkarl\u0131\u011f\u0131 ke\u015ffedin. Gelinlik veya bayram k\u0131yafetleri i\u00e7in m\u00fckemmeldir.","breadcrumb":{"@id":"https:\/\/www.purejewels.com\/product\/22ct-gold-ring-3\/#breadcrumb"},"inLanguage":"tr","potentialAction":[{"@type":"ReadAction","target":["https:\/\/www.purejewels.com\/product\/22ct-gold-ring-3\/"]}]},{"@type":"ImageObject","inLanguage":"tr","@id":"https:\/\/www.purejewels.com\/product\/22ct-gold-ring-3\/#primaryimage","url":"https:\/\/static.purejewels.com\/wp-content\/uploads\/2020\/07\/136616327.jpg","contentUrl":"https:\/\/static.purejewels.com\/wp-content\/uploads\/2020\/07\/136616327.jpg","width":1080,"height":1080},{"@type":"BreadcrumbList","@id":"https:\/\/www.purejewels.com\/product\/22ct-gold-ring-3\/#breadcrumb","itemListElement":[{"@type":"ListItem","position":1,"name":"Home","item":"https:\/\/www.purejewels.com\/"},{"@type":"ListItem","position":2,"name":"Shop","item":"https:\/\/www.purejewels.com\/shop\/"},{"@type":"ListItem","position":3,"name":"22ct Gold Filigree Dome Ring \u2013 Intricate Openwork Design"}]},{"@type":"WebSite","@id":"https:\/\/www.purejewels.com\/#website","url":"https:\/\/www.purejewels.com\/","name":"PureJewels \u0130ngiltere","description":"Sevgiyi Payla\u015f\u0131n","publisher":{"@id":"https:\/\/www.purejewels.com\/#organization"},"potentialAction":[{"@type":"SearchAction","target":{"@type":"EntryPoint","urlTemplate":"https:\/\/www.purejewels.com\/?s={search_term_string}"},"query-input":{"@type":"PropertyValueSpecification","valueRequired":true,"valueName":"search_term_string"}}],"inLanguage":"tr"},{"@type":"Organization","@id":"https:\/\/www.purejewels.com\/#organization","name":"PureJewels \u0130ngiltere","url":"https:\/\/www.purejewels.com\/","logo":{"@type":"ImageObject","inLanguage":"tr","@id":"https:\/\/www.purejewels.com\/#\/schema\/logo\/image\/","url":"https:\/\/static.purejewels.com\/wp-content\/uploads\/2020\/11\/Logo-PJ-New-1.png","contentUrl":"https:\/\/static.purejewels.com\/wp-content\/uploads\/2020\/11\/Logo-PJ-New-1.png","width":150,"height":80,"caption":"PureJewels UK"},"image":{"@id":"https:\/\/www.purejewels.com\/#\/schema\/logo\/image\/"}}]}},"_links":{"self":[{"href":"https:\/\/www.purejewels.com\/tr\/wp-json\/wp\/v2\/product\/4580","targetHints":{"allow":["GET"]}}],"collection":[{"href":"https:\/\/www.purejewels.com\/tr\/wp-json\/wp\/v2\/product"}],"about":[{"href":"https:\/\/www.purejewels.com\/tr\/wp-json\/wp\/v2\/types\/product"}],"replies":[{"embeddable":true,"href":"https:\/\/www.purejewels.com\/tr\/wp-json\/wp\/v2\/comments?post=4580"}],"version-history":[{"count":2,"href":"https:\/\/www.purejewels.com\/tr\/wp-json\/wp\/v2\/product\/4580\/revisions"}],"predecessor-version":[{"id":424077,"href":"https:\/\/www.purejewels.com\/tr\/wp-json\/wp\/v2\/product\/4580\/revisions\/424077"}],"wp:featuredmedia":[{"embeddable":true,"href":"https:\/\/www.purejewels.com\/tr\/wp-json\/wp\/v2\/media\/315631"}],"wp:attachment":[{"href":"https:\/\/www.purejewels.com\/tr\/wp-json\/wp\/v2\/media?parent=4580"}],"wp:term":[{"taxonomy":"product_brand","embeddable":true,"href":"https:\/\/www.purejewels.com\/tr\/wp-json\/wp\/v2\/product_brand?post=4580"},{"taxonomy":"product_cat","embeddable":true,"href":"https:\/\/www.purejewels.com\/tr\/wp-json\/wp\/v2\/product_cat?post=4580"},{"taxonomy":"product_tag","embeddable":true,"href":"https:\/\/www.purejewels.com\/tr\/wp-json\/wp\/v2\/product_tag?post=4580"}],"curies":[{"name":"wp","href":"https:\/\/api.w.org\/{rel}","templated":true}]}}