{"id":4606,"date":"2017-07-19T14:32:26","date_gmt":"2017-07-19T13:32:26","guid":{"rendered":"http:\/\/new.purejewels.com\/product\/22ct-gold-bangle-with-meenakari\/"},"modified":"2026-01-10T16:15:26","modified_gmt":"2026-01-10T16:15:26","slug":"meenakari-ile-22-ayar-altin-bileklik","status":"publish","type":"product","link":"https:\/\/www.purejewels.com\/tr\/product\/22ct-gold-bangle-with-meenakari\/","title":{"rendered":"22 Ayar Alt\u0131n Jali Bileklikler"},"content":{"rendered":"<p>Uzaktan bak\u0131ld\u0131\u011f\u0131nda, kolunuzda dans eden bir yakut ve alt\u0131n \u0131\u015f\u0131lt\u0131s\u0131.  Yak\u0131ndan, bu ho\u015f, <a href=\"https:\/\/www.purejewels.com\/tr\/product\/22ct-gold-bangle-28063\/\">22 ayar alt\u0131n bileklik<\/a> yakut k\u0131rm\u0131z\u0131s\u0131 ve z\u00fcmr\u00fct ye\u015fili parlak mine (Meenakari) ile ince bir \u015fekilde detayland\u0131r\u0131lm\u0131\u015ft\u0131r.  \u0130ran'dan Hindistan'a 400 y\u0131l \u00f6nce gelen, Bab\u00fcrl\u00fcler taraf\u0131ndan sevilen ve g\u00fcn\u00fcm\u00fczde sayg\u0131 duyulan bir zanaat olan bu geleneksel tekni\u011fi \u00e7ok seviyoruz.  (Bir kuyumcuyu mine uygularken izledi\u011finizde ne kadar b\u00fcy\u00fck bir beceri gerektirdi\u011fini g\u00f6receksiniz).  Bu alt\u0131n Meenakari bileklik \u00f6m\u00fcrl\u00fck bir par\u00e7a olup \u00f6zel g\u00fcnler i\u00e7in m\u00fckemmeldir ve gelecek nesiller taraf\u0131ndan da \u00e7ok sevilece\u011finden emin olabilirsiniz.<\/p>\n<ul>\n<li>22 Ayar Alt\u0131n Tekli Meenakari Bileklikler<\/li>\n<li>A\u011f\u0131rl\u0131k: 17,8 g<\/li>\n<li>Ye\u015fil ve K\u0131rm\u0131z\u0131 Mine \u0130\u015fli<\/li>\n<li>Londra Tahlil Ofisi Taraf\u0131ndan Damgalanm\u0131\u015f 22 Ayar Alt\u0131n<\/li>\n<li>Sunum Kutusu ile Birlikte Gelir<\/li>\n<li>Teslimat Dahil<\/li>\n<li>T\u00fcm fiyatlara KDV dahildir<\/li>\n<li>Stok durumu ve stokta bulunan benzer tasar\u0131mlar\u0131n daha fazla g\u00f6r\u00fcnt\u00fcs\u00fc i\u00e7in bizimle canl\u0131 sohbet edin<\/li>\n<\/ul>\n<p><strong>\u00a0<\/strong><\/p>\n<p><strong>22 Ayar Alt\u0131n Meenakari Bilezikler<br \/>\n<\/strong>\u0130nternetten \u00f6nce m\u00fccevher ustalar\u0131n\u0131n s\u0131rlar\u0131 ki\u015fiden ki\u015fiye aktar\u0131l\u0131rd\u0131; bir tekni\u011fi ancak \u015fahit olarak \u00f6\u011frenebilirdiniz.   Ve bu al\u0131\u015fkanl\u0131k Meenakari'yi y\u00fczlerce y\u0131l Jaipur'da tuttu - o\u011fullar ve torunlar b\u00fcy\u00fcklerinden \u00f6\u011frendiler ve p\u0131r\u0131l p\u0131r\u0131l emaye i\u015fi yaratmak i\u00e7in macun s\u00fcrmenin ve ard\u0131ndan pi\u015firmenin b\u00fcy\u00fcl\u00fc sanat\u0131n\u0131 uygulad\u0131lar.<\/p>\n<p>Hint kraliyeti ve prestijiyle ili\u015fkilendirilen Meenakari bilezikler kutlamalar i\u00e7in m\u00fckemmeldir.  Bizim 22ct <a href=\"https:\/\/www.purejewels.com\/tr\/product\/jali-collection-22ct-gold-bridal-kada\/\">alt\u0131n bilezikler<\/a> Meenakari ile yap\u0131lanlar ger\u00e7ekten \u00f6zeldir: her biri biraz farkl\u0131d\u0131r, bu nedenle sizinki t\u0131pk\u0131 Bab\u00fcr d\u00f6neminde oldu\u011fu gibi bireysel olacakt\u0131r.<\/p>\n<p><strong>22 Ayar Alt\u0131n Bileklikler<\/strong><br \/>\nUnutulmaz bir hediye ar\u0131yorsan\u0131z, 22 ayar alt\u0131n bilekliklerimiz b\u00fcy\u00fck bir hayranl\u0131k uyand\u0131rmay\u0131 garanti ediyor.  Otantik Hint bilekliklerinde uzman\u0131z, \u00e7ok y\u00fcksek standartlar\u0131m\u0131za g\u00f6re ve genellikle \u00e7a\u011fda\u015f bir dokunu\u015fla \u00fcretiyoruz.  Muhte\u015fem mine i\u015f\u00e7ili\u011fiyle \u00f6zenle s\u00fcslenmi\u015f alt\u0131n Meenakari bilekliklerimiz, ge\u00e7mi\u015finize ba\u011fl\u0131 hissetmek istedi\u011finiz g\u00fcnler i\u00e7in tarih kitaplar\u0131ndaki klasiklerden \u00e7ok da farkl\u0131 de\u011fil.<\/p>","protected":false},"excerpt":{"rendered":"<ul>\n<li>22 Ayar Alt\u0131n Jali Telkari Bileklikler<\/li>\n<li>\u00a0A\u011f\u0131rl\u0131k: 17,8 gms<\/li>\n<li>Ye\u015fil ve K\u0131rm\u0131z\u0131 Mine \u0130\u015fli<\/li>\n<li>Londra Tahlil Ofisi Taraf\u0131ndan Damgalanm\u0131\u015f 22 Ayar Alt\u0131n<\/li>\n<li>Sunum Kutusu ile Birlikte Gelir<\/li>\n<li>Teslimat Dahil<\/li>\n<li>T\u00fcm fiyatlara KDV dahildir<\/li>\n<li>Stok durumu ve stokta bulunan benzer tasar\u0131mlar\u0131n daha fazla g\u00f6r\u00fcnt\u00fcs\u00fc i\u00e7in bizimle canl\u0131 sohbet edin<\/li>\n<\/ul>","protected":false},"featured_media":4607,"comment_status":"closed","ping_status":"closed","template":"","meta":{"_eb_attr":"","_crsspst_to_jayantr4sg-hostcom":true},"product_brand":[],"product_cat":[252,1657,1574],"product_tag":[1514,1502,63,1521],"class_list":{"0":"post-4606","1":"product","2":"type-product","3":"status-publish","4":"has-post-thumbnail","6":"product_cat-jali-collections","7":"product_cat-single-bangle","8":"product_cat-womens-jewellery","9":"product_tag-bangles","10":"product_tag-filigree","11":"product_tag-gold","12":"product_tag-kada","14":"first","15":"outofstock","16":"product-type-simple","17":"add-to-wishlist-before_image"},"yoast_head":"<!-- This site is optimized with the Yoast SEO plugin v27.3 - https:\/\/yoast.com\/product\/yoast-seo-wordpress\/ -->\n<title>22ct Gold Jali Bangles - PureJewels UK<\/title>\n<meta name=\"robots\" content=\"index, follow, max-snippet:-1, max-image-preview:large, max-video-preview:-1\" \/>\n<link rel=\"canonical\" href=\"https:\/\/www.purejewels.com\/tr\/urun\/meenakari-ile-22-ayar-altin-bileklik\/\" \/>\n<meta property=\"og:locale\" content=\"tr_TR\" \/>\n<meta property=\"og:type\" content=\"article\" \/>\n<meta property=\"og:title\" content=\"22ct Gold Jali Bangles - PureJewels UK\" \/>\n<meta property=\"og:description\" content=\"22ct Gold Jali Filigree Bangles  \u00a0Wt : 17.8 gms  With Green and Red Enamel Work  22ct Gold\u00a0Hallmarked by London Assay Office  Comes With Presentation Box  Delivery Included  All prices include VAT  Live chat with us for availability and more images of similar designs currently in stock\" \/>\n<meta property=\"og:url\" content=\"https:\/\/www.purejewels.com\/tr\/urun\/meenakari-ile-22-ayar-altin-bileklik\/\" \/>\n<meta property=\"og:site_name\" content=\"PureJewels UK\" \/>\n<meta property=\"article:modified_time\" content=\"2026-01-10T16:15:26+00:00\" \/>\n<meta property=\"og:image\" content=\"https:\/\/www.purejewels.com\/wp-content\/uploads\/2017\/07\/bangle11-2.png\" \/>\n\t<meta property=\"og:image:width\" content=\"2048\" \/>\n\t<meta property=\"og:image:height\" content=\"2048\" \/>\n\t<meta property=\"og:image:type\" content=\"image\/png\" \/>\n<meta name=\"twitter:card\" content=\"summary_large_image\" \/>\n<meta name=\"twitter:label1\" content=\"Tahmini okuma s\u00fcresi\" \/>\n\t<meta name=\"twitter:data1\" content=\"2 dakika\" \/>\n<script type=\"application\/ld+json\" class=\"yoast-schema-graph\">{\"@context\":\"https:\\\/\\\/schema.org\",\"@graph\":[{\"@type\":[\"WebPage\",\"ItemPage\"],\"@id\":\"https:\\\/\\\/www.purejewels.com\\\/product\\\/22ct-gold-bangle-with-meenakari\\\/\",\"url\":\"https:\\\/\\\/www.purejewels.com\\\/product\\\/22ct-gold-bangle-with-meenakari\\\/\",\"name\":\"22ct Gold Jali Bangles - PureJewels UK\",\"isPartOf\":{\"@id\":\"https:\\\/\\\/www.purejewels.com\\\/#website\"},\"primaryImageOfPage\":{\"@id\":\"https:\\\/\\\/www.purejewels.com\\\/product\\\/22ct-gold-bangle-with-meenakari\\\/#primaryimage\"},\"image\":{\"@id\":\"https:\\\/\\\/www.purejewels.com\\\/product\\\/22ct-gold-bangle-with-meenakari\\\/#primaryimage\"},\"thumbnailUrl\":\"https:\\\/\\\/static.purejewels.com\\\/wp-content\\\/uploads\\\/2017\\\/07\\\/bangle11-2.png\",\"datePublished\":\"2017-07-19T13:32:26+00:00\",\"dateModified\":\"2026-01-10T16:15:26+00:00\",\"breadcrumb\":{\"@id\":\"https:\\\/\\\/www.purejewels.com\\\/product\\\/22ct-gold-bangle-with-meenakari\\\/#breadcrumb\"},\"inLanguage\":\"tr\",\"potentialAction\":[{\"@type\":\"ReadAction\",\"target\":[\"https:\\\/\\\/www.purejewels.com\\\/product\\\/22ct-gold-bangle-with-meenakari\\\/\"]}]},{\"@type\":\"ImageObject\",\"inLanguage\":\"tr\",\"@id\":\"https:\\\/\\\/www.purejewels.com\\\/product\\\/22ct-gold-bangle-with-meenakari\\\/#primaryimage\",\"url\":\"https:\\\/\\\/static.purejewels.com\\\/wp-content\\\/uploads\\\/2017\\\/07\\\/bangle11-2.png\",\"contentUrl\":\"https:\\\/\\\/static.purejewels.com\\\/wp-content\\\/uploads\\\/2017\\\/07\\\/bangle11-2.png\",\"width\":2048,\"height\":2048,\"caption\":\"bangle11.png\"},{\"@type\":\"BreadcrumbList\",\"@id\":\"https:\\\/\\\/www.purejewels.com\\\/product\\\/22ct-gold-bangle-with-meenakari\\\/#breadcrumb\",\"itemListElement\":[{\"@type\":\"ListItem\",\"position\":1,\"name\":\"Home\",\"item\":\"https:\\\/\\\/www.purejewels.com\\\/\"},{\"@type\":\"ListItem\",\"position\":2,\"name\":\"Shop\",\"item\":\"https:\\\/\\\/www.purejewels.com\\\/shop\\\/\"},{\"@type\":\"ListItem\",\"position\":3,\"name\":\"22ct Gold Jali Bangles\"}]},{\"@type\":\"WebSite\",\"@id\":\"https:\\\/\\\/www.purejewels.com\\\/#website\",\"url\":\"https:\\\/\\\/www.purejewels.com\\\/\",\"name\":\"PureJewels UK\",\"description\":\"Share the Love\",\"publisher\":{\"@id\":\"https:\\\/\\\/www.purejewels.com\\\/#organization\"},\"potentialAction\":[{\"@type\":\"SearchAction\",\"target\":{\"@type\":\"EntryPoint\",\"urlTemplate\":\"https:\\\/\\\/www.purejewels.com\\\/?s={search_term_string}\"},\"query-input\":{\"@type\":\"PropertyValueSpecification\",\"valueRequired\":true,\"valueName\":\"search_term_string\"}}],\"inLanguage\":\"tr\"},{\"@type\":\"Organization\",\"@id\":\"https:\\\/\\\/www.purejewels.com\\\/#organization\",\"name\":\"PureJewels UK\",\"url\":\"https:\\\/\\\/www.purejewels.com\\\/\",\"logo\":{\"@type\":\"ImageObject\",\"inLanguage\":\"tr\",\"@id\":\"https:\\\/\\\/www.purejewels.com\\\/#\\\/schema\\\/logo\\\/image\\\/\",\"url\":\"https:\\\/\\\/static.purejewels.com\\\/wp-content\\\/uploads\\\/2020\\\/11\\\/Logo-PJ-New-1.png\",\"contentUrl\":\"https:\\\/\\\/static.purejewels.com\\\/wp-content\\\/uploads\\\/2020\\\/11\\\/Logo-PJ-New-1.png\",\"width\":150,\"height\":80,\"caption\":\"PureJewels UK\"},\"image\":{\"@id\":\"https:\\\/\\\/www.purejewels.com\\\/#\\\/schema\\\/logo\\\/image\\\/\"}}]}<\/script>\n<!-- \/ Yoast SEO plugin. -->","yoast_head_json":{"title":"22 Ayar Alt\u0131n Jali Bileklikler - PureJewels UK","robots":{"index":"index","follow":"follow","max-snippet":"max-snippet:-1","max-image-preview":"max-image-preview:large","max-video-preview":"max-video-preview:-1"},"canonical":"https:\/\/www.purejewels.com\/tr\/urun\/meenakari-ile-22-ayar-altin-bileklik\/","og_locale":"tr_TR","og_type":"article","og_title":"22ct Gold Jali Bangles - PureJewels UK","og_description":"22ct Gold Jali Filigree Bangles  \u00a0Wt : 17.8 gms  With Green and Red Enamel Work  22ct Gold\u00a0Hallmarked by London Assay Office  Comes With Presentation Box  Delivery Included  All prices include VAT  Live chat with us for availability and more images of similar designs currently in stock","og_url":"https:\/\/www.purejewels.com\/tr\/urun\/meenakari-ile-22-ayar-altin-bileklik\/","og_site_name":"PureJewels UK","article_modified_time":"2026-01-10T16:15:26+00:00","og_image":[{"width":2048,"height":2048,"url":"https:\/\/www.purejewels.com\/wp-content\/uploads\/2017\/07\/bangle11-2.png","type":"image\/png"}],"twitter_card":"summary_large_image","twitter_misc":{"Tahmini okuma s\u00fcresi":"2 dakika"},"schema":{"@context":"https:\/\/schema.org","@graph":[{"@type":["WebPage","ItemPage"],"@id":"https:\/\/www.purejewels.com\/product\/22ct-gold-bangle-with-meenakari\/","url":"https:\/\/www.purejewels.com\/product\/22ct-gold-bangle-with-meenakari\/","name":"22 Ayar Alt\u0131n Jali Bileklikler - PureJewels UK","isPartOf":{"@id":"https:\/\/www.purejewels.com\/#website"},"primaryImageOfPage":{"@id":"https:\/\/www.purejewels.com\/product\/22ct-gold-bangle-with-meenakari\/#primaryimage"},"image":{"@id":"https:\/\/www.purejewels.com\/product\/22ct-gold-bangle-with-meenakari\/#primaryimage"},"thumbnailUrl":"https:\/\/static.purejewels.com\/wp-content\/uploads\/2017\/07\/bangle11-2.png","datePublished":"2017-07-19T13:32:26+00:00","dateModified":"2026-01-10T16:15:26+00:00","breadcrumb":{"@id":"https:\/\/www.purejewels.com\/product\/22ct-gold-bangle-with-meenakari\/#breadcrumb"},"inLanguage":"tr","potentialAction":[{"@type":"ReadAction","target":["https:\/\/www.purejewels.com\/product\/22ct-gold-bangle-with-meenakari\/"]}]},{"@type":"ImageObject","inLanguage":"tr","@id":"https:\/\/www.purejewels.com\/product\/22ct-gold-bangle-with-meenakari\/#primaryimage","url":"https:\/\/static.purejewels.com\/wp-content\/uploads\/2017\/07\/bangle11-2.png","contentUrl":"https:\/\/static.purejewels.com\/wp-content\/uploads\/2017\/07\/bangle11-2.png","width":2048,"height":2048,"caption":"bangle11.png"},{"@type":"BreadcrumbList","@id":"https:\/\/www.purejewels.com\/product\/22ct-gold-bangle-with-meenakari\/#breadcrumb","itemListElement":[{"@type":"ListItem","position":1,"name":"Home","item":"https:\/\/www.purejewels.com\/"},{"@type":"ListItem","position":2,"name":"Shop","item":"https:\/\/www.purejewels.com\/shop\/"},{"@type":"ListItem","position":3,"name":"22ct Gold Jali Bangles"}]},{"@type":"WebSite","@id":"https:\/\/www.purejewels.com\/#website","url":"https:\/\/www.purejewels.com\/","name":"PureJewels \u0130ngiltere","description":"Sevgiyi Payla\u015f\u0131n","publisher":{"@id":"https:\/\/www.purejewels.com\/#organization"},"potentialAction":[{"@type":"SearchAction","target":{"@type":"EntryPoint","urlTemplate":"https:\/\/www.purejewels.com\/?s={search_term_string}"},"query-input":{"@type":"PropertyValueSpecification","valueRequired":true,"valueName":"search_term_string"}}],"inLanguage":"tr"},{"@type":"Organization","@id":"https:\/\/www.purejewels.com\/#organization","name":"PureJewels \u0130ngiltere","url":"https:\/\/www.purejewels.com\/","logo":{"@type":"ImageObject","inLanguage":"tr","@id":"https:\/\/www.purejewels.com\/#\/schema\/logo\/image\/","url":"https:\/\/static.purejewels.com\/wp-content\/uploads\/2020\/11\/Logo-PJ-New-1.png","contentUrl":"https:\/\/static.purejewels.com\/wp-content\/uploads\/2020\/11\/Logo-PJ-New-1.png","width":150,"height":80,"caption":"PureJewels UK"},"image":{"@id":"https:\/\/www.purejewels.com\/#\/schema\/logo\/image\/"}}]}},"_links":{"self":[{"href":"https:\/\/www.purejewels.com\/tr\/wp-json\/wp\/v2\/product\/4606","targetHints":{"allow":["GET"]}}],"collection":[{"href":"https:\/\/www.purejewels.com\/tr\/wp-json\/wp\/v2\/product"}],"about":[{"href":"https:\/\/www.purejewels.com\/tr\/wp-json\/wp\/v2\/types\/product"}],"replies":[{"embeddable":true,"href":"https:\/\/www.purejewels.com\/tr\/wp-json\/wp\/v2\/comments?post=4606"}],"version-history":[{"count":1,"href":"https:\/\/www.purejewels.com\/tr\/wp-json\/wp\/v2\/product\/4606\/revisions"}],"predecessor-version":[{"id":385333,"href":"https:\/\/www.purejewels.com\/tr\/wp-json\/wp\/v2\/product\/4606\/revisions\/385333"}],"wp:featuredmedia":[{"embeddable":true,"href":"https:\/\/www.purejewels.com\/tr\/wp-json\/wp\/v2\/media\/4607"}],"wp:attachment":[{"href":"https:\/\/www.purejewels.com\/tr\/wp-json\/wp\/v2\/media?parent=4606"}],"wp:term":[{"taxonomy":"product_brand","embeddable":true,"href":"https:\/\/www.purejewels.com\/tr\/wp-json\/wp\/v2\/product_brand?post=4606"},{"taxonomy":"product_cat","embeddable":true,"href":"https:\/\/www.purejewels.com\/tr\/wp-json\/wp\/v2\/product_cat?post=4606"},{"taxonomy":"product_tag","embeddable":true,"href":"https:\/\/www.purejewels.com\/tr\/wp-json\/wp\/v2\/product_tag?post=4606"}],"curies":[{"name":"wp","href":"https:\/\/api.w.org\/{rel}","templated":true}]}}